{"id":2412,"date":"2022-04-06T11:49:19","date_gmt":"2022-04-06T09:49:19","guid":{"rendered":"https:\/\/swissworktime.ch\/?page_id=2412"},"modified":"2026-02-19T15:35:00","modified_gmt":"2026-02-19T14:35:00","slug":"referenzen","status":"publish","type":"page","link":"https:\/\/swissworktime.ch\/de\/referenzen\/","title":{"rendered":"Referenzen"},"content":{"rendered":"<p>[et_pb_section fb_built=&#8220;1&#8243; _builder_version=&#8220;4.24.2&#8243; _module_preset=&#8220;default&#8220; background_image=&#8220;https:\/\/swissworktime.ch\/wp-content\/uploads\/2024\/05\/swissworktime_horloge_1920x745.png&#8220; custom_padding=&#8220;110px||110px||true|false&#8220; global_colors_info=&#8220;{}&#8220;][et_pb_row column_structure=&#8220;2_5,3_5&#8243; _builder_version=&#8220;4.24.2&#8243; _module_preset=&#8220;default&#8220; width=&#8220;95%&#8220; max_width=&#8220;2560px&#8220; global_colors_info=&#8220;{}&#8220;][et_pb_column type=&#8220;2_5&#8243; _builder_version=&#8220;4.24.2&#8243; _module_preset=&#8220;default&#8220; pac_dcm_carousel_specific_module_num=&#8220;0&#8243; global_colors_info=&#8220;{}&#8220;][et_pb_image src=&#8220;https:\/\/swissworktime.ch\/wp-content\/uploads\/2024\/05\/9-BRUNCARRE-BLANCldpi.svg&#8220; alt=&#8220;ic\u00f4ne d\u00e9compte<br \/>\n        &#8220; title_text=&#8220;9 BRUNCARRE BLANCldpi<br \/>\n        &#8220; align=&#8220;right&#8220; _builder_version=&#8220;4.24.2&#8243; _module_preset=&#8220;default&#8220; height=&#8220;216px&#8220; global_colors_info=&#8220;{}&#8220;][\/et_pb_image][\/et_pb_column][et_pb_column type=&#8220;3_5&#8243; _builder_version=&#8220;4.24.2&#8243; _module_preset=&#8220;default&#8220; pac_dcm_carousel_specific_module_num=&#8220;0&#8243; global_colors_info=&#8220;{}&#8220;][et_pb_text _builder_version=&#8220;4.25.1&#8243; _module_preset=&#8220;default&#8220; text_font=&#8220;Proza Libre||||||||&#8220; text_text_color=&#8220;#000000&#8243; text_font_size=&#8220;30px&#8220; header_font=&#8220;|700|||||||&#8220; header_text_align=&#8220;left&#8220; header_text_color=&#8220;#FFFFFF&#8220; header_font_size=&#8220;40px&#8220; header_2_font=&#8220;Proza Libre|700|||||||&#8220; header_2_text_align=&#8220;center&#8220; header_2_text_color=&#8220;#000000&#8243; header_2_font_size=&#8220;40px&#8220; text_orientation=&#8220;center&#8220; custom_padding=&#8220;15px|||||&#8220; text_line_height_tablet=&#8220;&#8220; text_line_height_phone=&#8220;1.5em&#8220; text_line_height_last_edited=&#8220;on|phone&#8220; header_font_size_tablet=&#8220;36px&#8220; header_font_size_phone=&#8220;32px&#8220; header_font_size_last_edited=&#8220;on|phone&#8220; header_2_font_size_tablet=&#8220;36px&#8220; header_2_font_size_phone=&#8220;32px&#8220; header_2_font_size_last_edited=&#8220;on|phone&#8220; global_colors_info=&#8220;{}&#8220;]<\/p>\n<h1>Diese Kunden vertrauen uns<br \/>\n        <\/h1>\n<p>[\/et_pb_text][\/et_pb_column][\/et_pb_row][\/et_pb_section][et_pb_section fb_built=&#8220;1&#8243; _builder_version=&#8220;4.16&#8243; _module_preset=&#8220;default&#8220; global_colors_info=&#8220;{}&#8220;][et_pb_row use_custom_gutter=&#8220;on&#8220; gutter_width=&#8220;2&#8243; make_equal=&#8220;on&#8220; disabled_on=&#8220;off|off|off&#8220; _builder_version=&#8220;4.24.2&#8243; _module_preset=&#8220;default&#8220; width=&#8220;90%&#8220; width_tablet=&#8220;90%&#8220; width_phone=&#8220;90%&#8220; width_last_edited=&#8220;on|phone&#8220; max_width=&#8220;1200px&#8220; max_width_tablet=&#8220;1300px&#8220; max_width_phone=&#8220;100%&#8220; max_width_last_edited=&#8220;on|phone&#8220; module_alignment=&#8220;center&#8220; custom_padding=&#8220;||||false|false&#8220; module_alignment_tablet=&#8220;center&#8220; module_alignment_phone=&#8220;center&#8220; module_alignment_last_edited=&#8220;on|phone&#8220; global_colors_info=&#8220;{}&#8220;][et_pb_column type=&#8220;4_4&#8243; _builder_version=&#8220;4.16&#8243; _module_preset=&#8220;default&#8220; custom_padding_tablet=&#8220;&#8220; custom_padding_phone=&#8220;&#8220; custom_padding_last_edited=&#8220;on|desktop&#8220; custom_css_main_element=&#8220;margin:auto;&#8220; pac_dcm_carousel_specific_module_num=&#8220;0&#8243; global_colors_info=&#8220;{}&#8220;][et_pb_text _builder_version=&#8220;4.27.5&#8243; _module_preset=&#8220;default&#8220; header_3_font=&#8220;|600|||||||&#8220; header_3_text_align=&#8220;center&#8220; header_3_font_size=&#8220;30px&#8220; hover_enabled=&#8220;0&#8243; header_3_font_size_tablet=&#8220;30px&#8220; header_3_font_size_phone=&#8220;27px&#8220; header_3_font_size_last_edited=&#8220;on|phone&#8220; global_colors_info=&#8220;{}&#8220; sticky_enabled=&#8220;0&#8243;]<\/p>\n<h3>Entdecken Sie, warum Unternehmen aller Branchen und Gr\u00f6\u00dfenordnungen, von Start-ups bis hin zu Gro\u00dfunternehmen, SwissWorkTime w\u00e4hlen, um ihre Aktivit\u00e4ten zu verfolgen und zu optimieren.<\/h3>\n<p>[\/et_pb_text][et_pb_text _builder_version=&#8220;4.27.5&#8243; _module_preset=&#8220;default&#8220; text_text_color=&#8220;#000000&#8243; text_font_size=&#8220;18px&#8220; header_3_font=&#8220;|600|||||||&#8220; header_3_font_size=&#8220;30px&#8220; text_orientation=&#8220;center&#8220; hover_enabled=&#8220;0&#8243; header_3_font_size_tablet=&#8220;30px&#8220; header_3_font_size_phone=&#8220;27px&#8220; header_3_font_size_last_edited=&#8220;on|phone&#8220; global_colors_info=&#8220;{}&#8220; sticky_enabled=&#8220;0&#8243; link_text_color=&#8220;#000000&#8243; link_font=&#8220;||||on||||&#8220;]<\/p>\n<p><strong>Seine Funktionen, wie die verschiedenen Methoden zur <a href=\"https:\/\/swissworktime.ch\/de\/methoden-der-zeiterfassung\/\">Zeiterfassung<\/a> oder die vereinfachte Erstellung <\/strong><a href=\"https:\/\/swissworktime.ch\/de\/funktionen\/abrechnungen\/\"><strong>personalisierter Abrechnungen<\/strong><\/a>, passen sich den spezifischen Bed\u00fcrfnissen jeder Organisation an.<\/p>\n<p>Zahlreiche Akteure Ihrer Branche vertrauen uns bereits, entdecken Sie sie unten!<\/p>\n<p>[\/et_pb_text][et_pb_text _builder_version=&#8220;4.27.5&#8243; _module_preset=&#8220;default&#8220; text_text_color=&#8220;#000000&#8243; text_font_size=&#8220;18px&#8220; header_3_font=&#8220;|600|||||||&#8220; header_3_font_size=&#8220;30px&#8220; text_orientation=&#8220;center&#8220; hover_enabled=&#8220;0&#8243; header_3_font_size_tablet=&#8220;30px&#8220; header_3_font_size_phone=&#8220;27px&#8220; header_3_font_size_last_edited=&#8220;on|phone&#8220; global_colors_info=&#8220;{}&#8220; sticky_enabled=&#8220;0&#8243;]<\/p>\n<h4>Ver\u00e4ndern auch Sie die Verwaltung Ihres Unternehmens!<\/h4>\n<p>[\/et_pb_text][et_pb_button button_text=&#8220;Testen Sie SwissWorkTime 30 Tage lang kostenlos&#8220; _builder_version=&#8220;4.27.5&#8243; _module_preset=&#8220;default&#8220; button_url=&#8220;https:\/\/www.swissworktime.pro\/deflang\/WebDemo\/WebAccountRequest?origin=references_de&#8220; button_text_size=&#8220;25px&#8220; button_text_color=&#8220;#644D52&#8243; button_bg_color=&#8220;#F1BB10&#8243; button_bg_enable_color=&#8220;on&#8220; button_font=&#8220;|600|||||||&#8220; hover_enabled=&#8220;0&#8243; sticky_enabled=&#8220;0&#8243;][\/et_pb_button][\/et_pb_column][\/et_pb_row][et_pb_row use_custom_gutter=&#8220;on&#8220; gutter_width=&#8220;2&#8243; make_equal=&#8220;on&#8220; disabled_on=&#8220;off|off|off&#8220; _builder_version=&#8220;4.24.2&#8243; _module_preset=&#8220;default&#8220; width=&#8220;90%&#8220; width_tablet=&#8220;90%&#8220; width_phone=&#8220;90%&#8220; width_last_edited=&#8220;on|phone&#8220; max_width=&#8220;1200px&#8220; max_width_tablet=&#8220;1300px&#8220; max_width_phone=&#8220;100%&#8220; max_width_last_edited=&#8220;on|phone&#8220; module_alignment=&#8220;center&#8220; custom_padding=&#8220;||||false|false&#8220; module_alignment_tablet=&#8220;center&#8220; module_alignment_phone=&#8220;center&#8220; module_alignment_last_edited=&#8220;on|phone&#8220; global_colors_info=&#8220;{}&#8220;][et_pb_column type=&#8220;4_4&#8243; _builder_version=&#8220;4.16&#8243; _module_preset=&#8220;default&#8220; custom_padding_tablet=&#8220;&#8220; custom_padding_phone=&#8220;&#8220; custom_padding_last_edited=&#8220;on|desktop&#8220; custom_css_main_element=&#8220;margin:auto;&#8220; pac_dcm_carousel_specific_module_num=&#8220;0&#8243; global_colors_info=&#8220;{}&#8220;][et_pb_text admin_label=&#8220;liste domaines activit\u00e9s&#8220; _builder_version=&#8220;4.27.5&#8243; _module_preset=&#8220;default&#8220; text_text_color=&#8220;#644D52&#8243; text_font_size=&#8220;18px&#8220; text_line_height=&#8220;2.3em&#8220; link_font=&#8220;||||on||||&#8220; link_text_align=&#8220;center&#8220; link_text_color=&#8220;#644D52&#8243; text_orientation=&#8220;center&#8220; hover_enabled=&#8220;0&#8243; text_font_size_tablet=&#8220;&#8220; text_font_size_phone=&#8220;&#8220; text_font_size_last_edited=&#8220;on|phone&#8220; link_font_size_tablet=&#8220;&#8220; link_font_size_phone=&#8220;14px&#8220; link_font_size_last_edited=&#8220;on|phone&#8220; global_colors_info=&#8220;{}&#8220; sticky_enabled=&#8220;0&#8243;]<\/p>\n<p><a href=\"https:\/\/swissworktime.ch\/de\/referenzen\/architektur\/\">Architektur<\/a> &#8211; <a href=\"https:\/\/swissworktime.ch\/de\/referenzen\/ausbildung-training\/\">Ausbildung \/ Training<\/a> &#8211; <a href=\"https:\/\/swissworktime.ch\/de\/referenzen\/automobil\/\">Automobil<\/a> &#8211; <a href=\"https:\/\/swissworktime.ch\/de\/referenzen\/bodenbelag\/\">Bodenbelag<\/a> &#8211; <a href=\"https:\/\/swissworktime.ch\/de\/referenzen\/diverse\/\">Diverse<\/a> &#8211; <a href=\"https:\/\/swissworktime.ch\/de\/referenzen\/elektrizitaet-elektronik\/\">Elektrizit\u00e4t \/ Elektronik<\/a> &#8211; <a href=\"https:\/\/swissworktime.ch\/de\/referenzen\/energie\/\">Energie<\/a> &#8211; <a href=\"https:\/\/swissworktime.ch\/de\/referenzen\/fehlerbehebung-und-wartung\/\">Fehlerbehebung und Wartung<\/a> &#8211; <a href=\"https:\/\/swissworktime.ch\/de\/referenzen\/finanzen\/\">Finanzen<\/a> &#8211; <a href=\"https:\/\/swissworktime.ch\/de\/referenzen\/gastronomie\/\">Gastronomie<\/a> &#8211; <a href=\"https:\/\/swissworktime.ch\/de\/referenzen\/gesundheit\/\">Gesundheit<\/a> &#8211; <a href=\"https:\/\/swissworktime.ch\/de\/referenzen\/hairstyling\/\">Hairstyling<\/a> &#8211; <a href=\"https:\/\/swissworktime.ch\/de\/referenzen\/handel-und-vertrieb\/\">Handel und Vertrieb<\/a> &#8211; <a href=\"https:\/\/swissworktime.ch\/de\/referenzen\/handwerkskunst\/\">Handwerkskunst<\/a> &#8211; <a href=\"https:\/\/swissworktime.ch\/de\/referenzen\/heizung\/\">Heizung<\/a> &#8211; <a href=\"https:\/\/swissworktime.ch\/de\/referenzen\/herstellung\/\">Herstellung<\/a> &#8211; <a href=\"https:\/\/swissworktime.ch\/de\/referenzen\/hoch-und-tiefbau\/\">Hoch- und Tiefbau<\/a> &#8211; <a href=\"https:\/\/swissworktime.ch\/de\/referenzen\/holzbearbeitung\/\">Holzbearbeitung<\/a> &#8211; <a href=\"https:\/\/swissworktime.ch\/de\/referenzen\/immobilien\/\">Immobilien<\/a> &#8211; <a href=\"https:\/\/swissworktime.ch\/de\/referenzen\/informationstechnologie\/\">Informationstechnologie<\/a> &#8211; <a href=\"https:\/\/swissworktime.ch\/de\/referenzen\/kacheln\/\">Kacheln<\/a> &#8211; <a href=\"https:\/\/swissworktime.ch\/de\/referenzen\/klempnerei\/\">Klempnerei<\/a> &#8211; <a href=\"https:\/\/swissworktime.ch\/de\/referenzen\/kunst-unterhaltung-kultur\/\">Kunst \/ Unterhaltung \/ Kultur<\/a> &#8211; <a href=\"https:\/\/swissworktime.ch\/de\/referenzen\/landschaftsgestaltung\/\">Landschaftsgestaltung<\/a> &#8211; <a href=\"https:\/\/swissworktime.ch\/de\/referenzen\/landwirtschaft\/\">Landwirtschaft<\/a> &#8211; <a href=\"https:\/\/swissworktime.ch\/de\/referenzen\/lebensmittel\/\">Lebensmittel<\/a> &#8211; <a href=\"https:\/\/swissworktime.ch\/de\/referenzen\/logistik\/\">Logistik<\/a> &#8211; <a href=\"https:\/\/swissworktime.ch\/de\/referenzen\/luftfahrttechnik\/\">Luftfahrttechnik<\/a> &#8211; <a href=\"https:\/\/swissworktime.ch\/de\/referenzen\/lueftung-klimatisierung\/\">L\u00fcftung \/ Klimatisierung<\/a> &#8211; <a href=\"https:\/\/swissworktime.ch\/de\/referenzen\/mauerwerk\/\">Mauerwerk<\/a> &#8211; <a href=\"https:\/\/swissworktime.ch\/de\/referenzen\/mechanische-industrie\/\">Mechanische Industrie<\/a> &#8211; <a href=\"https:\/\/swissworktime.ch\/de\/referenzen\/metallbau\/\">Metallbau<\/a> &#8211; <a href=\"https:\/\/swissworktime.ch\/de\/referenzen\/personalvermittlung\/\">Personalvermittlung<\/a> &#8211; <a href=\"https:\/\/swissworktime.ch\/de\/referenzen\/pharmazeutische-produkte\/\">Pharmazeutische Produkte<\/a> &#8211; <a href=\"https:\/\/swissworktime.ch\/de\/referenzen\/reinigung\/\">Reinigung<\/a> &#8211; <a href=\"https:\/\/swissworktime.ch\/de\/referenzen\/sanitaerinstallation\/\">Sanit\u00e4rinstallation<\/a> &#8211; <a href=\"https:\/\/swissworktime.ch\/de\/referenzen\/schiffbauindustrie\/\">Schiffbauindustrie<\/a> &#8211; <a href=\"https:\/\/swissworktime.ch\/de\/referenzen\/schlosserei\/\">Schlosserei<\/a> &#8211; <a href=\"https:\/\/swissworktime.ch\/de\/referenzen\/sicherheit-und-gefahrenabwehr\/\">Sicherheit und Gefahrenabwehr<\/a> &#8211; <a href=\"https:\/\/swissworktime.ch\/de\/referenzen\/sozial\/\">Sozial<\/a> &#8211; <a href=\"https:\/\/swissworktime.ch\/de\/referenzen\/sport\/\">Sport<\/a> &#8211; <a href=\"https:\/\/swissworktime.ch\/de\/referenzen\/stuckateur-malen\/\">Stuckateur \/ Malen<\/a> &#8211; <a href=\"https:\/\/swissworktime.ch\/de\/referenzen\/tier\/\">Tier<\/a> &#8211; <a href=\"https:\/\/swissworktime.ch\/de\/referenzen\/tourismus\/\">Tourismus<\/a> &#8211; <a href=\"https:\/\/swissworktime.ch\/de\/referenzen\/transport\/\">Transport<\/a> &#8211; <a href=\"https:\/\/swissworktime.ch\/de\/referenzen\/treuhaender\/\">Treuh\u00e4nder<\/a> &#8211; <a href=\"https:\/\/swissworktime.ch\/de\/referenzen\/uhrmacherei\/\">Uhrmacherei<\/a> &#8211; <a href=\"https:\/\/swissworktime.ch\/de\/referenzen\/unterkunft-hotel\/\">Unterkunft \/ Hotel<\/a> &#8211; <a href=\"https:\/\/swissworktime.ch\/de\/referenzen\/veranstaltungen\/\">Veranstaltungen<\/a> &#8211; <a href=\"https:\/\/swissworktime.ch\/de\/referenzen\/verwaltung\/\">Verwaltung<\/a> &#8211; <a href=\"https:\/\/swissworktime.ch\/de\/referenzen\/waldbau\/\">Waldbau<\/a><\/p>\n<p>[\/et_pb_text][\/et_pb_column][\/et_pb_row][\/et_pb_section]<\/p>\n","protected":false},"excerpt":{"rendered":"<p>Diese Kunden vertrauen uns Entdecken Sie, warum Unternehmen aller Branchen und Gr\u00f6\u00dfenordnungen, von Start-ups bis hin zu Gro\u00dfunternehmen, SwissWorkTime w\u00e4hlen, um ihre Aktivit\u00e4ten zu verfolgen und zu optimieren.Seine Funktionen, wie die verschiedenen Methoden zur Zeiterfassung oder die vereinfachte Erstellung personalisierter Abrechnungen, passen sich den spezifischen Bed\u00fcrfnissen jeder Organisation an. Zahlreiche Akteure Ihrer Branche vertrauen uns [&hellip;]<\/p>\n","protected":false},"author":2,"featured_media":0,"parent":0,"menu_order":0,"comment_status":"closed","ping_status":"closed","template":"","meta":{"_et_pb_use_builder":"on","_et_pb_old_content":"","_et_gb_content_width":"","inline_featured_image":false,"footnotes":""},"class_list":["post-2412","page","type-page","status-publish","hentry"],"yoast_head":"<!-- This site is optimized with the Yoast SEO plugin v27.3 - https:\/\/yoast.com\/product\/yoast-seo-wordpress\/ -->\n<title>Referenzen - SwissWorkTime<\/title>\n<meta name=\"robots\" content=\"index, follow, max-snippet:-1, max-image-preview:large, max-video-preview:-1\" \/>\n<link rel=\"canonical\" href=\"https:\/\/swissworktime.ch\/de\/referenzen\/\" \/>\n<meta property=\"og:locale\" content=\"de_DE\" \/>\n<meta property=\"og:type\" content=\"article\" \/>\n<meta property=\"og:title\" content=\"Referenzen - SwissWorkTime\" \/>\n<meta property=\"og:description\" content=\"Diese Kunden vertrauen uns Entdecken Sie, warum Unternehmen aller Branchen und Gr\u00f6\u00dfenordnungen, von Start-ups bis hin zu Gro\u00dfunternehmen, SwissWorkTime w\u00e4hlen, um ihre Aktivit\u00e4ten zu verfolgen und zu optimieren.Seine Funktionen, wie die verschiedenen Methoden zur Zeiterfassung oder die vereinfachte Erstellung personalisierter Abrechnungen, passen sich den spezifischen Bed\u00fcrfnissen jeder Organisation an. Zahlreiche Akteure Ihrer Branche vertrauen uns [&hellip;]\" \/>\n<meta property=\"og:url\" content=\"https:\/\/swissworktime.ch\/de\/referenzen\/\" \/>\n<meta property=\"og:site_name\" content=\"SwissWorkTime\" \/>\n<meta property=\"article:publisher\" content=\"https:\/\/www.facebook.com\/swissworktime\" \/>\n<meta property=\"article:modified_time\" content=\"2026-02-19T14:35:00+00:00\" \/>\n<meta property=\"og:image\" content=\"https:\/\/swissworktime.ch\/wp-content\/uploads\/2022\/11\/logo_swissworktime.png\" \/>\n\t<meta property=\"og:image:width\" content=\"430\" \/>\n\t<meta property=\"og:image:height\" content=\"430\" \/>\n\t<meta property=\"og:image:type\" content=\"image\/png\" \/>\n<meta name=\"twitter:card\" content=\"summary_large_image\" \/>\n<meta name=\"twitter:label1\" content=\"Gesch\u00e4tzte Lesezeit\" \/>\n\t<meta name=\"twitter:data1\" content=\"1\u00a0Minute\" \/>\n<script type=\"application\/ld+json\" class=\"yoast-schema-graph\">{\"@context\":\"https:\\\/\\\/schema.org\",\"@graph\":[{\"@type\":\"WebPage\",\"@id\":\"https:\\\/\\\/swissworktime.ch\\\/de\\\/referenzen\\\/\",\"url\":\"https:\\\/\\\/swissworktime.ch\\\/de\\\/referenzen\\\/\",\"name\":\"Referenzen - SwissWorkTime\",\"isPartOf\":{\"@id\":\"https:\\\/\\\/swissworktime.ch\\\/de\\\/#website\"},\"datePublished\":\"2022-04-06T09:49:19+00:00\",\"dateModified\":\"2026-02-19T14:35:00+00:00\",\"breadcrumb\":{\"@id\":\"https:\\\/\\\/swissworktime.ch\\\/de\\\/referenzen\\\/#breadcrumb\"},\"inLanguage\":\"de\",\"potentialAction\":[{\"@type\":\"ReadAction\",\"target\":[\"https:\\\/\\\/swissworktime.ch\\\/de\\\/referenzen\\\/\"]}]},{\"@type\":\"BreadcrumbList\",\"@id\":\"https:\\\/\\\/swissworktime.ch\\\/de\\\/referenzen\\\/#breadcrumb\",\"itemListElement\":[{\"@type\":\"ListItem\",\"position\":1,\"name\":\"Accueil\",\"item\":\"https:\\\/\\\/swissworktime.ch\\\/de\\\/\"},{\"@type\":\"ListItem\",\"position\":2,\"name\":\"Referenzen\"}]},{\"@type\":\"WebSite\",\"@id\":\"https:\\\/\\\/swissworktime.ch\\\/de\\\/#website\",\"url\":\"https:\\\/\\\/swissworktime.ch\\\/de\\\/\",\"name\":\"SwissWorkTime\",\"description\":\"App pour la gestion et la saisie des heures de travail\",\"publisher\":{\"@id\":\"https:\\\/\\\/swissworktime.ch\\\/de\\\/#organization\"},\"potentialAction\":[{\"@type\":\"SearchAction\",\"target\":{\"@type\":\"EntryPoint\",\"urlTemplate\":\"https:\\\/\\\/swissworktime.ch\\\/de\\\/?s={search_term_string}\"},\"query-input\":{\"@type\":\"PropertyValueSpecification\",\"valueRequired\":true,\"valueName\":\"search_term_string\"}}],\"inLanguage\":\"de\"},{\"@type\":\"Organization\",\"@id\":\"https:\\\/\\\/swissworktime.ch\\\/de\\\/#organization\",\"name\":\"SwissWorkTime\",\"url\":\"https:\\\/\\\/swissworktime.ch\\\/de\\\/\",\"logo\":{\"@type\":\"ImageObject\",\"inLanguage\":\"de\",\"@id\":\"https:\\\/\\\/swissworktime.ch\\\/de\\\/#\\\/schema\\\/logo\\\/image\\\/\",\"url\":\"https:\\\/\\\/swissworktime.ch\\\/wp-content\\\/uploads\\\/2021\\\/02\\\/logoSWT_header.png\",\"contentUrl\":\"https:\\\/\\\/swissworktime.ch\\\/wp-content\\\/uploads\\\/2021\\\/02\\\/logoSWT_header.png\",\"width\":1024,\"height\":250,\"caption\":\"SwissWorkTime\"},\"image\":{\"@id\":\"https:\\\/\\\/swissworktime.ch\\\/de\\\/#\\\/schema\\\/logo\\\/image\\\/\"},\"sameAs\":[\"https:\\\/\\\/www.facebook.com\\\/swissworktime\"]}]}<\/script>\n<!-- \/ Yoast SEO plugin. -->","yoast_head_json":{"title":"Referenzen - SwissWorkTime","robots":{"index":"index","follow":"follow","max-snippet":"max-snippet:-1","max-image-preview":"max-image-preview:large","max-video-preview":"max-video-preview:-1"},"canonical":"https:\/\/swissworktime.ch\/de\/referenzen\/","og_locale":"de_DE","og_type":"article","og_title":"Referenzen - SwissWorkTime","og_description":"Diese Kunden vertrauen uns Entdecken Sie, warum Unternehmen aller Branchen und Gr\u00f6\u00dfenordnungen, von Start-ups bis hin zu Gro\u00dfunternehmen, SwissWorkTime w\u00e4hlen, um ihre Aktivit\u00e4ten zu verfolgen und zu optimieren.Seine Funktionen, wie die verschiedenen Methoden zur Zeiterfassung oder die vereinfachte Erstellung personalisierter Abrechnungen, passen sich den spezifischen Bed\u00fcrfnissen jeder Organisation an. Zahlreiche Akteure Ihrer Branche vertrauen uns [&hellip;]","og_url":"https:\/\/swissworktime.ch\/de\/referenzen\/","og_site_name":"SwissWorkTime","article_publisher":"https:\/\/www.facebook.com\/swissworktime","article_modified_time":"2026-02-19T14:35:00+00:00","og_image":[{"width":430,"height":430,"url":"https:\/\/swissworktime.ch\/wp-content\/uploads\/2022\/11\/logo_swissworktime.png","type":"image\/png"}],"twitter_card":"summary_large_image","twitter_misc":{"Gesch\u00e4tzte Lesezeit":"1\u00a0Minute"},"schema":{"@context":"https:\/\/schema.org","@graph":[{"@type":"WebPage","@id":"https:\/\/swissworktime.ch\/de\/referenzen\/","url":"https:\/\/swissworktime.ch\/de\/referenzen\/","name":"Referenzen - SwissWorkTime","isPartOf":{"@id":"https:\/\/swissworktime.ch\/de\/#website"},"datePublished":"2022-04-06T09:49:19+00:00","dateModified":"2026-02-19T14:35:00+00:00","breadcrumb":{"@id":"https:\/\/swissworktime.ch\/de\/referenzen\/#breadcrumb"},"inLanguage":"de","potentialAction":[{"@type":"ReadAction","target":["https:\/\/swissworktime.ch\/de\/referenzen\/"]}]},{"@type":"BreadcrumbList","@id":"https:\/\/swissworktime.ch\/de\/referenzen\/#breadcrumb","itemListElement":[{"@type":"ListItem","position":1,"name":"Accueil","item":"https:\/\/swissworktime.ch\/de\/"},{"@type":"ListItem","position":2,"name":"Referenzen"}]},{"@type":"WebSite","@id":"https:\/\/swissworktime.ch\/de\/#website","url":"https:\/\/swissworktime.ch\/de\/","name":"SwissWorkTime","description":"App pour la gestion et la saisie des heures de travail","publisher":{"@id":"https:\/\/swissworktime.ch\/de\/#organization"},"potentialAction":[{"@type":"SearchAction","target":{"@type":"EntryPoint","urlTemplate":"https:\/\/swissworktime.ch\/de\/?s={search_term_string}"},"query-input":{"@type":"PropertyValueSpecification","valueRequired":true,"valueName":"search_term_string"}}],"inLanguage":"de"},{"@type":"Organization","@id":"https:\/\/swissworktime.ch\/de\/#organization","name":"SwissWorkTime","url":"https:\/\/swissworktime.ch\/de\/","logo":{"@type":"ImageObject","inLanguage":"de","@id":"https:\/\/swissworktime.ch\/de\/#\/schema\/logo\/image\/","url":"https:\/\/swissworktime.ch\/wp-content\/uploads\/2021\/02\/logoSWT_header.png","contentUrl":"https:\/\/swissworktime.ch\/wp-content\/uploads\/2021\/02\/logoSWT_header.png","width":1024,"height":250,"caption":"SwissWorkTime"},"image":{"@id":"https:\/\/swissworktime.ch\/de\/#\/schema\/logo\/image\/"},"sameAs":["https:\/\/www.facebook.com\/swissworktime"]}]}},"_links":{"self":[{"href":"https:\/\/swissworktime.ch\/de\/wp-json\/wp\/v2\/pages\/2412","targetHints":{"allow":["GET"]}}],"collection":[{"href":"https:\/\/swissworktime.ch\/de\/wp-json\/wp\/v2\/pages"}],"about":[{"href":"https:\/\/swissworktime.ch\/de\/wp-json\/wp\/v2\/types\/page"}],"author":[{"embeddable":true,"href":"https:\/\/swissworktime.ch\/de\/wp-json\/wp\/v2\/users\/2"}],"replies":[{"embeddable":true,"href":"https:\/\/swissworktime.ch\/de\/wp-json\/wp\/v2\/comments?post=2412"}],"version-history":[{"count":3,"href":"https:\/\/swissworktime.ch\/de\/wp-json\/wp\/v2\/pages\/2412\/revisions"}],"predecessor-version":[{"id":257790,"href":"https:\/\/swissworktime.ch\/de\/wp-json\/wp\/v2\/pages\/2412\/revisions\/257790"}],"wp:attachment":[{"href":"https:\/\/swissworktime.ch\/de\/wp-json\/wp\/v2\/media?parent=2412"}],"curies":[{"name":"wp","href":"https:\/\/api.w.org\/{rel}","templated":true}]}}