{"id":251994,"date":"2024-06-05T10:14:07","date_gmt":"2024-06-05T08:14:07","guid":{"rendered":"https:\/\/swissworktime.ch\/fuer-arbeitgeber\/"},"modified":"2024-07-26T09:27:14","modified_gmt":"2024-07-26T07:27:14","slug":"fuer-arbeitgeber","status":"publish","type":"page","link":"https:\/\/swissworktime.ch\/de\/fuer-arbeitgeber\/","title":{"rendered":"F\u00fcr Arbeitgeber"},"content":{"rendered":"<p>[et_pb_section fb_built=&#8220;1&#8243; _builder_version=&#8220;4.24.2&#8243; _module_preset=&#8220;default&#8220; background_image=&#8220;https:\/\/swissworktime.ch\/wp-content\/uploads\/2024\/05\/12.png&#8220; custom_padding=&#8220;110px||110px||true|false&#8220; global_colors_info=&#8220;{}&#8220;][et_pb_row column_structure=&#8220;2_5,3_5&#8243; _builder_version=&#8220;4.24.2&#8243; _module_preset=&#8220;default&#8220; width=&#8220;95%&#8220; max_width=&#8220;2560px&#8220; global_colors_info=&#8220;{}&#8220;][et_pb_column type=&#8220;2_5&#8243; _builder_version=&#8220;4.24.2&#8243; _module_preset=&#8220;default&#8220; pac_dcm_carousel_specific_module_num=&#8220;0&#8243; global_colors_info=&#8220;{}&#8220;][et_pb_image src=&#8220;https:\/\/swissworktime.ch\/wp-content\/uploads\/2024\/05\/12A-BRUN-CARRE-BLANCldpi.svg&#8220; alt=&#8220;ic\u00f4ne d\u00e9compte<br \/>\n        &#8220; title_text=&#8220;12A BRUN CARRE BLANCldpi<br \/>\n        &#8220; align=&#8220;right&#8220; _builder_version=&#8220;4.24.2&#8243; _module_preset=&#8220;default&#8220; height=&#8220;216px&#8220; global_colors_info=&#8220;{}&#8220;][\/et_pb_image][\/et_pb_column][et_pb_column type=&#8220;3_5&#8243; _builder_version=&#8220;4.24.2&#8243; _module_preset=&#8220;default&#8220; pac_dcm_carousel_specific_module_num=&#8220;0&#8243; global_colors_info=&#8220;{}&#8220;][et_pb_text _builder_version=&#8220;4.24.2&#8243; _module_preset=&#8220;default&#8220; text_font=&#8220;Proza Libre||||||||&#8220; text_text_color=&#8220;#000000&#8243; text_font_size=&#8220;30px&#8220; header_font=&#8220;|700|||||||&#8220; header_text_align=&#8220;center&#8220; header_text_color=&#8220;#000000&#8243; header_font_size=&#8220;40px&#8220; header_line_height=&#8220;1.3em&#8220; header_2_font=&#8220;Proza Libre|700|||||||&#8220; header_2_text_align=&#8220;center&#8220; header_2_text_color=&#8220;#000000&#8243; header_2_font_size=&#8220;40px&#8220; header_2_line_height=&#8220;1.3em&#8220; text_orientation=&#8220;center&#8220; custom_padding=&#8220;15px|||||&#8220; text_line_height_tablet=&#8220;&#8220; text_line_height_phone=&#8220;1.5em&#8220; text_line_height_last_edited=&#8220;on|phone&#8220; header_font_size_tablet=&#8220;36px&#8220; header_font_size_phone=&#8220;32px&#8220; header_font_size_last_edited=&#8220;on|phone&#8220; header_2_font_size_tablet=&#8220;36px&#8220; header_2_font_size_phone=&#8220;32px&#8220; header_2_font_size_last_edited=&#8220;on|phone&#8220; global_colors_info=&#8220;{}&#8220;]<\/p>\n<h1 style=\"text-align: left;\"><span style=\"color: #ffffff;\">Vorteile f\u00fcr Arbeitgeber<br \/>\n        <\/span><\/h1>\n<p>[\/et_pb_text][\/et_pb_column][\/et_pb_row][\/et_pb_section][et_pb_section fb_built=&#8220;1&#8243; _builder_version=&#8220;4.16&#8243; _module_preset=&#8220;default&#8220; custom_padding=&#8220;130px|||||&#8220; global_colors_info=&#8220;{}&#8220;][et_pb_row use_custom_gutter=&#8220;on&#8220; gutter_width=&#8220;2&#8243; _builder_version=&#8220;4.16&#8243; _module_preset=&#8220;default&#8220; max_width=&#8220;1260px&#8220; custom_padding=&#8220;||||false|false&#8220; global_colors_info=&#8220;{}&#8220;][et_pb_column type=&#8220;4_4&#8243; _builder_version=&#8220;4.16&#8243; _module_preset=&#8220;default&#8220; pac_dcm_carousel_specific_module_num=&#8220;0&#8243; global_colors_info=&#8220;{}&#8220;][et_pb_text _builder_version=&#8220;4.24.2&#8243; _module_preset=&#8220;default&#8220; text_text_color=&#8220;#000000&#8243; custom_padding_tablet=&#8220;|15px||15px|false|true&#8220; custom_padding_phone=&#8220;&#8220; custom_padding_last_edited=&#8220;on|desktop&#8220; global_colors_info=&#8220;{}&#8220;]<\/p>\n<p>SwissWorkTime ist die perfekte L\u00f6sung f\u00fcr Arbeitgeber, um Baustellen und Projekte optimal zu verwalten.<br \/>\n         Auf unserer Online-Plattform (Cloud) haben Sie Zugriff auf zahlreiche Funktionen, die Ihren Arbeitsalltag erleichtern:\n        <\/p>\n<p>[\/et_pb_text][\/et_pb_column][\/et_pb_row][et_pb_row column_structure=&#8220;1_3,1_3,1_3&#8243; use_custom_gutter=&#8220;on&#8220; gutter_width=&#8220;2&#8243; _builder_version=&#8220;4.24.2&#8243; _module_preset=&#8220;default&#8220; max_width=&#8220;1260px&#8220; custom_padding=&#8220;||||false|false&#8220; global_colors_info=&#8220;{}&#8220;][et_pb_column type=&#8220;1_3&#8243; _builder_version=&#8220;4.24.2&#8243; _module_preset=&#8220;default&#8220; pac_dcm_carousel_specific_module_num=&#8220;0&#8243; global_colors_info=&#8220;{}&#8220;][et_pb_blurb title=&#8220;Erstellen Sie Ihre Stundenabrechnung mit einem Klick<br \/>\n        &#8220; image=&#8220;https:\/\/swissworktime.ch\/wp-content\/uploads\/2021\/04\/business-tools-passing-time_106958.png&#8220; alt=&#8220;ic\u00f4ne d\u00e9compte<br \/>\n        &#8220; image_icon_width=&#8220;43%&#8220; image_icon_width_tablet=&#8220;29%&#8220; image_icon_width_phone=&#8220;39%&#8220; image_icon_width_last_edited=&#8220;on|phone&#8220; _builder_version=&#8220;4.24.2&#8243; _module_preset=&#8220;default&#8220; header_text_align=&#8220;center&#8220; header_text_color=&#8220;#644D52&#8243; header_font_size=&#8220;20px&#8220; header_line_height=&#8220;1.3em&#8220; body_text_align=&#8220;center&#8220; body_text_color=&#8220;#000000&#8243; global_colors_info=&#8220;{}&#8220;]<\/p>\n<p>Pr\u00e4zise Arbeitszeiterfassung ohne zus\u00e4tzlichen Aufwand\n        <\/p>\n<p>[\/et_pb_blurb][\/et_pb_column][et_pb_column type=&#8220;1_3&#8243; _builder_version=&#8220;4.24.2&#8243; _module_preset=&#8220;default&#8220; pac_dcm_carousel_specific_module_num=&#8220;0&#8243; global_colors_info=&#8220;{}&#8220;][et_pb_blurb title=&#8220;\u00dcberwachen Sie in Echtzeit alle T\u00e4tigkeiten, den Materialverbrauch und die Ausgaben f\u00fcr die einzelnen Baustellen bzw. Projekte<br \/>\n        &#8220; image=&#8220;https:\/\/swissworktime.ch\/wp-content\/uploads\/2021\/04\/delivery.png&#8220; alt=&#8220;ic\u00f4ne suivre les activit\u00e9s<br \/>\n        &#8220; image_icon_width=&#8220;43%&#8220; image_icon_width_tablet=&#8220;29%&#8220; image_icon_width_phone=&#8220;39%&#8220; image_icon_width_last_edited=&#8220;on|phone&#8220; _builder_version=&#8220;4.24.2&#8243; _module_preset=&#8220;default&#8220; header_text_align=&#8220;center&#8220; header_text_color=&#8220;#644D52&#8243; header_font_size=&#8220;20px&#8220; header_line_height=&#8220;1.3em&#8220; body_text_align=&#8220;center&#8220; body_text_color=&#8220;#000000&#8243; global_colors_info=&#8220;{}&#8220;]<\/p>\n<p>Umfassender \u00dcberblick \u00fcber Ihre Gesch\u00e4ftst\u00e4tigkeiten\n        <\/p>\n<p>[\/et_pb_blurb][\/et_pb_column][et_pb_column type=&#8220;1_3&#8243; _builder_version=&#8220;4.24.2&#8243; _module_preset=&#8220;default&#8220; pac_dcm_carousel_specific_module_num=&#8220;0&#8243; global_colors_info=&#8220;{}&#8220;][et_pb_blurb title=&#8220;Speichern Sie den detaillierten Verlauf aller Eingaben<br \/>\n        &#8220; image=&#8220;https:\/\/swissworktime.ch\/wp-content\/uploads\/2021\/04\/justice.png&#8220; alt=&#8220;ic\u00f4ne historique des saisies conform\u00e9ment \u00e0 la loi<br \/>\n        &#8220; image_icon_width=&#8220;43%&#8220; image_icon_width_tablet=&#8220;29%&#8220; image_icon_width_phone=&#8220;39%&#8220; image_icon_width_last_edited=&#8220;on|phone&#8220; _builder_version=&#8220;4.24.2&#8243; _module_preset=&#8220;default&#8220; header_text_align=&#8220;center&#8220; header_text_color=&#8220;#644D52&#8243; header_font_size=&#8220;20px&#8220; header_line_height=&#8220;1.3em&#8220; body_text_align=&#8220;center&#8220; body_text_color=&#8220;#000000&#8243; global_colors_info=&#8220;{}&#8220;]<\/p>\n<p>Optimale R\u00fcckverfolgbarkeit und Transparenz in \u00dcbereinstimmung mit einschl\u00e4gigen Vorschriften\n        <\/p>\n<p>[\/et_pb_blurb][\/et_pb_column][\/et_pb_row][et_pb_row use_custom_gutter=&#8220;on&#8220; gutter_width=&#8220;2&#8243; _builder_version=&#8220;4.16&#8243; _module_preset=&#8220;default&#8220; max_width=&#8220;1260px&#8220; custom_padding=&#8220;||||false|false&#8220; global_colors_info=&#8220;{}&#8220;][et_pb_column type=&#8220;4_4&#8243; _builder_version=&#8220;4.16&#8243; _module_preset=&#8220;default&#8220; pac_dcm_carousel_specific_module_num=&#8220;0&#8243; global_colors_info=&#8220;{}&#8220;][et_pb_text _builder_version=&#8220;4.24.2&#8243; _module_preset=&#8220;default&#8220; text_text_color=&#8220;#000000&#8243; custom_padding_tablet=&#8220;|15px||15px|false|true&#8220; custom_padding_phone=&#8220;&#8220; custom_padding_last_edited=&#8220;on|desktop&#8220; global_colors_info=&#8220;{}&#8220;]<\/p>\n<p>Mit SwissWorkTime verwalten Sie Ihre Baustellen und Projekte einfach und effizient und reduzieren Ihren Verwaltungsaufwand auf das Mindeste. So k\u00f6nnen Sie sich auf das wirklich Wichtige konzentrieren: den Erfolg Ihrer Projekte!\n        <\/p>\n<p>[\/et_pb_text][\/et_pb_column][\/et_pb_row][et_pb_row column_structure=&#8220;1_3,1_3,1_3&#8243; use_custom_gutter=&#8220;on&#8220; gutter_width=&#8220;2&#8243; _builder_version=&#8220;4.24.2&#8243; _module_preset=&#8220;default&#8220; max_width=&#8220;1260px&#8220; custom_padding=&#8220;||||false|false&#8220; global_colors_info=&#8220;{}&#8220;][et_pb_column type=&#8220;1_3&#8243; _builder_version=&#8220;4.24.2&#8243; _module_preset=&#8220;default&#8220; pac_dcm_carousel_specific_module_num=&#8220;0&#8243; global_colors_info=&#8220;{}&#8220;][et_pb_image src=&#8220;https:\/\/swissworktime.ch\/wp-content\/uploads\/2024\/07\/backofficeplanification-1200x713DE.png&#8220; alt=&#8220;Backoffice Arbeitszeitplanung<br \/>\n        &#8220; show_in_lightbox=&#8220;on&#8220; align=&#8220;center&#8220; _builder_version=&#8220;4.25.2&#8243; _module_preset=&#8220;default&#8220; width_tablet=&#8220;&#8220; width_phone=&#8220;&#8220; width_last_edited=&#8220;on|phone&#8220; hover_enabled=&#8220;0&#8243; global_colors_info=&#8220;{}&#8220; sticky_enabled=&#8220;0&#8243;][\/et_pb_image][\/et_pb_column][et_pb_column type=&#8220;1_3&#8243; _builder_version=&#8220;4.24.2&#8243; _module_preset=&#8220;default&#8220; pac_dcm_carousel_specific_module_num=&#8220;0&#8243; global_colors_info=&#8220;{}&#8220;][et_pb_image src=&#8220;https:\/\/swissworktime.ch\/wp-content\/uploads\/2024\/07\/backofficevalidationDE.png&#8220; alt=&#8220;Backoffice Validierung der eingegebenen Arbeitszeiten&#8220; show_in_lightbox=&#8220;on&#8220; align=&#8220;center&#8220; _builder_version=&#8220;4.25.2&#8243; _module_preset=&#8220;default&#8220; width_tablet=&#8220;&#8220; width_phone=&#8220;&#8220; width_last_edited=&#8220;on|phone&#8220; global_colors_info=&#8220;{}&#8220;][\/et_pb_image][\/et_pb_column][et_pb_column type=&#8220;1_3&#8243; _builder_version=&#8220;4.24.2&#8243; _module_preset=&#8220;default&#8220; pac_dcm_carousel_specific_module_num=&#8220;0&#8243; global_colors_info=&#8220;{}&#8220;][et_pb_image src=&#8220;https:\/\/swissworktime.ch\/wp-content\/uploads\/2024\/07\/backofficereport-1024x609DE.png&#8220; alt=&#8220;Backoffice Bericht \u00fcber eingegebene Arbeitszeiten<br \/>\n        &#8220; show_in_lightbox=&#8220;on&#8220; align=&#8220;center&#8220; _builder_version=&#8220;4.25.2&#8243; _module_preset=&#8220;default&#8220; width_tablet=&#8220;&#8220; width_phone=&#8220;&#8220; width_last_edited=&#8220;on|phone&#8220; global_colors_info=&#8220;{}&#8220;][\/et_pb_image][\/et_pb_column][\/et_pb_row][et_pb_row use_custom_gutter=&#8220;on&#8220; gutter_width=&#8220;2&#8243; _builder_version=&#8220;4.24.2&#8243; _module_preset=&#8220;default&#8220; max_width=&#8220;1260px&#8220; custom_padding=&#8220;||||false|false&#8220; global_colors_info=&#8220;{}&#8220;][et_pb_column type=&#8220;4_4&#8243; _builder_version=&#8220;4.24.2&#8243; _module_preset=&#8220;default&#8220; pac_dcm_carousel_specific_module_num=&#8220;0&#8243; global_colors_info=&#8220;{}&#8220;][et_pb_cta title=&#8220;Testen Sie die Anwendung 1 Monat kostenlos<br \/>\n        &#8220; button_url=&#8220;https:\/\/www.swissworktime.pro\/fr\/WebDemo\/WebAccountRequest&#8220; url_new_window=&#8220;on&#8220; button_text=&#8220;KOSTENLOSES Konto erstellen&#8220; disabled_on=&#8220;off|off|on&#8220; _builder_version=&#8220;4.25.1&#8243; _module_preset=&#8220;default&#8220; width=&#8220;46%&#8220; width_tablet=&#8220;79%&#8220; width_phone=&#8220;100%&#8220; width_last_edited=&#8220;on|phone&#8220; module_alignment=&#8220;center&#8220; global_colors_info=&#8220;{}&#8220;][\/et_pb_cta][\/et_pb_column][\/et_pb_row][et_pb_row _builder_version=&#8220;4.24.2&#8243; _module_preset=&#8220;default&#8220; global_module=&#8220;5192&#8243; saved_tabs=&#8220;all&#8220; global_colors_info=&#8220;{}&#8220;][et_pb_column type=&#8220;4_4&#8243; _builder_version=&#8220;4.24.2&#8243; _module_preset=&#8220;default&#8220; pac_dcm_carousel_specific_module_num=&#8220;0&#8243; global_colors_info=&#8220;{}&#8220;][et_pb_image src=&#8220;https:\/\/swissworktime.ch\/wp-content\/uploads\/2024\/06\/GIF-ALL-FRANC.gif&#8220; alt=&#8220;SwissWorkTime CHF 5,- pro Mitarbeiter und Monat, kostenloser Testzeitraum von 1 Monat        &#8220; url=&#8220;https:\/\/swissworktime.ch\/de\/preise\/kostenloses-probeabo\/&#8220; disabled_on=&#8220;on|on|off&#8220; admin_label=&#8220;Image&#8220; _builder_version=&#8220;4.24.2&#8243; _module_preset=&#8220;default&#8220; positioning=&#8220;fixed&#8220; position_origin_f=&#8220;center_right&#8220; horizontal_offset=&#8220;10px&#8220; width=&#8220;10%&#8220; global_colors_info=&#8220;{}&#8220;][\/et_pb_image][\/et_pb_column][\/et_pb_row][\/et_pb_section]<\/p>\n","protected":false},"excerpt":{"rendered":"<p>Vorteile f\u00fcr Arbeitgeber SwissWorkTime ist die perfekte L\u00f6sung f\u00fcr Arbeitgeber, um Baustellen und Projekte optimal zu verwalten. Auf unserer Online-Plattform (Cloud) haben Sie Zugriff auf zahlreiche Funktionen, die Ihren Arbeitsalltag erleichtern: Pr\u00e4zise Arbeitszeiterfassung ohne zus\u00e4tzlichen Aufwand Umfassender \u00dcberblick \u00fcber Ihre Gesch\u00e4ftst\u00e4tigkeiten Optimale R\u00fcckverfolgbarkeit und Transparenz in \u00dcbereinstimmung mit einschl\u00e4gigen Vorschriften Mit SwissWorkTime verwalten Sie Ihre [&hellip;]<\/p>\n","protected":false},"author":2,"featured_media":0,"parent":0,"menu_order":0,"comment_status":"closed","ping_status":"closed","template":"","meta":{"_et_pb_use_builder":"on","_et_pb_old_content":"","_et_gb_content_width":"","inline_featured_image":false,"footnotes":""},"class_list":["post-251994","page","type-page","status-publish","hentry"],"yoast_head":"<!-- This site is optimized with the Yoast SEO plugin v27.3 - https:\/\/yoast.com\/product\/yoast-seo-wordpress\/ -->\n<title>F\u00fcr Arbeitgeber - SwissWorkTime<\/title>\n<meta name=\"description\" content=\"SwissWorkTime ist die perfekte L\u00f6sung f\u00fcr Arbeitgeber, um Baustellen und Projekte optimal zu verwalten.\" \/>\n<meta name=\"robots\" content=\"index, follow, max-snippet:-1, max-image-preview:large, max-video-preview:-1\" \/>\n<link rel=\"canonical\" href=\"https:\/\/swissworktime.ch\/de\/fuer-arbeitgeber\/\" \/>\n<meta property=\"og:locale\" content=\"de_DE\" \/>\n<meta property=\"og:type\" content=\"article\" \/>\n<meta property=\"og:title\" content=\"F\u00fcr Arbeitgeber - SwissWorkTime\" \/>\n<meta property=\"og:description\" content=\"SwissWorkTime ist die perfekte L\u00f6sung f\u00fcr Arbeitgeber, um Baustellen und Projekte optimal zu verwalten.\" \/>\n<meta property=\"og:url\" content=\"https:\/\/swissworktime.ch\/de\/fuer-arbeitgeber\/\" \/>\n<meta property=\"og:site_name\" content=\"SwissWorkTime\" \/>\n<meta property=\"article:publisher\" content=\"https:\/\/www.facebook.com\/swissworktime\" \/>\n<meta property=\"article:modified_time\" content=\"2024-07-26T07:27:14+00:00\" \/>\n<meta property=\"og:image\" content=\"https:\/\/swissworktime.ch\/wp-content\/uploads\/2022\/11\/logo_swissworktime.png\" \/>\n\t<meta property=\"og:image:width\" content=\"430\" \/>\n\t<meta property=\"og:image:height\" content=\"430\" \/>\n\t<meta property=\"og:image:type\" content=\"image\/png\" \/>\n<meta name=\"twitter:card\" content=\"summary_large_image\" \/>\n<meta name=\"twitter:label1\" content=\"Gesch\u00e4tzte Lesezeit\" \/>\n\t<meta name=\"twitter:data1\" content=\"3\u00a0Minuten\" \/>\n<script type=\"application\/ld+json\" class=\"yoast-schema-graph\">{\"@context\":\"https:\\\/\\\/schema.org\",\"@graph\":[{\"@type\":\"WebPage\",\"@id\":\"https:\\\/\\\/swissworktime.ch\\\/de\\\/fuer-arbeitgeber\\\/\",\"url\":\"https:\\\/\\\/swissworktime.ch\\\/de\\\/fuer-arbeitgeber\\\/\",\"name\":\"F\u00fcr Arbeitgeber - SwissWorkTime\",\"isPartOf\":{\"@id\":\"https:\\\/\\\/swissworktime.ch\\\/de\\\/#website\"},\"datePublished\":\"2024-06-05T08:14:07+00:00\",\"dateModified\":\"2024-07-26T07:27:14+00:00\",\"description\":\"SwissWorkTime ist die perfekte L\u00f6sung f\u00fcr Arbeitgeber, um Baustellen und Projekte optimal zu verwalten.\",\"breadcrumb\":{\"@id\":\"https:\\\/\\\/swissworktime.ch\\\/de\\\/fuer-arbeitgeber\\\/#breadcrumb\"},\"inLanguage\":\"de\",\"potentialAction\":[{\"@type\":\"ReadAction\",\"target\":[\"https:\\\/\\\/swissworktime.ch\\\/de\\\/fuer-arbeitgeber\\\/\"]}]},{\"@type\":\"BreadcrumbList\",\"@id\":\"https:\\\/\\\/swissworktime.ch\\\/de\\\/fuer-arbeitgeber\\\/#breadcrumb\",\"itemListElement\":[{\"@type\":\"ListItem\",\"position\":1,\"name\":\"Accueil\",\"item\":\"https:\\\/\\\/swissworktime.ch\\\/de\\\/\"},{\"@type\":\"ListItem\",\"position\":2,\"name\":\"F\u00fcr Arbeitgeber\"}]},{\"@type\":\"WebSite\",\"@id\":\"https:\\\/\\\/swissworktime.ch\\\/de\\\/#website\",\"url\":\"https:\\\/\\\/swissworktime.ch\\\/de\\\/\",\"name\":\"SwissWorkTime\",\"description\":\"App pour la gestion et la saisie des heures de travail\",\"publisher\":{\"@id\":\"https:\\\/\\\/swissworktime.ch\\\/de\\\/#organization\"},\"potentialAction\":[{\"@type\":\"SearchAction\",\"target\":{\"@type\":\"EntryPoint\",\"urlTemplate\":\"https:\\\/\\\/swissworktime.ch\\\/de\\\/?s={search_term_string}\"},\"query-input\":{\"@type\":\"PropertyValueSpecification\",\"valueRequired\":true,\"valueName\":\"search_term_string\"}}],\"inLanguage\":\"de\"},{\"@type\":\"Organization\",\"@id\":\"https:\\\/\\\/swissworktime.ch\\\/de\\\/#organization\",\"name\":\"SwissWorkTime\",\"url\":\"https:\\\/\\\/swissworktime.ch\\\/de\\\/\",\"logo\":{\"@type\":\"ImageObject\",\"inLanguage\":\"de\",\"@id\":\"https:\\\/\\\/swissworktime.ch\\\/de\\\/#\\\/schema\\\/logo\\\/image\\\/\",\"url\":\"https:\\\/\\\/swissworktime.ch\\\/wp-content\\\/uploads\\\/2021\\\/02\\\/logoSWT_header.png\",\"contentUrl\":\"https:\\\/\\\/swissworktime.ch\\\/wp-content\\\/uploads\\\/2021\\\/02\\\/logoSWT_header.png\",\"width\":1024,\"height\":250,\"caption\":\"SwissWorkTime\"},\"image\":{\"@id\":\"https:\\\/\\\/swissworktime.ch\\\/de\\\/#\\\/schema\\\/logo\\\/image\\\/\"},\"sameAs\":[\"https:\\\/\\\/www.facebook.com\\\/swissworktime\"]}]}<\/script>\n<!-- \/ Yoast SEO plugin. -->","yoast_head_json":{"title":"F\u00fcr Arbeitgeber - SwissWorkTime","description":"SwissWorkTime ist die perfekte L\u00f6sung f\u00fcr Arbeitgeber, um Baustellen und Projekte optimal zu verwalten.","robots":{"index":"index","follow":"follow","max-snippet":"max-snippet:-1","max-image-preview":"max-image-preview:large","max-video-preview":"max-video-preview:-1"},"canonical":"https:\/\/swissworktime.ch\/de\/fuer-arbeitgeber\/","og_locale":"de_DE","og_type":"article","og_title":"F\u00fcr Arbeitgeber - SwissWorkTime","og_description":"SwissWorkTime ist die perfekte L\u00f6sung f\u00fcr Arbeitgeber, um Baustellen und Projekte optimal zu verwalten.","og_url":"https:\/\/swissworktime.ch\/de\/fuer-arbeitgeber\/","og_site_name":"SwissWorkTime","article_publisher":"https:\/\/www.facebook.com\/swissworktime","article_modified_time":"2024-07-26T07:27:14+00:00","og_image":[{"width":430,"height":430,"url":"https:\/\/swissworktime.ch\/wp-content\/uploads\/2022\/11\/logo_swissworktime.png","type":"image\/png"}],"twitter_card":"summary_large_image","twitter_misc":{"Gesch\u00e4tzte Lesezeit":"3\u00a0Minuten"},"schema":{"@context":"https:\/\/schema.org","@graph":[{"@type":"WebPage","@id":"https:\/\/swissworktime.ch\/de\/fuer-arbeitgeber\/","url":"https:\/\/swissworktime.ch\/de\/fuer-arbeitgeber\/","name":"F\u00fcr Arbeitgeber - SwissWorkTime","isPartOf":{"@id":"https:\/\/swissworktime.ch\/de\/#website"},"datePublished":"2024-06-05T08:14:07+00:00","dateModified":"2024-07-26T07:27:14+00:00","description":"SwissWorkTime ist die perfekte L\u00f6sung f\u00fcr Arbeitgeber, um Baustellen und Projekte optimal zu verwalten.","breadcrumb":{"@id":"https:\/\/swissworktime.ch\/de\/fuer-arbeitgeber\/#breadcrumb"},"inLanguage":"de","potentialAction":[{"@type":"ReadAction","target":["https:\/\/swissworktime.ch\/de\/fuer-arbeitgeber\/"]}]},{"@type":"BreadcrumbList","@id":"https:\/\/swissworktime.ch\/de\/fuer-arbeitgeber\/#breadcrumb","itemListElement":[{"@type":"ListItem","position":1,"name":"Accueil","item":"https:\/\/swissworktime.ch\/de\/"},{"@type":"ListItem","position":2,"name":"F\u00fcr Arbeitgeber"}]},{"@type":"WebSite","@id":"https:\/\/swissworktime.ch\/de\/#website","url":"https:\/\/swissworktime.ch\/de\/","name":"SwissWorkTime","description":"App pour la gestion et la saisie des heures de travail","publisher":{"@id":"https:\/\/swissworktime.ch\/de\/#organization"},"potentialAction":[{"@type":"SearchAction","target":{"@type":"EntryPoint","urlTemplate":"https:\/\/swissworktime.ch\/de\/?s={search_term_string}"},"query-input":{"@type":"PropertyValueSpecification","valueRequired":true,"valueName":"search_term_string"}}],"inLanguage":"de"},{"@type":"Organization","@id":"https:\/\/swissworktime.ch\/de\/#organization","name":"SwissWorkTime","url":"https:\/\/swissworktime.ch\/de\/","logo":{"@type":"ImageObject","inLanguage":"de","@id":"https:\/\/swissworktime.ch\/de\/#\/schema\/logo\/image\/","url":"https:\/\/swissworktime.ch\/wp-content\/uploads\/2021\/02\/logoSWT_header.png","contentUrl":"https:\/\/swissworktime.ch\/wp-content\/uploads\/2021\/02\/logoSWT_header.png","width":1024,"height":250,"caption":"SwissWorkTime"},"image":{"@id":"https:\/\/swissworktime.ch\/de\/#\/schema\/logo\/image\/"},"sameAs":["https:\/\/www.facebook.com\/swissworktime"]}]}},"_links":{"self":[{"href":"https:\/\/swissworktime.ch\/de\/wp-json\/wp\/v2\/pages\/251994","targetHints":{"allow":["GET"]}}],"collection":[{"href":"https:\/\/swissworktime.ch\/de\/wp-json\/wp\/v2\/pages"}],"about":[{"href":"https:\/\/swissworktime.ch\/de\/wp-json\/wp\/v2\/types\/page"}],"author":[{"embeddable":true,"href":"https:\/\/swissworktime.ch\/de\/wp-json\/wp\/v2\/users\/2"}],"replies":[{"embeddable":true,"href":"https:\/\/swissworktime.ch\/de\/wp-json\/wp\/v2\/comments?post=251994"}],"version-history":[{"count":2,"href":"https:\/\/swissworktime.ch\/de\/wp-json\/wp\/v2\/pages\/251994\/revisions"}],"predecessor-version":[{"id":253597,"href":"https:\/\/swissworktime.ch\/de\/wp-json\/wp\/v2\/pages\/251994\/revisions\/253597"}],"wp:attachment":[{"href":"https:\/\/swissworktime.ch\/de\/wp-json\/wp\/v2\/media?parent=251994"}],"curies":[{"name":"wp","href":"https:\/\/api.w.org\/{rel}","templated":true}]}}