{"id":252099,"date":"2024-06-05T10:15:05","date_gmt":"2024-06-05T08:15:05","guid":{"rendered":"https:\/\/swissworktime.ch\/berichte\/"},"modified":"2024-10-16T08:48:14","modified_gmt":"2024-10-16T06:48:14","slug":"berichte","status":"publish","type":"page","link":"https:\/\/swissworktime.ch\/de\/funktionen\/berichte\/","title":{"rendered":"Berichte"},"content":{"rendered":"<p>[et_pb_section fb_built=&#8220;1&#8243; _builder_version=&#8220;4.24.2&#8243; _module_preset=&#8220;default&#8220; background_image=&#8220;https:\/\/swissworktime.ch\/wp-content\/uploads\/2024\/05\/8.png&#8220; custom_padding=&#8220;110px||110px||true|false&#8220; global_colors_info=&#8220;{}&#8220;][et_pb_row column_structure=&#8220;2_5,3_5&#8243; _builder_version=&#8220;4.24.2&#8243; _module_preset=&#8220;default&#8220; width=&#8220;95%&#8220; max_width=&#8220;2560px&#8220; global_colors_info=&#8220;{}&#8220;][et_pb_column type=&#8220;2_5&#8243; _builder_version=&#8220;4.24.2&#8243; _module_preset=&#8220;default&#8220; pac_dcm_carousel_specific_module_num=&#8220;0&#8243; global_colors_info=&#8220;{}&#8220;][et_pb_image src=&#8220;https:\/\/swissworktime.ch\/wp-content\/uploads\/2024\/05\/5-BRUN-CARRE-BLANCldpi.svg&#8220; alt=&#8220;ic\u00f4ne d\u00e9compte        &#8220; title_text=&#8220;5 BRUN CARRE BLANCldpi        &#8220; align=&#8220;right&#8220; _builder_version=&#8220;4.24.2&#8243; _module_preset=&#8220;default&#8220; height=&#8220;216px&#8220; global_colors_info=&#8220;{}&#8220;][\/et_pb_image][\/et_pb_column][et_pb_column type=&#8220;3_5&#8243; _builder_version=&#8220;4.24.2&#8243; _module_preset=&#8220;default&#8220; pac_dcm_carousel_specific_module_num=&#8220;0&#8243; global_colors_info=&#8220;{}&#8220;][et_pb_text _builder_version=&#8220;4.27.0&#8243; _module_preset=&#8220;default&#8220; text_font=&#8220;Proza Libre||||||||&#8220; text_text_color=&#8220;#000000&#8243; text_font_size=&#8220;30px&#8220; header_font=&#8220;|700|||||||&#8220; header_text_align=&#8220;center&#8220; header_text_color=&#8220;#000000&#8243; header_font_size=&#8220;40px&#8220; header_line_height=&#8220;1.3em&#8220; header_2_font=&#8220;Proza Libre|700|||||||&#8220; header_2_text_align=&#8220;center&#8220; header_2_text_color=&#8220;#000000&#8243; header_2_font_size=&#8220;40px&#8220; header_2_line_height=&#8220;1.3em&#8220; text_orientation=&#8220;center&#8220; custom_padding=&#8220;15px|||||&#8220; hover_enabled=&#8220;0&#8243; text_line_height_tablet=&#8220;&#8220; text_line_height_phone=&#8220;1.5em&#8220; text_line_height_last_edited=&#8220;on|phone&#8220; header_font_size_tablet=&#8220;36px&#8220; header_font_size_phone=&#8220;32px&#8220; header_font_size_last_edited=&#8220;on|phone&#8220; header_2_font_size_tablet=&#8220;36px&#8220; header_2_font_size_phone=&#8220;32px&#8220; header_2_font_size_last_edited=&#8220;on|phone&#8220; global_colors_info=&#8220;{}&#8220; sticky_enabled=&#8220;0&#8243;]<\/p>\n<h1 style=\"text-align: left;\"><span style=\"color: #ffffff;\">Bericht pro Mitarbeiter<br \/>\n        <\/span><\/h1>\n<p>[\/et_pb_text][\/et_pb_column][\/et_pb_row][\/et_pb_section][et_pb_section fb_built=&#8220;1&#8243; _builder_version=&#8220;4.16&#8243; _module_preset=&#8220;default&#8220; global_colors_info=&#8220;{}&#8220;][et_pb_row use_custom_gutter=&#8220;on&#8220; gutter_width=&#8220;2&#8243; _builder_version=&#8220;4.16&#8243; _module_preset=&#8220;default&#8220; max_width=&#8220;1260px&#8220; custom_padding=&#8220;||||false|false&#8220; global_colors_info=&#8220;{}&#8220;][et_pb_column type=&#8220;4_4&#8243; _builder_version=&#8220;4.16&#8243; _module_preset=&#8220;default&#8220; pac_dcm_carousel_specific_module_num=&#8220;0&#8243; global_colors_info=&#8220;{}&#8220;][et_pb_text _builder_version=&#8220;4.27.0&#8243; _module_preset=&#8220;default&#8220; text_text_color=&#8220;#000000&#8243; custom_padding_tablet=&#8220;|15px||15px|false|true&#8220; custom_padding_phone=&#8220;&#8220; custom_padding_last_edited=&#8220;on|desktop&#8220; hover_enabled=&#8220;0&#8243; global_colors_info=&#8220;{}&#8220; sticky_enabled=&#8220;0&#8243;]<\/p>\n<p>SwissWorkTime bietet eine Funktion, die es erm\u00f6glicht, sofort Aktivit\u00e4tsberichte zu erstellen, um einen detaillierten \u00dcberblick \u00fcber die Entwicklung der Aktivit\u00e4ten jedes Mitarbeiters im Laufe des Jahres zu erhalten. Diese Dokumente werden zur Verfolgung von Zielen, erreichten Ergebnissen sowie zur \u00dcberwachung der Gesamtleistung jeder Abteilung und aller Projekte verwendet. Die Berichte bieten eine umfassende Analyse der gesammelten Daten und erm\u00f6glichen eine genaue Bewertung des Fortschritts der verschiedenen laufenden Projekte.<\/p>\n<p>Mit unserer Anwendung k\u00f6nnen Sie die erledigten Aufgaben verfolgen und Daten erhalten, die in Wochen-, Monats- und Jahresberichten dargestellt werden und so eine detaillierte \u00dcbersicht \u00fcber die Aktivit\u00e4ten jedes einzelnen Mitarbeiters bieten. Diese Dokumente eignen sich f\u00fcr die Kontrolle des Aktivit\u00e4tsstatus des Unternehmens und erm\u00f6glichen es, St\u00e4rken und Verbesserungsm\u00f6glichkeiten f\u00fcr jedes Projekt zu identifizieren.<\/p>\n<p>Inhalt der Monitoring-Berichte<\/p>\n<p>Diese Monitoring-Dokumente umfassen :<\/p>\n<ul>\n<li>Die t\u00e4gliche (oder monatliche f\u00fcr den Jahresbericht) Aufschl\u00fcsselung der geleisteten Arbeitsstunden, der zugeh\u00f6rigen Fotos, der eingegebenen <strong><a href=\"https:\/\/swissworktime.ch\/de\/funktionen\/informationen\/\">Kommentare<\/a><\/strong>, der entstandenen <strong><a href=\"https:\/\/swissworktime.ch\/de\/funktionen\/spesenabrechnung\/\">Kosten<\/a> <\/strong>und der durchgef\u00fchrten <strong><a href=\"https:\/\/swissworktime.ch\/de\/funktionen\/fahrzeiten\/\">Reisen<\/a><\/strong>, wodurch eine vollst\u00e4ndige Transparenz der T\u00e4tigkeit gew\u00e4hrleistet wird.<\/li>\n<\/ul>\n<ul>\n<li>Die Berechnung von <a href=\"https:\/\/swissworktime.ch\/de\/funktionen\/urlaubstage-und-ueberstunden\/\">\u00dcberstunden<\/a>, eine vollst\u00e4ndige Zusammenfassung des Zeitraums und eine Analyse der Leistungsentwicklung mit einem Vergleich mit den f\u00fcr jedes Projekt festgelegten Zielen.<\/li>\n<\/ul>\n<p>Die von SwissWorkTime angebotenen Tools f\u00fcr T\u00e4tigkeitsberichte sind vollst\u00e4ndig anpassbar, um spezifische Bed\u00fcrfnisse zu erf\u00fcllen, sei es, um Informationen f\u00fcr einen bestimmten Mitarbeiter, f\u00fcr alle Mitarbeiter einer <a href=\"https:\/\/swissworktime.ch\/de\/funktionen\/unterteilung\/\">Abteilung<\/a> oder f\u00fcr das gesamte Unternehmen anzuzeigen. Die mobile Anwendung erm\u00f6glicht au\u00dferdem den Export von Berichten im PDF-Format, wodurch die Integration in die Gehaltsabrechnungen der Mitarbeiter und in Nachverfolgungsberichte erleichtert wird. Diese Tracking-Dokumente werden auch f\u00fcr die Projektkontrolle verwendet und bieten einen klaren \u00dcberblick \u00fcber die Entwicklung der Ziele und erwarteten Ergebnisse.<\/p>\n<p><strong>Verfolgung der Ziele und Analyse der Ergebnisse<\/strong><\/p>\n<p>Mit SwissWorkTime verf\u00fcgen Sie \u00fcber vollst\u00e4ndige und genaue Berichte zum Herunterladen, die Schl\u00fcsselzahlen, individuelle und teambezogene Ergebnisanalysen, erreichte Ziele sowie Ausgaben und verwendete Ressourcen hervorheben und so die Verwaltung von Priorit\u00e4ten und die Anpassung des Budgets erleichtern. Diese Management- und Aktivit\u00e4tsdokumente sind f\u00fcr eine projektbezogene oder individuelle Kontrolle unerl\u00e4sslich und erm\u00f6glichen eine optimale Verwaltung der Aktivit\u00e4ten Ihrer Mitarbeiter im Laufe des Jahres, wobei die Fortschritte bei der Erreichung der einzelnen Ziele klar nachvollziehbar sind.<\/p>\n<p>Die von SwissWorkTime erstellten Berichte bieten einen \u00dcberblick \u00fcber die im Laufe des Jahres gesammelten Daten und erleichtern so die Kontrolle und Steuerung der Aktivit\u00e4ten. Jeder Bericht ist ein wertvolles Dokument zur \u00dcberwachung der Leistungsentwicklung, sei es, um die Ergebnisse mit den urspr\u00fcnglichen Zielen zu vergleichen oder um den Status von Projekten genauer zu verfolgen.<\/p>\n<p>[\/et_pb_text][\/et_pb_column][\/et_pb_row][et_pb_row use_custom_gutter=&#8220;on&#8220; gutter_width=&#8220;2&#8243; _builder_version=&#8220;4.24.2&#8243; _module_preset=&#8220;default&#8220; max_width=&#8220;1260px&#8220; custom_padding=&#8220;||||false|false&#8220; global_colors_info=&#8220;{}&#8220;][et_pb_column type=&#8220;4_4&#8243; _builder_version=&#8220;4.24.2&#8243; _module_preset=&#8220;default&#8220; pac_dcm_carousel_specific_module_num=&#8220;0&#8243; global_colors_info=&#8220;{}&#8220;][et_pb_image src=&#8220;https:\/\/swissworktime.ch\/wp-content\/uploads\/2024\/07\/backoffice-reportFR.png&#8220; alt=&#8220;Backoffice Bericht \u00fcber eingegebene Arbeitszeiten        &#8220; show_in_lightbox=&#8220;on&#8220; align=&#8220;center&#8220; _builder_version=&#8220;4.27.0&#8243; _module_preset=&#8220;default&#8220; global_colors_info=&#8220;{}&#8220;][\/et_pb_image][\/et_pb_column][\/et_pb_row][et_pb_row _builder_version=&#8220;4.24.2&#8243; _module_preset=&#8220;default&#8220; global_colors_info=&#8220;{}&#8220;][et_pb_column type=&#8220;4_4&#8243; _builder_version=&#8220;4.24.2&#8243; _module_preset=&#8220;default&#8220; pac_dcm_carousel_specific_module_num=&#8220;0&#8243; global_colors_info=&#8220;{}&#8220;][et_pb_cta title=&#8220;Testen Sie die Anwendung 1 Monat kostenlos        &#8220; button_url=&#8220;https:\/\/www.swissworktime.pro\/fr\/WebDemo\/WebAccountRequest&#8220; url_new_window=&#8220;on&#8220; button_text=&#8220;KOSTENLOSES Konto erstellen        &#8220; disabled_on=&#8220;off|off|on&#8220; _builder_version=&#8220;4.24.2&#8243; _module_preset=&#8220;default&#8220; width=&#8220;46%&#8220; width_tablet=&#8220;79%&#8220; width_phone=&#8220;100%&#8220; width_last_edited=&#8220;on|phone&#8220; module_alignment=&#8220;center&#8220; global_colors_info=&#8220;{}&#8220;][\/et_pb_cta][\/et_pb_column][\/et_pb_row][et_pb_row _builder_version=&#8220;4.24.2&#8243; _module_preset=&#8220;default&#8220; global_module=&#8220;5192&#8243; saved_tabs=&#8220;all&#8220; global_colors_info=&#8220;{}&#8220;][et_pb_column type=&#8220;4_4&#8243; _builder_version=&#8220;4.24.2&#8243; _module_preset=&#8220;default&#8220; pac_dcm_carousel_specific_module_num=&#8220;0&#8243; global_colors_info=&#8220;{}&#8220;][et_pb_image src=&#8220;https:\/\/swissworktime.ch\/wp-content\/uploads\/2024\/06\/GIF-ALL-FRANC.gif&#8220; alt=&#8220;SwissWorkTime CHF 5,- pro Mitarbeiter und Monat, kostenloser Testzeitraum von 1 Monat        &#8220; url=&#8220;https:\/\/swissworktime.ch\/de\/preise\/kostenloses-probeabo\/&#8220; disabled_on=&#8220;on|on|off&#8220; admin_label=&#8220;Image&#8220; _builder_version=&#8220;4.24.2&#8243; _module_preset=&#8220;default&#8220; positioning=&#8220;fixed&#8220; position_origin_f=&#8220;center_right&#8220; horizontal_offset=&#8220;10px&#8220; width=&#8220;10%&#8220; global_colors_info=&#8220;{}&#8220;][\/et_pb_image][\/et_pb_column][\/et_pb_row][et_pb_row _builder_version=&#8220;4.24.2&#8243; _module_preset=&#8220;default&#8220; global_colors_info=&#8220;{}&#8220;][et_pb_column type=&#8220;4_4&#8243; _builder_version=&#8220;4.24.2&#8243; _module_preset=&#8220;default&#8220; pac_dcm_carousel_specific_module_num=&#8220;0&#8243; global_colors_info=&#8220;{}&#8220;][et_pb_text _builder_version=&#8220;4.24.2&#8243; _module_preset=&#8220;default&#8220; hover_enabled=&#8220;0&#8243; global_colors_info=&#8220;{}&#8220; sticky_enabled=&#8220;0&#8243;]<button class=\"btnFonct\" onclick=\"history.go(-1)\"> &lt; Zur\u00fcck<br \/>\n        <\/button>[\/et_pb_text][\/et_pb_column][\/et_pb_row][\/et_pb_section]<\/p>\n","protected":false},"excerpt":{"rendered":"<p>Bericht pro Mitarbeiter SwissWorkTime bietet eine Funktion, die es erm\u00f6glicht, sofort Aktivit\u00e4tsberichte zu erstellen, um einen detaillierten \u00dcberblick \u00fcber die Entwicklung der Aktivit\u00e4ten jedes Mitarbeiters im Laufe des Jahres zu erhalten. Diese Dokumente werden zur Verfolgung von Zielen, erreichten Ergebnissen sowie zur \u00dcberwachung der Gesamtleistung jeder Abteilung und aller Projekte verwendet. Die Berichte bieten eine [&hellip;]<\/p>\n","protected":false},"author":2,"featured_media":0,"parent":252171,"menu_order":0,"comment_status":"closed","ping_status":"closed","template":"","meta":{"_et_pb_use_builder":"on","_et_pb_old_content":"","_et_gb_content_width":"","inline_featured_image":false,"footnotes":""},"class_list":["post-252099","page","type-page","status-publish","hentry"],"yoast_head":"<!-- This site is optimized with the Yoast SEO plugin v27.3 - https:\/\/yoast.com\/product\/yoast-seo-wordpress\/ -->\n<title>Berichte - SwissWorkTime<\/title>\n<meta name=\"description\" content=\"SwissWorkTime erstellt in Echtzeit w\u00f6chentliche, monatliche oder j\u00e4hrliche Aktivit\u00e4tsberichte f\u00fcr jeden Mitarbeiter.\" \/>\n<meta name=\"robots\" content=\"index, follow, max-snippet:-1, max-image-preview:large, max-video-preview:-1\" \/>\n<link rel=\"canonical\" href=\"https:\/\/swissworktime.ch\/de\/funktionen\/berichte\/\" \/>\n<meta property=\"og:locale\" content=\"de_DE\" \/>\n<meta property=\"og:type\" content=\"article\" \/>\n<meta property=\"og:title\" content=\"Berichte - SwissWorkTime\" \/>\n<meta property=\"og:description\" content=\"SwissWorkTime erstellt in Echtzeit w\u00f6chentliche, monatliche oder j\u00e4hrliche Aktivit\u00e4tsberichte f\u00fcr jeden Mitarbeiter.\" \/>\n<meta property=\"og:url\" content=\"https:\/\/swissworktime.ch\/de\/funktionen\/berichte\/\" \/>\n<meta property=\"og:site_name\" content=\"SwissWorkTime\" \/>\n<meta property=\"article:publisher\" content=\"https:\/\/www.facebook.com\/swissworktime\" \/>\n<meta property=\"article:modified_time\" content=\"2024-10-16T06:48:14+00:00\" \/>\n<meta property=\"og:image\" content=\"https:\/\/swissworktime.ch\/wp-content\/uploads\/2022\/11\/logo_swissworktime.png\" \/>\n\t<meta property=\"og:image:width\" content=\"430\" \/>\n\t<meta property=\"og:image:height\" content=\"430\" \/>\n\t<meta property=\"og:image:type\" content=\"image\/png\" \/>\n<meta name=\"twitter:card\" content=\"summary_large_image\" \/>\n<meta name=\"twitter:label1\" content=\"Gesch\u00e4tzte Lesezeit\" \/>\n\t<meta name=\"twitter:data1\" content=\"2\u00a0Minuten\" \/>\n<script type=\"application\/ld+json\" class=\"yoast-schema-graph\">{\"@context\":\"https:\\\/\\\/schema.org\",\"@graph\":[{\"@type\":\"WebPage\",\"@id\":\"https:\\\/\\\/swissworktime.ch\\\/de\\\/funktionen\\\/berichte\\\/\",\"url\":\"https:\\\/\\\/swissworktime.ch\\\/de\\\/funktionen\\\/berichte\\\/\",\"name\":\"Berichte - SwissWorkTime\",\"isPartOf\":{\"@id\":\"https:\\\/\\\/swissworktime.ch\\\/de\\\/#website\"},\"datePublished\":\"2024-06-05T08:15:05+00:00\",\"dateModified\":\"2024-10-16T06:48:14+00:00\",\"description\":\"SwissWorkTime erstellt in Echtzeit w\u00f6chentliche, monatliche oder j\u00e4hrliche Aktivit\u00e4tsberichte f\u00fcr jeden Mitarbeiter.\",\"breadcrumb\":{\"@id\":\"https:\\\/\\\/swissworktime.ch\\\/de\\\/funktionen\\\/berichte\\\/#breadcrumb\"},\"inLanguage\":\"de\",\"potentialAction\":[{\"@type\":\"ReadAction\",\"target\":[\"https:\\\/\\\/swissworktime.ch\\\/de\\\/funktionen\\\/berichte\\\/\"]}]},{\"@type\":\"BreadcrumbList\",\"@id\":\"https:\\\/\\\/swissworktime.ch\\\/de\\\/funktionen\\\/berichte\\\/#breadcrumb\",\"itemListElement\":[{\"@type\":\"ListItem\",\"position\":1,\"name\":\"Accueil\",\"item\":\"https:\\\/\\\/swissworktime.ch\\\/de\\\/\"},{\"@type\":\"ListItem\",\"position\":2,\"name\":\"Funktionen\",\"item\":\"https:\\\/\\\/swissworktime.ch\\\/de\\\/funktionen\\\/\"},{\"@type\":\"ListItem\",\"position\":3,\"name\":\"Berichte\"}]},{\"@type\":\"WebSite\",\"@id\":\"https:\\\/\\\/swissworktime.ch\\\/de\\\/#website\",\"url\":\"https:\\\/\\\/swissworktime.ch\\\/de\\\/\",\"name\":\"SwissWorkTime\",\"description\":\"App pour la gestion et la saisie des heures de travail\",\"publisher\":{\"@id\":\"https:\\\/\\\/swissworktime.ch\\\/de\\\/#organization\"},\"potentialAction\":[{\"@type\":\"SearchAction\",\"target\":{\"@type\":\"EntryPoint\",\"urlTemplate\":\"https:\\\/\\\/swissworktime.ch\\\/de\\\/?s={search_term_string}\"},\"query-input\":{\"@type\":\"PropertyValueSpecification\",\"valueRequired\":true,\"valueName\":\"search_term_string\"}}],\"inLanguage\":\"de\"},{\"@type\":\"Organization\",\"@id\":\"https:\\\/\\\/swissworktime.ch\\\/de\\\/#organization\",\"name\":\"SwissWorkTime\",\"url\":\"https:\\\/\\\/swissworktime.ch\\\/de\\\/\",\"logo\":{\"@type\":\"ImageObject\",\"inLanguage\":\"de\",\"@id\":\"https:\\\/\\\/swissworktime.ch\\\/de\\\/#\\\/schema\\\/logo\\\/image\\\/\",\"url\":\"https:\\\/\\\/swissworktime.ch\\\/wp-content\\\/uploads\\\/2021\\\/02\\\/logoSWT_header.png\",\"contentUrl\":\"https:\\\/\\\/swissworktime.ch\\\/wp-content\\\/uploads\\\/2021\\\/02\\\/logoSWT_header.png\",\"width\":1024,\"height\":250,\"caption\":\"SwissWorkTime\"},\"image\":{\"@id\":\"https:\\\/\\\/swissworktime.ch\\\/de\\\/#\\\/schema\\\/logo\\\/image\\\/\"},\"sameAs\":[\"https:\\\/\\\/www.facebook.com\\\/swissworktime\"]}]}<\/script>\n<!-- \/ Yoast SEO plugin. -->","yoast_head_json":{"title":"Berichte - SwissWorkTime","description":"SwissWorkTime erstellt in Echtzeit w\u00f6chentliche, monatliche oder j\u00e4hrliche Aktivit\u00e4tsberichte f\u00fcr jeden Mitarbeiter.","robots":{"index":"index","follow":"follow","max-snippet":"max-snippet:-1","max-image-preview":"max-image-preview:large","max-video-preview":"max-video-preview:-1"},"canonical":"https:\/\/swissworktime.ch\/de\/funktionen\/berichte\/","og_locale":"de_DE","og_type":"article","og_title":"Berichte - SwissWorkTime","og_description":"SwissWorkTime erstellt in Echtzeit w\u00f6chentliche, monatliche oder j\u00e4hrliche Aktivit\u00e4tsberichte f\u00fcr jeden Mitarbeiter.","og_url":"https:\/\/swissworktime.ch\/de\/funktionen\/berichte\/","og_site_name":"SwissWorkTime","article_publisher":"https:\/\/www.facebook.com\/swissworktime","article_modified_time":"2024-10-16T06:48:14+00:00","og_image":[{"width":430,"height":430,"url":"https:\/\/swissworktime.ch\/wp-content\/uploads\/2022\/11\/logo_swissworktime.png","type":"image\/png"}],"twitter_card":"summary_large_image","twitter_misc":{"Gesch\u00e4tzte Lesezeit":"2\u00a0Minuten"},"schema":{"@context":"https:\/\/schema.org","@graph":[{"@type":"WebPage","@id":"https:\/\/swissworktime.ch\/de\/funktionen\/berichte\/","url":"https:\/\/swissworktime.ch\/de\/funktionen\/berichte\/","name":"Berichte - SwissWorkTime","isPartOf":{"@id":"https:\/\/swissworktime.ch\/de\/#website"},"datePublished":"2024-06-05T08:15:05+00:00","dateModified":"2024-10-16T06:48:14+00:00","description":"SwissWorkTime erstellt in Echtzeit w\u00f6chentliche, monatliche oder j\u00e4hrliche Aktivit\u00e4tsberichte f\u00fcr jeden Mitarbeiter.","breadcrumb":{"@id":"https:\/\/swissworktime.ch\/de\/funktionen\/berichte\/#breadcrumb"},"inLanguage":"de","potentialAction":[{"@type":"ReadAction","target":["https:\/\/swissworktime.ch\/de\/funktionen\/berichte\/"]}]},{"@type":"BreadcrumbList","@id":"https:\/\/swissworktime.ch\/de\/funktionen\/berichte\/#breadcrumb","itemListElement":[{"@type":"ListItem","position":1,"name":"Accueil","item":"https:\/\/swissworktime.ch\/de\/"},{"@type":"ListItem","position":2,"name":"Funktionen","item":"https:\/\/swissworktime.ch\/de\/funktionen\/"},{"@type":"ListItem","position":3,"name":"Berichte"}]},{"@type":"WebSite","@id":"https:\/\/swissworktime.ch\/de\/#website","url":"https:\/\/swissworktime.ch\/de\/","name":"SwissWorkTime","description":"App pour la gestion et la saisie des heures de travail","publisher":{"@id":"https:\/\/swissworktime.ch\/de\/#organization"},"potentialAction":[{"@type":"SearchAction","target":{"@type":"EntryPoint","urlTemplate":"https:\/\/swissworktime.ch\/de\/?s={search_term_string}"},"query-input":{"@type":"PropertyValueSpecification","valueRequired":true,"valueName":"search_term_string"}}],"inLanguage":"de"},{"@type":"Organization","@id":"https:\/\/swissworktime.ch\/de\/#organization","name":"SwissWorkTime","url":"https:\/\/swissworktime.ch\/de\/","logo":{"@type":"ImageObject","inLanguage":"de","@id":"https:\/\/swissworktime.ch\/de\/#\/schema\/logo\/image\/","url":"https:\/\/swissworktime.ch\/wp-content\/uploads\/2021\/02\/logoSWT_header.png","contentUrl":"https:\/\/swissworktime.ch\/wp-content\/uploads\/2021\/02\/logoSWT_header.png","width":1024,"height":250,"caption":"SwissWorkTime"},"image":{"@id":"https:\/\/swissworktime.ch\/de\/#\/schema\/logo\/image\/"},"sameAs":["https:\/\/www.facebook.com\/swissworktime"]}]}},"_links":{"self":[{"href":"https:\/\/swissworktime.ch\/de\/wp-json\/wp\/v2\/pages\/252099","targetHints":{"allow":["GET"]}}],"collection":[{"href":"https:\/\/swissworktime.ch\/de\/wp-json\/wp\/v2\/pages"}],"about":[{"href":"https:\/\/swissworktime.ch\/de\/wp-json\/wp\/v2\/types\/page"}],"author":[{"embeddable":true,"href":"https:\/\/swissworktime.ch\/de\/wp-json\/wp\/v2\/users\/2"}],"replies":[{"embeddable":true,"href":"https:\/\/swissworktime.ch\/de\/wp-json\/wp\/v2\/comments?post=252099"}],"version-history":[{"count":2,"href":"https:\/\/swissworktime.ch\/de\/wp-json\/wp\/v2\/pages\/252099\/revisions"}],"predecessor-version":[{"id":254054,"href":"https:\/\/swissworktime.ch\/de\/wp-json\/wp\/v2\/pages\/252099\/revisions\/254054"}],"up":[{"embeddable":true,"href":"https:\/\/swissworktime.ch\/de\/wp-json\/wp\/v2\/pages\/252171"}],"wp:attachment":[{"href":"https:\/\/swissworktime.ch\/de\/wp-json\/wp\/v2\/media?parent=252099"}],"curies":[{"name":"wp","href":"https:\/\/api.w.org\/{rel}","templated":true}]}}