{"id":252156,"date":"2024-06-05T10:17:40","date_gmt":"2024-06-05T08:17:40","guid":{"rendered":"https:\/\/swissworktime.ch\/planung\/"},"modified":"2024-10-15T15:42:11","modified_gmt":"2024-10-15T13:42:11","slug":"planung","status":"publish","type":"page","link":"https:\/\/swissworktime.ch\/de\/funktionen\/planung\/","title":{"rendered":"Planung"},"content":{"rendered":"<p>[et_pb_section fb_built=&#8220;1&#8243; _builder_version=&#8220;4.24.2&#8243; _module_preset=&#8220;default&#8220; background_image=&#8220;https:\/\/swissworktime.ch\/wp-content\/uploads\/2024\/05\/swissworktime_horloge_1920x745.png&#8220; custom_padding=&#8220;110px||110px||true|false&#8220; global_colors_info=&#8220;{}&#8220;][et_pb_row column_structure=&#8220;2_5,3_5&#8243; _builder_version=&#8220;4.24.2&#8243; _module_preset=&#8220;default&#8220; width=&#8220;95%&#8220; max_width=&#8220;2560px&#8220; global_colors_info=&#8220;{}&#8220;][et_pb_column type=&#8220;2_5&#8243; _builder_version=&#8220;4.24.2&#8243; _module_preset=&#8220;default&#8220; pac_dcm_carousel_specific_module_num=&#8220;0&#8243; global_colors_info=&#8220;{}&#8220;][et_pb_image src=&#8220;https:\/\/swissworktime.ch\/wp-content\/uploads\/2024\/05\/7A-BRUN-CARRE-BLANCldpi.svg&#8220; alt=&#8220;ic\u00f4ne d\u00e9compte        &#8220; title_text=&#8220;7A BRUN CARRE BLANCldpi        &#8220; align=&#8220;right&#8220; _builder_version=&#8220;4.24.2&#8243; _module_preset=&#8220;default&#8220; height=&#8220;216px&#8220; global_colors_info=&#8220;{}&#8220;][\/et_pb_image][\/et_pb_column][et_pb_column type=&#8220;3_5&#8243; _builder_version=&#8220;4.24.2&#8243; _module_preset=&#8220;default&#8220; pac_dcm_carousel_specific_module_num=&#8220;0&#8243; global_colors_info=&#8220;{}&#8220;][et_pb_text _builder_version=&#8220;4.27.0&#8243; _module_preset=&#8220;default&#8220; text_font=&#8220;Proza Libre||||||||&#8220; text_text_color=&#8220;#000000&#8243; text_font_size=&#8220;30px&#8220; header_font=&#8220;|700|||||||&#8220; header_text_align=&#8220;center&#8220; header_text_color=&#8220;#000000&#8243; header_font_size=&#8220;40px&#8220; header_line_height=&#8220;1.3em&#8220; header_2_font=&#8220;Proza Libre|700|||||||&#8220; header_2_text_align=&#8220;center&#8220; header_2_text_color=&#8220;#000000&#8243; header_2_font_size=&#8220;40px&#8220; header_2_line_height=&#8220;1.3em&#8220; text_orientation=&#8220;center&#8220; custom_padding=&#8220;15px|||||&#8220; hover_enabled=&#8220;0&#8243; text_line_height_tablet=&#8220;&#8220; text_line_height_phone=&#8220;1.5em&#8220; text_line_height_last_edited=&#8220;on|phone&#8220; header_font_size_tablet=&#8220;36px&#8220; header_font_size_phone=&#8220;32px&#8220; header_font_size_last_edited=&#8220;on|phone&#8220; header_2_font_size_tablet=&#8220;36px&#8220; header_2_font_size_phone=&#8220;32px&#8220; header_2_font_size_last_edited=&#8220;on|phone&#8220; global_colors_info=&#8220;{}&#8220; sticky_enabled=&#8220;0&#8243;]<\/p>\n<h1 style=\"text-align: left;\"><span style=\"color: #ffffff;\">Arbeitszeitplanung<br \/>\n        <\/span><\/h1>\n<p>[\/et_pb_text][\/et_pb_column][\/et_pb_row][\/et_pb_section][et_pb_section fb_built=&#8220;1&#8243; _builder_version=&#8220;4.16&#8243; _module_preset=&#8220;default&#8220; global_colors_info=&#8220;{}&#8220;][et_pb_row use_custom_gutter=&#8220;on&#8220; gutter_width=&#8220;2&#8243; _builder_version=&#8220;4.16&#8243; _module_preset=&#8220;default&#8220; max_width=&#8220;1260px&#8220; custom_padding=&#8220;||||false|false&#8220; global_colors_info=&#8220;{}&#8220;][et_pb_column type=&#8220;4_4&#8243; _builder_version=&#8220;4.16&#8243; _module_preset=&#8220;default&#8220; pac_dcm_carousel_specific_module_num=&#8220;0&#8243; global_colors_info=&#8220;{}&#8220;][et_pb_text _builder_version=&#8220;4.27.0&#8243; _module_preset=&#8220;default&#8220; text_text_color=&#8220;#000000&#8243; custom_padding_tablet=&#8220;|15px||15px|false|true&#8220; custom_padding_phone=&#8220;&#8220; custom_padding_last_edited=&#8220;on|desktop&#8220; hover_enabled=&#8220;0&#8243; global_colors_info=&#8220;{}&#8220; sticky_enabled=&#8220;0&#8243;]<\/p>\n<p>SwissWorkTime hilft Ihnen, die Arbeitszeiten Ihrer Mitarbeiter effizient zu verwalten. Unsere Software erm\u00f6glicht es Ihnen, die Anzahl der vertraglich vereinbarten Arbeitsstunden jedes Mitarbeiters in einem \u00fcbersichtlichen und intuitiven Kalender oder Planer unter der Rubrik \u201eGeplante Stunden\u201c anzuzeigen. Dadurch k\u00f6nnen Sie die geplanten Stunden leicht mit den tats\u00e4chlich geleisteten Stunden vergleichen, was die Nachverfolgung von \u00dcberstunden f\u00fcr alle Mitarbeiter erleichtert. Jeder Mitarbeiter kann so seine Stunden in Echtzeit verfolgen und \u00fcber unsere App auf eine detaillierte Ansicht seiner Arbeitszeiten zugreifen, was die Transparenz f\u00f6rdert.<\/p>\n<p>Verwaltung der Arbeitszeiten nach Zeitr\u00e4umen und Schichten.<\/p>\n<p>Der Zeitplan von SwissWorkTime passt sich den Bed\u00fcrfnissen jedes Teams an und ber\u00fccksichtigt die verschiedenen Perioden des Jahres.<\/p>\n<p>Hier einige Beispiele:<\/p>\n<ul>\n<li>F\u00fcr Unternehmen, die einem saisonal variablen Kalender folgen: 8.00 Uhr von Montag bis Freitag im Winter; 8.30 Uhr im Fr\u00fchling und Herbst; 9.00 Uhr im Sommer, wodurch eine optimale Anpassung der Arbeitszeiten gew\u00e4hrleistet wird.<\/li>\n<li>F\u00fcr Teilzeitbesch\u00e4ftigte: 8.00 Uhr am Montag, 4.00 Uhr am Dienstag, keine Stunde an den anderen Tagen.<\/li>\n<\/ul>\n<div class=\"flex max-w-full flex-col flex-grow\">\n<div class=\"min-h-8 text-message flex w-full flex-col items-end gap-2 whitespace-normal break-words [.text-message+&amp;]:mt-5\" dir=\"auto\" data-message-author-role=\"assistant\" data-message-id=\"7d0689c3-93ec-45c1-9970-725d58450c40\">\n<div class=\"flex w-full flex-col gap-1 empty:hidden first:pt-[3px]\">\n<div class=\"markdown prose w-full break-words dark:prose-invert light\">\n<p>&nbsp;<\/p>\n<p><strong>Personalplanung und -verfolgung<\/strong><\/p>\n<p>Mit SwissWorkTime k\u00f6nnen Sie den Urlaub und die Arbeitszeiten Ihres Teams transparent und effizient planen. Die Software erleichtert die Verwaltung von Ruhezeiten, Urlaubsperioden sowie die Verteilung der Arbeitsstunden f\u00fcr jedes Teammitglied. Ob f\u00fcr eine Woche oder einen l\u00e4ngeren Zeitraum, mit der L\u00f6sung k\u00f6nnen Sie die Arbeitszeiten jedes einzelnen Mitarbeiters einsehen und die Arbeitszeiten f\u00fcr das gesamte Team optimal planen.<\/p>\n<p><strong>Softwarebasierte Verwaltung der Arbeitszeiten<\/strong><\/p>\n<p>Durch den Einsatz von SwissWorkTime k\u00f6nnen die Verantwortlichen im Unternehmen auf einfache Weise die Arbeitszeiten organisieren und die Planung an die betrieblichen Bed\u00fcrfnisse anpassen. Die Software erm\u00f6glicht es, die Daten zu zentralisieren und die Entwicklung der geplanten Stunden \u00fcber eine oder mehrere Wochen zu verfolgen. So erhalten Sie einen \u00dcberblick \u00fcber die Arbeitsbelastung der Mitarbeiter und gew\u00e4hrleisten eine optimale Verteilung der Arbeitszeiten und Urlaubszeiten f\u00fcr alle Ihre Mitarbeiter.<\/p>\n<p>SwissWorkTime erleichtert auch die Verwaltung von Abwesenheiten, Urlaubszeiten und unregelm\u00e4\u00dfigen Arbeitszeiten, indem es die M\u00f6glichkeit bietet, diese Zeiten in der Planung einzuplanen. Die Software sorgt f\u00fcr eine klare und vollst\u00e4ndige Verwaltung der Arbeitszeiten f\u00fcr alle Teams, wobei Sto\u00dfzeiten und Schwachlastzeiten w\u00e4hrend der ganzen Woche ber\u00fccksichtigt werden.<\/p>\n<p>Mit SwissWorkTime verwalten Sie Ihre Arbeitszeiten und die Planung Ihrer Mitarbeiter reibungslos und effizient. Die Software hilft Ihnen dabei, die Arbeits- und Urlaubszeiten Ihrer Mitarbeiter anzupassen und gleichzeitig die Stunden Ihrer Mitarbeiter w\u00e4hrend der ganzen Woche und jeder im Jahreskalender festgelegten Periode genau zu verfolgen.<\/p>\n<\/div>\n<\/div>\n<\/div>\n<\/div>\n<p>[\/et_pb_text][\/et_pb_column][\/et_pb_row][et_pb_row use_custom_gutter=&#8220;on&#8220; gutter_width=&#8220;2&#8243; _builder_version=&#8220;4.24.2&#8243; _module_preset=&#8220;default&#8220; max_width=&#8220;1260px&#8220; custom_padding=&#8220;||||false|false&#8220; global_colors_info=&#8220;{}&#8220;][et_pb_column type=&#8220;4_4&#8243; _builder_version=&#8220;4.24.2&#8243; _module_preset=&#8220;default&#8220; pac_dcm_carousel_specific_module_num=&#8220;0&#8243; global_colors_info=&#8220;{}&#8220;][et_pb_image src=&#8220;https:\/\/swissworktime.ch\/wp-content\/uploads\/2024\/07\/Planification_heure-1024x590FR.png&#8220; alt=&#8220;Arbeitszeitplanung        &#8220; show_in_lightbox=&#8220;on&#8220; align=&#8220;center&#8220; _builder_version=&#8220;4.25.2&#8243; _module_preset=&#8220;default&#8220; global_colors_info=&#8220;{}&#8220;][\/et_pb_image][\/et_pb_column][\/et_pb_row][et_pb_row _builder_version=&#8220;4.24.2&#8243; _module_preset=&#8220;default&#8220; global_colors_info=&#8220;{}&#8220;][et_pb_column type=&#8220;4_4&#8243; _builder_version=&#8220;4.24.2&#8243; _module_preset=&#8220;default&#8220; pac_dcm_carousel_specific_module_num=&#8220;0&#8243; global_colors_info=&#8220;{}&#8220;][et_pb_cta title=&#8220;Testen Sie die Anwendung 1 Monat kostenlos        &#8220; button_url=&#8220;https:\/\/www.swissworktime.pro\/fr\/WebDemo\/WebAccountRequest&#8220; url_new_window=&#8220;on&#8220; button_text=&#8220;KOSTENLOSES Konto erstellen        &#8220; disabled_on=&#8220;off|off|on&#8220; _builder_version=&#8220;4.24.2&#8243; _module_preset=&#8220;default&#8220; width=&#8220;46%&#8220; width_tablet=&#8220;79%&#8220; width_phone=&#8220;100%&#8220; width_last_edited=&#8220;on|phone&#8220; module_alignment=&#8220;center&#8220; global_colors_info=&#8220;{}&#8220;][\/et_pb_cta][\/et_pb_column][\/et_pb_row][et_pb_row _builder_version=&#8220;4.24.2&#8243; _module_preset=&#8220;default&#8220; global_module=&#8220;5192&#8243; saved_tabs=&#8220;all&#8220; global_colors_info=&#8220;{}&#8220;][et_pb_column type=&#8220;4_4&#8243; _builder_version=&#8220;4.24.2&#8243; _module_preset=&#8220;default&#8220; pac_dcm_carousel_specific_module_num=&#8220;0&#8243; global_colors_info=&#8220;{}&#8220;][et_pb_image src=&#8220;https:\/\/swissworktime.ch\/wp-content\/uploads\/2024\/06\/GIF-ALL-FRANC.gif&#8220; alt=&#8220;SwissWorkTime CHF 5,- pro Mitarbeiter und Monat, kostenloser Testzeitraum von 1 Monat        &#8220; url=&#8220;https:\/\/swissworktime.ch\/de\/preise\/kostenloses-probeabo\/&#8220; disabled_on=&#8220;on|on|off&#8220; admin_label=&#8220;Image&#8220; _builder_version=&#8220;4.24.2&#8243; _module_preset=&#8220;default&#8220; positioning=&#8220;fixed&#8220; position_origin_f=&#8220;center_right&#8220; horizontal_offset=&#8220;10px&#8220; width=&#8220;10%&#8220; global_colors_info=&#8220;{}&#8220;][\/et_pb_image][\/et_pb_column][\/et_pb_row][et_pb_row _builder_version=&#8220;4.24.2&#8243; _module_preset=&#8220;default&#8220; global_colors_info=&#8220;{}&#8220;][et_pb_column type=&#8220;4_4&#8243; _builder_version=&#8220;4.24.2&#8243; _module_preset=&#8220;default&#8220; pac_dcm_carousel_specific_module_num=&#8220;0&#8243; global_colors_info=&#8220;{}&#8220;][et_pb_text _builder_version=&#8220;4.24.2&#8243; _module_preset=&#8220;default&#8220; global_colors_info=&#8220;{}&#8220;]<button class=\"btnFonct\" onclick=\"history.go(-1)\"> &lt; Zur\u00fcck<br \/>\n        <\/button>[\/et_pb_text][\/et_pb_column][\/et_pb_row][\/et_pb_section]<\/p>\n","protected":false},"excerpt":{"rendered":"<p>Arbeitszeitplanung SwissWorkTime hilft Ihnen, die Arbeitszeiten Ihrer Mitarbeiter effizient zu verwalten. Unsere Software erm\u00f6glicht es Ihnen, die Anzahl der vertraglich vereinbarten Arbeitsstunden jedes Mitarbeiters in einem \u00fcbersichtlichen und intuitiven Kalender oder Planer unter der Rubrik \u201eGeplante Stunden\u201c anzuzeigen. Dadurch k\u00f6nnen Sie die geplanten Stunden leicht mit den tats\u00e4chlich geleisteten Stunden vergleichen, was die Nachverfolgung von [&hellip;]<\/p>\n","protected":false},"author":2,"featured_media":0,"parent":252171,"menu_order":0,"comment_status":"closed","ping_status":"closed","template":"","meta":{"_et_pb_use_builder":"on","_et_pb_old_content":"","_et_gb_content_width":"","inline_featured_image":false,"footnotes":""},"class_list":["post-252156","page","type-page","status-publish","hentry"],"yoast_head":"<!-- This site is optimized with the Yoast SEO plugin v27.3 - https:\/\/yoast.com\/product\/yoast-seo-wordpress\/ -->\n<title>Planung - SwissWorkTime<\/title>\n<meta name=\"description\" content=\"SwissWorkTime hilft Ihnen, die Arbeitszeiten Ihrer Mitarbeiter effizient zu verwalten, indem es die geplanten und tats\u00e4chlichen Arbeitszeiten visualisiert und vergleicht.\" \/>\n<meta name=\"robots\" content=\"index, follow, max-snippet:-1, max-image-preview:large, max-video-preview:-1\" \/>\n<link rel=\"canonical\" href=\"https:\/\/swissworktime.ch\/de\/funktionen\/planung\/\" \/>\n<meta property=\"og:locale\" content=\"de_DE\" \/>\n<meta property=\"og:type\" content=\"article\" \/>\n<meta property=\"og:title\" content=\"Planung - SwissWorkTime\" \/>\n<meta property=\"og:description\" content=\"SwissWorkTime hilft Ihnen, die Arbeitszeiten Ihrer Mitarbeiter effizient zu verwalten, indem es die geplanten und tats\u00e4chlichen Arbeitszeiten visualisiert und vergleicht.\" \/>\n<meta property=\"og:url\" content=\"https:\/\/swissworktime.ch\/de\/funktionen\/planung\/\" \/>\n<meta property=\"og:site_name\" content=\"SwissWorkTime\" \/>\n<meta property=\"article:publisher\" content=\"https:\/\/www.facebook.com\/swissworktime\" \/>\n<meta property=\"article:modified_time\" content=\"2024-10-15T13:42:11+00:00\" \/>\n<meta property=\"og:image\" content=\"https:\/\/swissworktime.ch\/wp-content\/uploads\/2022\/11\/logo_swissworktime.png\" \/>\n\t<meta property=\"og:image:width\" content=\"430\" \/>\n\t<meta property=\"og:image:height\" content=\"430\" \/>\n\t<meta property=\"og:image:type\" content=\"image\/png\" \/>\n<meta name=\"twitter:card\" content=\"summary_large_image\" \/>\n<meta name=\"twitter:label1\" content=\"Gesch\u00e4tzte Lesezeit\" \/>\n\t<meta name=\"twitter:data1\" content=\"2\u00a0Minuten\" \/>\n<script type=\"application\/ld+json\" class=\"yoast-schema-graph\">{\"@context\":\"https:\\\/\\\/schema.org\",\"@graph\":[{\"@type\":\"WebPage\",\"@id\":\"https:\\\/\\\/swissworktime.ch\\\/de\\\/funktionen\\\/planung\\\/\",\"url\":\"https:\\\/\\\/swissworktime.ch\\\/de\\\/funktionen\\\/planung\\\/\",\"name\":\"Planung - SwissWorkTime\",\"isPartOf\":{\"@id\":\"https:\\\/\\\/swissworktime.ch\\\/de\\\/#website\"},\"datePublished\":\"2024-06-05T08:17:40+00:00\",\"dateModified\":\"2024-10-15T13:42:11+00:00\",\"description\":\"SwissWorkTime hilft Ihnen, die Arbeitszeiten Ihrer Mitarbeiter effizient zu verwalten, indem es die geplanten und tats\u00e4chlichen Arbeitszeiten visualisiert und vergleicht.\",\"breadcrumb\":{\"@id\":\"https:\\\/\\\/swissworktime.ch\\\/de\\\/funktionen\\\/planung\\\/#breadcrumb\"},\"inLanguage\":\"de\",\"potentialAction\":[{\"@type\":\"ReadAction\",\"target\":[\"https:\\\/\\\/swissworktime.ch\\\/de\\\/funktionen\\\/planung\\\/\"]}]},{\"@type\":\"BreadcrumbList\",\"@id\":\"https:\\\/\\\/swissworktime.ch\\\/de\\\/funktionen\\\/planung\\\/#breadcrumb\",\"itemListElement\":[{\"@type\":\"ListItem\",\"position\":1,\"name\":\"Accueil\",\"item\":\"https:\\\/\\\/swissworktime.ch\\\/de\\\/\"},{\"@type\":\"ListItem\",\"position\":2,\"name\":\"Funktionen\",\"item\":\"https:\\\/\\\/swissworktime.ch\\\/de\\\/funktionen\\\/\"},{\"@type\":\"ListItem\",\"position\":3,\"name\":\"Planung\"}]},{\"@type\":\"WebSite\",\"@id\":\"https:\\\/\\\/swissworktime.ch\\\/de\\\/#website\",\"url\":\"https:\\\/\\\/swissworktime.ch\\\/de\\\/\",\"name\":\"SwissWorkTime\",\"description\":\"App pour la gestion et la saisie des heures de travail\",\"publisher\":{\"@id\":\"https:\\\/\\\/swissworktime.ch\\\/de\\\/#organization\"},\"potentialAction\":[{\"@type\":\"SearchAction\",\"target\":{\"@type\":\"EntryPoint\",\"urlTemplate\":\"https:\\\/\\\/swissworktime.ch\\\/de\\\/?s={search_term_string}\"},\"query-input\":{\"@type\":\"PropertyValueSpecification\",\"valueRequired\":true,\"valueName\":\"search_term_string\"}}],\"inLanguage\":\"de\"},{\"@type\":\"Organization\",\"@id\":\"https:\\\/\\\/swissworktime.ch\\\/de\\\/#organization\",\"name\":\"SwissWorkTime\",\"url\":\"https:\\\/\\\/swissworktime.ch\\\/de\\\/\",\"logo\":{\"@type\":\"ImageObject\",\"inLanguage\":\"de\",\"@id\":\"https:\\\/\\\/swissworktime.ch\\\/de\\\/#\\\/schema\\\/logo\\\/image\\\/\",\"url\":\"https:\\\/\\\/swissworktime.ch\\\/wp-content\\\/uploads\\\/2021\\\/02\\\/logoSWT_header.png\",\"contentUrl\":\"https:\\\/\\\/swissworktime.ch\\\/wp-content\\\/uploads\\\/2021\\\/02\\\/logoSWT_header.png\",\"width\":1024,\"height\":250,\"caption\":\"SwissWorkTime\"},\"image\":{\"@id\":\"https:\\\/\\\/swissworktime.ch\\\/de\\\/#\\\/schema\\\/logo\\\/image\\\/\"},\"sameAs\":[\"https:\\\/\\\/www.facebook.com\\\/swissworktime\"]}]}<\/script>\n<!-- \/ Yoast SEO plugin. -->","yoast_head_json":{"title":"Planung - SwissWorkTime","description":"SwissWorkTime hilft Ihnen, die Arbeitszeiten Ihrer Mitarbeiter effizient zu verwalten, indem es die geplanten und tats\u00e4chlichen Arbeitszeiten visualisiert und vergleicht.","robots":{"index":"index","follow":"follow","max-snippet":"max-snippet:-1","max-image-preview":"max-image-preview:large","max-video-preview":"max-video-preview:-1"},"canonical":"https:\/\/swissworktime.ch\/de\/funktionen\/planung\/","og_locale":"de_DE","og_type":"article","og_title":"Planung - SwissWorkTime","og_description":"SwissWorkTime hilft Ihnen, die Arbeitszeiten Ihrer Mitarbeiter effizient zu verwalten, indem es die geplanten und tats\u00e4chlichen Arbeitszeiten visualisiert und vergleicht.","og_url":"https:\/\/swissworktime.ch\/de\/funktionen\/planung\/","og_site_name":"SwissWorkTime","article_publisher":"https:\/\/www.facebook.com\/swissworktime","article_modified_time":"2024-10-15T13:42:11+00:00","og_image":[{"width":430,"height":430,"url":"https:\/\/swissworktime.ch\/wp-content\/uploads\/2022\/11\/logo_swissworktime.png","type":"image\/png"}],"twitter_card":"summary_large_image","twitter_misc":{"Gesch\u00e4tzte Lesezeit":"2\u00a0Minuten"},"schema":{"@context":"https:\/\/schema.org","@graph":[{"@type":"WebPage","@id":"https:\/\/swissworktime.ch\/de\/funktionen\/planung\/","url":"https:\/\/swissworktime.ch\/de\/funktionen\/planung\/","name":"Planung - SwissWorkTime","isPartOf":{"@id":"https:\/\/swissworktime.ch\/de\/#website"},"datePublished":"2024-06-05T08:17:40+00:00","dateModified":"2024-10-15T13:42:11+00:00","description":"SwissWorkTime hilft Ihnen, die Arbeitszeiten Ihrer Mitarbeiter effizient zu verwalten, indem es die geplanten und tats\u00e4chlichen Arbeitszeiten visualisiert und vergleicht.","breadcrumb":{"@id":"https:\/\/swissworktime.ch\/de\/funktionen\/planung\/#breadcrumb"},"inLanguage":"de","potentialAction":[{"@type":"ReadAction","target":["https:\/\/swissworktime.ch\/de\/funktionen\/planung\/"]}]},{"@type":"BreadcrumbList","@id":"https:\/\/swissworktime.ch\/de\/funktionen\/planung\/#breadcrumb","itemListElement":[{"@type":"ListItem","position":1,"name":"Accueil","item":"https:\/\/swissworktime.ch\/de\/"},{"@type":"ListItem","position":2,"name":"Funktionen","item":"https:\/\/swissworktime.ch\/de\/funktionen\/"},{"@type":"ListItem","position":3,"name":"Planung"}]},{"@type":"WebSite","@id":"https:\/\/swissworktime.ch\/de\/#website","url":"https:\/\/swissworktime.ch\/de\/","name":"SwissWorkTime","description":"App pour la gestion et la saisie des heures de travail","publisher":{"@id":"https:\/\/swissworktime.ch\/de\/#organization"},"potentialAction":[{"@type":"SearchAction","target":{"@type":"EntryPoint","urlTemplate":"https:\/\/swissworktime.ch\/de\/?s={search_term_string}"},"query-input":{"@type":"PropertyValueSpecification","valueRequired":true,"valueName":"search_term_string"}}],"inLanguage":"de"},{"@type":"Organization","@id":"https:\/\/swissworktime.ch\/de\/#organization","name":"SwissWorkTime","url":"https:\/\/swissworktime.ch\/de\/","logo":{"@type":"ImageObject","inLanguage":"de","@id":"https:\/\/swissworktime.ch\/de\/#\/schema\/logo\/image\/","url":"https:\/\/swissworktime.ch\/wp-content\/uploads\/2021\/02\/logoSWT_header.png","contentUrl":"https:\/\/swissworktime.ch\/wp-content\/uploads\/2021\/02\/logoSWT_header.png","width":1024,"height":250,"caption":"SwissWorkTime"},"image":{"@id":"https:\/\/swissworktime.ch\/de\/#\/schema\/logo\/image\/"},"sameAs":["https:\/\/www.facebook.com\/swissworktime"]}]}},"_links":{"self":[{"href":"https:\/\/swissworktime.ch\/de\/wp-json\/wp\/v2\/pages\/252156","targetHints":{"allow":["GET"]}}],"collection":[{"href":"https:\/\/swissworktime.ch\/de\/wp-json\/wp\/v2\/pages"}],"about":[{"href":"https:\/\/swissworktime.ch\/de\/wp-json\/wp\/v2\/types\/page"}],"author":[{"embeddable":true,"href":"https:\/\/swissworktime.ch\/de\/wp-json\/wp\/v2\/users\/2"}],"replies":[{"embeddable":true,"href":"https:\/\/swissworktime.ch\/de\/wp-json\/wp\/v2\/comments?post=252156"}],"version-history":[{"count":2,"href":"https:\/\/swissworktime.ch\/de\/wp-json\/wp\/v2\/pages\/252156\/revisions"}],"predecessor-version":[{"id":254024,"href":"https:\/\/swissworktime.ch\/de\/wp-json\/wp\/v2\/pages\/252156\/revisions\/254024"}],"up":[{"embeddable":true,"href":"https:\/\/swissworktime.ch\/de\/wp-json\/wp\/v2\/pages\/252171"}],"wp:attachment":[{"href":"https:\/\/swissworktime.ch\/de\/wp-json\/wp\/v2\/media?parent=252156"}],"curies":[{"name":"wp","href":"https:\/\/api.w.org\/{rel}","templated":true}]}}