{"id":254465,"date":"2025-03-12T16:00:58","date_gmt":"2025-03-12T15:00:58","guid":{"rendered":"https:\/\/swissworktime.ch\/funktionen\/antraege-auf-abwesenheit\/"},"modified":"2025-05-27T18:32:02","modified_gmt":"2025-05-27T16:32:02","slug":"antraege-auf-abwesenheit","status":"publish","type":"page","link":"https:\/\/swissworktime.ch\/de\/funktionen\/antraege-auf-abwesenheit\/","title":{"rendered":"Antr\u00e4ge auf Abwesenheit"},"content":{"rendered":"<p>[et_pb_section fb_built=&#8220;1&#8243; _builder_version=&#8220;4.24.2&#8243; _module_preset=&#8220;default&#8220; background_image=&#8220;https:\/\/swissworktime.ch\/wp-content\/uploads\/2024\/05\/7.png&#8220; custom_padding=&#8220;110px||110px||true|false&#8220; global_colors_info=&#8220;{}&#8220;][et_pb_row column_structure=&#8220;2_5,3_5&#8243; _builder_version=&#8220;4.24.2&#8243; _module_preset=&#8220;default&#8220; width=&#8220;95%&#8220; max_width=&#8220;2560px&#8220; global_colors_info=&#8220;{}&#8220;][et_pb_column type=&#8220;2_5&#8243; _builder_version=&#8220;4.24.2&#8243; _module_preset=&#8220;default&#8220; pac_dcm_carousel_specific_module_num=&#8220;0&#8243; global_colors_info=&#8220;{}&#8220;][et_pb_image src=&#8220;https:\/\/swissworktime.ch\/wp-content\/uploads\/2025\/03\/BRUN-CARRE-BLANC_1ldpi-300&#215;278.png&#8220; alt=&#8220;Countdown-Symbol&#8220; title_text=&#8220;BRUN CARRE BLANC_1ldpi&#8220; align=&#8220;right&#8220; _builder_version=&#8220;4.27.4&#8243; _module_preset=&#8220;default&#8220; height=&#8220;216px&#8220; border_width_all=&#8220;1px&#8220; global_colors_info=&#8220;{}&#8220;][\/et_pb_image][\/et_pb_column][et_pb_column type=&#8220;3_5&#8243; _builder_version=&#8220;4.24.2&#8243; _module_preset=&#8220;default&#8220; pac_dcm_carousel_specific_module_num=&#8220;0&#8243; global_colors_info=&#8220;{}&#8220;][et_pb_text _builder_version=&#8220;4.27.4&#8243; _module_preset=&#8220;default&#8220; text_font=&#8220;Proza Libre||||||||&#8220; text_text_color=&#8220;#000000&#8243; text_font_size=&#8220;30px&#8220; header_font=&#8220;|700|||||||&#8220; header_text_align=&#8220;center&#8220; header_text_color=&#8220;#000000&#8243; header_font_size=&#8220;40px&#8220; header_2_font=&#8220;Proza Libre|700|||||||&#8220; header_2_text_align=&#8220;center&#8220; header_2_text_color=&#8220;#000000&#8243; header_2_font_size=&#8220;40px&#8220; text_orientation=&#8220;center&#8220; custom_padding=&#8220;15px|||||&#8220; text_line_height_tablet=&#8220;&#8220; text_line_height_phone=&#8220;1.5em&#8220; text_line_height_last_edited=&#8220;on|phone&#8220; header_font_size_tablet=&#8220;36px&#8220; header_font_size_phone=&#8220;32px&#8220; header_font_size_last_edited=&#8220;on|phone&#8220; header_2_font_size_tablet=&#8220;36px&#8220; header_2_font_size_phone=&#8220;32px&#8220; header_2_font_size_last_edited=&#8220;on|phone&#8220; global_colors_info=&#8220;{}&#8220;]<\/p>\n<h1 style=\"text-align: left;\"><span style=\"color: #ffffff;\">Antr\u00e4ge auf Abwesenheit<\/span><\/h1>\n<p>[\/et_pb_text][\/et_pb_column][\/et_pb_row][\/et_pb_section][et_pb_section fb_built=&#8220;1&#8243; _builder_version=&#8220;4.16&#8243; _module_preset=&#8220;default&#8220; global_colors_info=&#8220;{}&#8220;][et_pb_row use_custom_gutter=&#8220;on&#8220; gutter_width=&#8220;2&#8243; _builder_version=&#8220;4.16&#8243; _module_preset=&#8220;default&#8220; max_width=&#8220;1260px&#8220; custom_padding=&#8220;||||false|false&#8220; global_colors_info=&#8220;{}&#8220;][et_pb_column type=&#8220;4_4&#8243; _builder_version=&#8220;4.16&#8243; _module_preset=&#8220;default&#8220; pac_dcm_carousel_specific_module_num=&#8220;0&#8243; global_colors_info=&#8220;{}&#8220;][et_pb_text _builder_version=&#8220;4.27.4&#8243; _module_preset=&#8220;default&#8220; text_text_color=&#8220;#000000&#8243; custom_padding_tablet=&#8220;|15px||15px|false|true&#8220; custom_padding_phone=&#8220;&#8220; custom_padding_last_edited=&#8220;on|desktop&#8220; global_colors_info=&#8220;{}&#8220;]<\/p>\n<p>Mit SwissWorkTime k\u00f6nnen Ihre Mitarbeiter jetzt Abwesenheitsantr\u00e4ge direkt \u00fcber die Anwendung einreichen. Ob f\u00fcr Urlaub oder andere Zwecke, die Anfragen werden zentralisiert und sind f\u00fcr die Verantwortlichen in Echtzeit zug\u00e4nglich. Diese papierlose Verwaltung Ihrer Abwesenheiten verk\u00fcrzt die Bearbeitungszeiten, erh\u00f6ht die Transparenz und gew\u00e4hrleistet schnelle und effiziente Entscheidungen.<\/p>\n<p>[\/et_pb_text][\/et_pb_column][\/et_pb_row][et_pb_row column_structure=&#8220;1_4,3_4&#8243; use_custom_gutter=&#8220;on&#8220; gutter_width=&#8220;2&#8243; _builder_version=&#8220;4.24.2&#8243; _module_preset=&#8220;default&#8220; max_width=&#8220;1260px&#8220; custom_padding=&#8220;||||false|false&#8220; global_colors_info=&#8220;{}&#8220;][et_pb_column type=&#8220;1_4&#8243; _builder_version=&#8220;4.24.2&#8243; _module_preset=&#8220;default&#8220; pac_dcm_carousel_specific_module_num=&#8220;0&#8243; global_colors_info=&#8220;{}&#8220;][et_pb_image src=&#8220;https:\/\/swissworktime.ch\/wp-content\/uploads\/2025\/05\/Screenshot_20250526-073845-498&#215;1024.jpg&#8220; title_text=&#8220;Screenshot_20250526-073845&#8243; _builder_version=&#8220;4.27.4&#8243; _module_preset=&#8220;default&#8220; border_width_all=&#8220;1px&#8220; global_colors_info=&#8220;{}&#8220;][\/et_pb_image][\/et_pb_column][et_pb_column type=&#8220;3_4&#8243; _builder_version=&#8220;4.24.2&#8243; _module_preset=&#8220;default&#8220; pac_dcm_carousel_specific_module_num=&#8220;0&#8243; global_colors_info=&#8220;{}&#8220;][et_pb_image src=&#8220;https:\/\/swissworktime.ch\/wp-content\/uploads\/2025\/05\/Demande-conge-backoffice-DE.png&#8220; title_text=&#8220;Demande cong\u00e9 backoffice DE&#8220; _builder_version=&#8220;4.27.4&#8243; _module_preset=&#8220;default&#8220; global_colors_info=&#8220;{}&#8220;][\/et_pb_image][et_pb_image _builder_version=&#8220;4.27.4&#8243; _module_preset=&#8220;default&#8220; title_text=&#8220;demande_planning_modal_DE&#8220; src=&#8220;https:\/\/swissworktime.ch\/wp-content\/uploads\/2025\/05\/demande_planning_modal_DE-1024&#215;467.jpg&#8220; hover_enabled=&#8220;0&#8243; sticky_enabled=&#8220;0&#8243;][\/et_pb_image][\/et_pb_column][\/et_pb_row][et_pb_row _builder_version=&#8220;4.24.2&#8243; _module_preset=&#8220;default&#8220; global_colors_info=&#8220;{}&#8220;][et_pb_column type=&#8220;4_4&#8243; _builder_version=&#8220;4.24.2&#8243; _module_preset=&#8220;default&#8220; pac_dcm_carousel_specific_module_num=&#8220;0&#8243; global_colors_info=&#8220;{}&#8220;][et_pb_cta title=&#8220;Testen Sie die Anwendung 1 Monat lang kostenlos&#8220; button_url=&#8220;https:\/\/www.swissworktime.pro\/de\/WebDemo\/WebAccountRequest&#8220; url_new_window=&#8220;on&#8220; button_text=&#8220;Erstellen Sie ein kostenloses Konto&#8220; disabled_on=&#8220;off|off|on&#8220; _builder_version=&#8220;4.24.2&#8243; _module_preset=&#8220;default&#8220; width=&#8220;46%&#8220; width_tablet=&#8220;79%&#8220; width_phone=&#8220;100%&#8220; width_last_edited=&#8220;on|phone&#8220; module_alignment=&#8220;center&#8220; global_colors_info=&#8220;{}&#8220;][\/et_pb_cta][\/et_pb_column][\/et_pb_row][et_pb_row _builder_version=&#8220;4.24.2&#8243; _module_preset=&#8220;default&#8220; custom_padding=&#8220;0px||0px||false|false&#8220; global_module=&#8220;5192&#8243; saved_tabs=&#8220;all&#8220; global_colors_info=&#8220;{}&#8220;][et_pb_column type=&#8220;4_4&#8243; _builder_version=&#8220;4.24.2&#8243; _module_preset=&#8220;default&#8220; pac_dcm_carousel_specific_module_num=&#8220;0&#8243; global_colors_info=&#8220;{}&#8220;][et_pb_image src=&#8220;https:\/\/swissworktime.ch\/wp-content\/uploads\/2024\/06\/GIF-ALL-FRANC.gif&#8220; alt=&#8220;SwissWorkTime CHF 5,- pro Mitarbeiter und Monat, kostenloser Testzeitraum von 1 Monat        &#8220; url=&#8220;https:\/\/swissworktime.ch\/de\/preise\/kostenloses-probeabo\/&#8220; disabled_on=&#8220;on|on|off&#8220; admin_label=&#8220;Image&#8220; _builder_version=&#8220;4.24.2&#8243; _module_preset=&#8220;default&#8220; positioning=&#8220;fixed&#8220; position_origin_f=&#8220;center_right&#8220; horizontal_offset=&#8220;10px&#8220; width=&#8220;10%&#8220; global_colors_info=&#8220;{}&#8220;][\/et_pb_image][\/et_pb_column][\/et_pb_row][et_pb_row _builder_version=&#8220;4.24.2&#8243; _module_preset=&#8220;default&#8220; global_colors_info=&#8220;{}&#8220;][et_pb_column type=&#8220;4_4&#8243; _builder_version=&#8220;4.24.2&#8243; _module_preset=&#8220;default&#8220; pac_dcm_carousel_specific_module_num=&#8220;0&#8243; global_colors_info=&#8220;{}&#8220;][et_pb_text _builder_version=&#8220;4.24.2&#8243; _module_preset=&#8220;default&#8220; global_colors_info=&#8220;{}&#8220;]<button class=\"btnFonct\" onclick=\"history.go(-1)\"> &lt;  Zur\u00fcck<\/button>[\/et_pb_text][\/et_pb_column][\/et_pb_row][\/et_pb_section]<\/p>\n","protected":false},"excerpt":{"rendered":"<p>Antr\u00e4ge auf AbwesenheitMit SwissWorkTime k\u00f6nnen Ihre Mitarbeiter jetzt Abwesenheitsantr\u00e4ge direkt \u00fcber die Anwendung einreichen. Ob f\u00fcr Urlaub oder andere Zwecke, die Anfragen werden zentralisiert und sind f\u00fcr die Verantwortlichen in Echtzeit zug\u00e4nglich. Diese papierlose Verwaltung Ihrer Abwesenheiten verk\u00fcrzt die Bearbeitungszeiten, erh\u00f6ht die Transparenz und gew\u00e4hrleistet schnelle und effiziente Entscheidungen. &lt; Zur\u00fcck<\/p>\n","protected":false},"author":2,"featured_media":0,"parent":252171,"menu_order":0,"comment_status":"closed","ping_status":"closed","template":"","meta":{"_et_pb_use_builder":"on","_et_pb_old_content":"","_et_gb_content_width":"","inline_featured_image":false,"footnotes":""},"class_list":["post-254465","page","type-page","status-publish","hentry"],"yoast_head":"<!-- This site is optimized with the Yoast SEO plugin v27.3 - https:\/\/yoast.com\/product\/yoast-seo-wordpress\/ -->\n<title>Antr\u00e4ge auf Abwesenheit - SwissWorkTime<\/title>\n<meta name=\"description\" content=\"Mit SwissWorkTime k\u00f6nnen Ihre Mitarbeiter jetzt Abwesenheitsantr\u00e4ge direkt \u00fcber die Anwendung einreichen.\" \/>\n<meta name=\"robots\" content=\"index, follow, max-snippet:-1, max-image-preview:large, max-video-preview:-1\" \/>\n<link rel=\"canonical\" href=\"https:\/\/swissworktime.ch\/de\/funktionen\/antraege-auf-abwesenheit\/\" \/>\n<meta property=\"og:locale\" content=\"de_DE\" \/>\n<meta property=\"og:type\" content=\"article\" \/>\n<meta property=\"og:title\" content=\"Antr\u00e4ge auf Abwesenheit - SwissWorkTime\" \/>\n<meta property=\"og:description\" content=\"Mit SwissWorkTime k\u00f6nnen Ihre Mitarbeiter jetzt Abwesenheitsantr\u00e4ge direkt \u00fcber die Anwendung einreichen.\" \/>\n<meta property=\"og:url\" content=\"https:\/\/swissworktime.ch\/de\/funktionen\/antraege-auf-abwesenheit\/\" \/>\n<meta property=\"og:site_name\" content=\"SwissWorkTime\" \/>\n<meta property=\"article:publisher\" content=\"https:\/\/www.facebook.com\/swissworktime\" \/>\n<meta property=\"article:modified_time\" content=\"2025-05-27T16:32:02+00:00\" \/>\n<meta property=\"og:image\" content=\"https:\/\/swissworktime.ch\/wp-content\/uploads\/2022\/11\/logo_swissworktime.png\" \/>\n\t<meta property=\"og:image:width\" content=\"430\" \/>\n\t<meta property=\"og:image:height\" content=\"430\" \/>\n\t<meta property=\"og:image:type\" content=\"image\/png\" \/>\n<meta name=\"twitter:card\" content=\"summary_large_image\" \/>\n<meta name=\"twitter:label1\" content=\"Gesch\u00e4tzte Lesezeit\" \/>\n\t<meta name=\"twitter:data1\" content=\"2\u00a0Minuten\" \/>\n<script type=\"application\/ld+json\" class=\"yoast-schema-graph\">{\"@context\":\"https:\\\/\\\/schema.org\",\"@graph\":[{\"@type\":\"WebPage\",\"@id\":\"https:\\\/\\\/swissworktime.ch\\\/de\\\/funktionen\\\/antraege-auf-abwesenheit\\\/\",\"url\":\"https:\\\/\\\/swissworktime.ch\\\/de\\\/funktionen\\\/antraege-auf-abwesenheit\\\/\",\"name\":\"Antr\u00e4ge auf Abwesenheit - SwissWorkTime\",\"isPartOf\":{\"@id\":\"https:\\\/\\\/swissworktime.ch\\\/de\\\/#website\"},\"datePublished\":\"2025-03-12T15:00:58+00:00\",\"dateModified\":\"2025-05-27T16:32:02+00:00\",\"description\":\"Mit SwissWorkTime k\u00f6nnen Ihre Mitarbeiter jetzt Abwesenheitsantr\u00e4ge direkt \u00fcber die Anwendung einreichen.\",\"breadcrumb\":{\"@id\":\"https:\\\/\\\/swissworktime.ch\\\/de\\\/funktionen\\\/antraege-auf-abwesenheit\\\/#breadcrumb\"},\"inLanguage\":\"de\",\"potentialAction\":[{\"@type\":\"ReadAction\",\"target\":[\"https:\\\/\\\/swissworktime.ch\\\/de\\\/funktionen\\\/antraege-auf-abwesenheit\\\/\"]}]},{\"@type\":\"BreadcrumbList\",\"@id\":\"https:\\\/\\\/swissworktime.ch\\\/de\\\/funktionen\\\/antraege-auf-abwesenheit\\\/#breadcrumb\",\"itemListElement\":[{\"@type\":\"ListItem\",\"position\":1,\"name\":\"Accueil\",\"item\":\"https:\\\/\\\/swissworktime.ch\\\/de\\\/\"},{\"@type\":\"ListItem\",\"position\":2,\"name\":\"Funktionen\",\"item\":\"https:\\\/\\\/swissworktime.ch\\\/de\\\/funktionen\\\/\"},{\"@type\":\"ListItem\",\"position\":3,\"name\":\"Antr\u00e4ge auf Abwesenheit\"}]},{\"@type\":\"WebSite\",\"@id\":\"https:\\\/\\\/swissworktime.ch\\\/de\\\/#website\",\"url\":\"https:\\\/\\\/swissworktime.ch\\\/de\\\/\",\"name\":\"SwissWorkTime\",\"description\":\"App pour la gestion et la saisie des heures de travail\",\"publisher\":{\"@id\":\"https:\\\/\\\/swissworktime.ch\\\/de\\\/#organization\"},\"potentialAction\":[{\"@type\":\"SearchAction\",\"target\":{\"@type\":\"EntryPoint\",\"urlTemplate\":\"https:\\\/\\\/swissworktime.ch\\\/de\\\/?s={search_term_string}\"},\"query-input\":{\"@type\":\"PropertyValueSpecification\",\"valueRequired\":true,\"valueName\":\"search_term_string\"}}],\"inLanguage\":\"de\"},{\"@type\":\"Organization\",\"@id\":\"https:\\\/\\\/swissworktime.ch\\\/de\\\/#organization\",\"name\":\"SwissWorkTime\",\"url\":\"https:\\\/\\\/swissworktime.ch\\\/de\\\/\",\"logo\":{\"@type\":\"ImageObject\",\"inLanguage\":\"de\",\"@id\":\"https:\\\/\\\/swissworktime.ch\\\/de\\\/#\\\/schema\\\/logo\\\/image\\\/\",\"url\":\"https:\\\/\\\/swissworktime.ch\\\/wp-content\\\/uploads\\\/2021\\\/02\\\/logoSWT_header.png\",\"contentUrl\":\"https:\\\/\\\/swissworktime.ch\\\/wp-content\\\/uploads\\\/2021\\\/02\\\/logoSWT_header.png\",\"width\":1024,\"height\":250,\"caption\":\"SwissWorkTime\"},\"image\":{\"@id\":\"https:\\\/\\\/swissworktime.ch\\\/de\\\/#\\\/schema\\\/logo\\\/image\\\/\"},\"sameAs\":[\"https:\\\/\\\/www.facebook.com\\\/swissworktime\"]}]}<\/script>\n<!-- \/ Yoast SEO plugin. -->","yoast_head_json":{"title":"Antr\u00e4ge auf Abwesenheit - SwissWorkTime","description":"Mit SwissWorkTime k\u00f6nnen Ihre Mitarbeiter jetzt Abwesenheitsantr\u00e4ge direkt \u00fcber die Anwendung einreichen.","robots":{"index":"index","follow":"follow","max-snippet":"max-snippet:-1","max-image-preview":"max-image-preview:large","max-video-preview":"max-video-preview:-1"},"canonical":"https:\/\/swissworktime.ch\/de\/funktionen\/antraege-auf-abwesenheit\/","og_locale":"de_DE","og_type":"article","og_title":"Antr\u00e4ge auf Abwesenheit - SwissWorkTime","og_description":"Mit SwissWorkTime k\u00f6nnen Ihre Mitarbeiter jetzt Abwesenheitsantr\u00e4ge direkt \u00fcber die Anwendung einreichen.","og_url":"https:\/\/swissworktime.ch\/de\/funktionen\/antraege-auf-abwesenheit\/","og_site_name":"SwissWorkTime","article_publisher":"https:\/\/www.facebook.com\/swissworktime","article_modified_time":"2025-05-27T16:32:02+00:00","og_image":[{"width":430,"height":430,"url":"https:\/\/swissworktime.ch\/wp-content\/uploads\/2022\/11\/logo_swissworktime.png","type":"image\/png"}],"twitter_card":"summary_large_image","twitter_misc":{"Gesch\u00e4tzte Lesezeit":"2\u00a0Minuten"},"schema":{"@context":"https:\/\/schema.org","@graph":[{"@type":"WebPage","@id":"https:\/\/swissworktime.ch\/de\/funktionen\/antraege-auf-abwesenheit\/","url":"https:\/\/swissworktime.ch\/de\/funktionen\/antraege-auf-abwesenheit\/","name":"Antr\u00e4ge auf Abwesenheit - SwissWorkTime","isPartOf":{"@id":"https:\/\/swissworktime.ch\/de\/#website"},"datePublished":"2025-03-12T15:00:58+00:00","dateModified":"2025-05-27T16:32:02+00:00","description":"Mit SwissWorkTime k\u00f6nnen Ihre Mitarbeiter jetzt Abwesenheitsantr\u00e4ge direkt \u00fcber die Anwendung einreichen.","breadcrumb":{"@id":"https:\/\/swissworktime.ch\/de\/funktionen\/antraege-auf-abwesenheit\/#breadcrumb"},"inLanguage":"de","potentialAction":[{"@type":"ReadAction","target":["https:\/\/swissworktime.ch\/de\/funktionen\/antraege-auf-abwesenheit\/"]}]},{"@type":"BreadcrumbList","@id":"https:\/\/swissworktime.ch\/de\/funktionen\/antraege-auf-abwesenheit\/#breadcrumb","itemListElement":[{"@type":"ListItem","position":1,"name":"Accueil","item":"https:\/\/swissworktime.ch\/de\/"},{"@type":"ListItem","position":2,"name":"Funktionen","item":"https:\/\/swissworktime.ch\/de\/funktionen\/"},{"@type":"ListItem","position":3,"name":"Antr\u00e4ge auf Abwesenheit"}]},{"@type":"WebSite","@id":"https:\/\/swissworktime.ch\/de\/#website","url":"https:\/\/swissworktime.ch\/de\/","name":"SwissWorkTime","description":"App pour la gestion et la saisie des heures de travail","publisher":{"@id":"https:\/\/swissworktime.ch\/de\/#organization"},"potentialAction":[{"@type":"SearchAction","target":{"@type":"EntryPoint","urlTemplate":"https:\/\/swissworktime.ch\/de\/?s={search_term_string}"},"query-input":{"@type":"PropertyValueSpecification","valueRequired":true,"valueName":"search_term_string"}}],"inLanguage":"de"},{"@type":"Organization","@id":"https:\/\/swissworktime.ch\/de\/#organization","name":"SwissWorkTime","url":"https:\/\/swissworktime.ch\/de\/","logo":{"@type":"ImageObject","inLanguage":"de","@id":"https:\/\/swissworktime.ch\/de\/#\/schema\/logo\/image\/","url":"https:\/\/swissworktime.ch\/wp-content\/uploads\/2021\/02\/logoSWT_header.png","contentUrl":"https:\/\/swissworktime.ch\/wp-content\/uploads\/2021\/02\/logoSWT_header.png","width":1024,"height":250,"caption":"SwissWorkTime"},"image":{"@id":"https:\/\/swissworktime.ch\/de\/#\/schema\/logo\/image\/"},"sameAs":["https:\/\/www.facebook.com\/swissworktime"]}]}},"_links":{"self":[{"href":"https:\/\/swissworktime.ch\/de\/wp-json\/wp\/v2\/pages\/254465","targetHints":{"allow":["GET"]}}],"collection":[{"href":"https:\/\/swissworktime.ch\/de\/wp-json\/wp\/v2\/pages"}],"about":[{"href":"https:\/\/swissworktime.ch\/de\/wp-json\/wp\/v2\/types\/page"}],"author":[{"embeddable":true,"href":"https:\/\/swissworktime.ch\/de\/wp-json\/wp\/v2\/users\/2"}],"replies":[{"embeddable":true,"href":"https:\/\/swissworktime.ch\/de\/wp-json\/wp\/v2\/comments?post=254465"}],"version-history":[{"count":2,"href":"https:\/\/swissworktime.ch\/de\/wp-json\/wp\/v2\/pages\/254465\/revisions"}],"predecessor-version":[{"id":256347,"href":"https:\/\/swissworktime.ch\/de\/wp-json\/wp\/v2\/pages\/254465\/revisions\/256347"}],"up":[{"embeddable":true,"href":"https:\/\/swissworktime.ch\/de\/wp-json\/wp\/v2\/pages\/252171"}],"wp:attachment":[{"href":"https:\/\/swissworktime.ch\/de\/wp-json\/wp\/v2\/media?parent=254465"}],"curies":[{"name":"wp","href":"https:\/\/api.w.org\/{rel}","templated":true}]}}