{"id":254742,"date":"2025-03-28T06:37:54","date_gmt":"2025-03-28T05:37:54","guid":{"rendered":"https:\/\/swissworktime.ch\/funktionen\/planung-von-arbeiten-projekten\/"},"modified":"2026-02-02T15:40:09","modified_gmt":"2026-02-02T14:40:09","slug":"planung-von-arbeiten-projekten","status":"publish","type":"page","link":"https:\/\/swissworktime.ch\/de\/funktionen\/planung-von-arbeiten-projekten\/","title":{"rendered":"Planung von Arbeiten\/Projekten"},"content":{"rendered":"<p>[et_pb_section fb_built=&#8220;1&#8243; _builder_version=&#8220;4.24.2&#8243; _module_preset=&#8220;default&#8220; background_image=&#8220;https:\/\/swissworktime.ch\/wp-content\/uploads\/2024\/05\/7.png&#8220; custom_padding=&#8220;110px||110px||true|false&#8220; global_colors_info=&#8220;{}&#8220;][et_pb_row column_structure=&#8220;2_5,3_5&#8243; _builder_version=&#8220;4.24.2&#8243; _module_preset=&#8220;default&#8220; width=&#8220;95%&#8220; max_width=&#8220;2560px&#8220; global_colors_info=&#8220;{}&#8220;][et_pb_column type=&#8220;2_5&#8243; _builder_version=&#8220;4.24.2&#8243; _module_preset=&#8220;default&#8220; pac_dcm_carousel_specific_module_num=&#8220;0&#8243; global_colors_info=&#8220;{}&#8220;][et_pb_image src=&#8220;https:\/\/swissworktime.ch\/wp-content\/uploads\/2025\/03\/BRUN-CARRE-BLANC_3ldpi-254&#215;300.png&#8220; alt=&#8220;Countdown-Symbol&#8220; title_text=&#8220;BRUN CARRE BLANC_3ldpi&#8220; align=&#8220;right&#8220; _builder_version=&#8220;4.27.4&#8243; _module_preset=&#8220;default&#8220; height=&#8220;216px&#8220; global_colors_info=&#8220;{}&#8220;][\/et_pb_image][\/et_pb_column][et_pb_column type=&#8220;3_5&#8243; _builder_version=&#8220;4.24.2&#8243; _module_preset=&#8220;default&#8220; pac_dcm_carousel_specific_module_num=&#8220;0&#8243; global_colors_info=&#8220;{}&#8220;][et_pb_text _builder_version=&#8220;4.27.4&#8243; _module_preset=&#8220;default&#8220; text_font=&#8220;Proza Libre||||||||&#8220; text_text_color=&#8220;#000000&#8243; text_font_size=&#8220;30px&#8220; header_font=&#8220;|700|||||||&#8220; header_text_align=&#8220;center&#8220; header_text_color=&#8220;#000000&#8243; header_font_size=&#8220;40px&#8220; header_2_font=&#8220;Proza Libre|700|||||||&#8220; header_2_text_align=&#8220;center&#8220; header_2_text_color=&#8220;#000000&#8243; header_2_font_size=&#8220;40px&#8220; text_orientation=&#8220;center&#8220; custom_padding=&#8220;15px|||||&#8220; text_line_height_tablet=&#8220;&#8220; text_line_height_phone=&#8220;1.5em&#8220; text_line_height_last_edited=&#8220;on|phone&#8220; header_font_size_tablet=&#8220;36px&#8220; header_font_size_phone=&#8220;32px&#8220; header_font_size_last_edited=&#8220;on|phone&#8220; header_2_font_size_tablet=&#8220;36px&#8220; header_2_font_size_phone=&#8220;32px&#8220; header_2_font_size_last_edited=&#8220;on|phone&#8220; global_colors_info=&#8220;{}&#8220;]<\/p>\n<h1 style=\"text-align: left;\"><span style=\"color: #ffffff;\">Planung von Arbeiten\/Projekten<\/span><\/h1>\n<p>[\/et_pb_text][\/et_pb_column][\/et_pb_row][\/et_pb_section][et_pb_section fb_built=&#8220;1&#8243; _builder_version=&#8220;4.16&#8243; _module_preset=&#8220;default&#8220; global_colors_info=&#8220;{}&#8220;][et_pb_row use_custom_gutter=&#8220;on&#8220; gutter_width=&#8220;2&#8243; _builder_version=&#8220;4.16&#8243; _module_preset=&#8220;default&#8220; max_width=&#8220;1260px&#8220; custom_padding=&#8220;||||false|false&#8220; global_colors_info=&#8220;{}&#8220;][et_pb_column type=&#8220;4_4&#8243; _builder_version=&#8220;4.16&#8243; _module_preset=&#8220;default&#8220; pac_dcm_carousel_specific_module_num=&#8220;0&#8243; global_colors_info=&#8220;{}&#8220;][et_pb_text _builder_version=&#8220;4.27.4&#8243; _module_preset=&#8220;default&#8220; text_text_color=&#8220;#000000&#8243; custom_padding_tablet=&#8220;|15px||15px|false|true&#8220; custom_padding_phone=&#8220;&#8220; custom_padding_last_edited=&#8220;on|desktop&#8220; global_colors_info=&#8220;{}&#8220;]<\/p>\n<p><b>Modul \u201eAktivit\u00e4tenplanung\u201c: Vereinfachen Sie Ihre Organisation<\/b><\/p>\n<p>Das Modul \u201eAktivit\u00e4tenplanung\u201c von SwissWorkTime ist das ideale Tool, um die Arbeit Ihrer Teams pr\u00e4zise und einfach zu organisieren. Zentralisieren Sie die Verwaltung Ihrer Projekte und Eins\u00e4tze dank einer visuellen Benutzeroberfl\u00e4che und Funktionen, die auf Effizienz ausgelegt sind.<\/p>\n<p><b>Intuitive und flexible Planungsverwaltung<\/b><\/p>\n<p>\u00dcbernehmen Sie die vollst\u00e4ndige Kontrolle \u00fcber Ihren Zeitplan. Mit unserem Drag-and-Drop-System k\u00f6nnen Sie Aufgaben mit wenigen Handgriffen erstellen, bearbeiten und zuweisen. Die Planung wird schneller und reaktionsschneller.<\/p>\n<p>Passen Sie die Anzeige an, um einen klaren \u00dcberblick \u00fcber Ihre Aktivit\u00e4ten zu erhalten. Filtern Sie Ihren Zeitplan nach Ihren Bed\u00fcrfnissen:<\/p>\n<ul>\n<li><b>Ansicht nach Zeitraum:<\/b> Verschaffen Sie sich einen t\u00e4glichen und w\u00f6chentlichen \u00dcberblick.<\/li>\n<li><b>Ansicht nach Mitarbeiter:<\/b> Visualisieren Sie die Arbeitsbelastung jedes Mitarbeiters.<\/li>\n<li><b>Ansicht nach Projekt:<\/b> Verfolgen Sie den Fortschritt mit dem Zeitplan der Baustelle\/des Projekts.<\/li>\n<\/ul>\n<p>Weisen Sie jeder Baustelle\/jedem Projekt und jedem Mitarbeiter zur besseren \u00dcbersichtlichkeit unterschiedliche Farben zu. F\u00fcr jede Art von Baustelle\/Projekt k\u00f6nnen Symbole ausgew\u00e4hlt werden, um sie leicht zu identifizieren.<\/p>\n<p><b>Funktionen f\u00fcr maximale Effizienz<\/b><\/p>\n<p>\u00dcber die reine Planung hinaus enth\u00e4lt dieses Modul praktische Tools, die die t\u00e4gliche Koordination erleichtern und sicherstellen, dass Ihre Teams \u00fcber alle notwendigen Informationen verf\u00fcgen.<\/p>\n<p>\u00b7 <b>Beschreibung<\/b>: Integrieren Sie eine Aufgabenbeschreibung direkt in den Zeitplan, um Ihre Mitarbeiter \u00fcber die auszuf\u00fchrenden Arbeiten zu informieren.<\/p>\n<p>\u00b7 <b>Anhang von Dokumenten:<\/b> F\u00fcgen Sie wichtige Dateien (Pl\u00e4ne, Kostenvoranschl\u00e4ge, technische Datenbl\u00e4tter) direkt zu einer Aufgabe hinzu. Ihre Mitarbeiter k\u00f6nnen von unterwegs aus sofort \u00fcber ihr Smartphone darauf zugreifen.<\/p>\n<p>\u00b7 <b>Abwesenheitsmanagement:<\/b> Integrieren Sie Urlaub, Krankheitstage und andere Abwesenheiten direkt in den Kalender. So erhalten Sie einen vollst\u00e4ndigen und zuverl\u00e4ssigen \u00dcberblick \u00fcber die Verf\u00fcgbarkeit Ihrer Mitarbeiter.<\/p>\n<p>Mit dem Modul \u201eAktivit\u00e4tenplanung\u201d verwandeln Sie eine komplexe Aufgabe in einen reibungslosen und kontrollierten Prozess. Steigern Sie Ihre Reaktionsf\u00e4higkeit, verbessern Sie die Kommunikation und optimieren Sie die Ressourcen Ihres Unternehmens.<\/p>\n<p>[\/et_pb_text][\/et_pb_column][\/et_pb_row][et_pb_row column_structure=&#8220;3_5,2_5&#8243; use_custom_gutter=&#8220;on&#8220; gutter_width=&#8220;2&#8243; _builder_version=&#8220;4.27.4&#8243; _module_preset=&#8220;default&#8220; max_width=&#8220;1260px&#8220; custom_padding=&#8220;||||false|false&#8220; global_colors_info=&#8220;{}&#8220;][et_pb_column type=&#8220;3_5&#8243; _builder_version=&#8220;4.24.2&#8243; _module_preset=&#8220;default&#8220; pac_dcm_carousel_specific_module_num=&#8220;0&#8243; global_colors_info=&#8220;{}&#8220;][et_pb_image src=&#8220;https:\/\/swissworktime.ch\/wp-content\/uploads\/2025\/11\/SWT-Planning-des-activite-15mb.gif&#8220; alt=&#8220;SWT Aktivit\u00e4tenplan&#8220; title_text=&#8220;SWT Planning des activit\u00e9 15mb&#8220; align=&#8220;center&#8220; _builder_version=&#8220;4.27.4&#8243; _module_preset=&#8220;default&#8220; global_colors_info=&#8220;{}&#8220;][\/et_pb_image][\/et_pb_column][et_pb_column type=&#8220;2_5&#8243; _builder_version=&#8220;4.24.2&#8243; _module_preset=&#8220;default&#8220; pac_dcm_carousel_specific_module_num=&#8220;0&#8243; global_colors_info=&#8220;{}&#8220;][et_pb_image src=&#8220;https:\/\/swissworktime.ch\/wp-content\/uploads\/2025\/10\/Screenshot_20251015-163503.jpg&#8220; align=&#8220;center&#8220; _builder_version=&#8220;4.27.4&#8243; _module_preset=&#8220;default&#8220; width=&#8220;50%&#8220; width_tablet=&#8220;50%&#8220; width_phone=&#8220;72%&#8220; width_last_edited=&#8220;on|phone&#8220; border_width_all=&#8220;1px&#8220; global_colors_info=&#8220;{}&#8220;][\/et_pb_image][\/et_pb_column][\/et_pb_row][et_pb_row _builder_version=&#8220;4.27.5&#8243; _module_preset=&#8220;default&#8220;][et_pb_column _builder_version=&#8220;4.27.5&#8243; _module_preset=&#8220;default&#8220; type=&#8220;4_4&#8243;][et_pb_video src=&#8220;https:\/\/youtu.be\/TmKWbzE0Ozk&#8220; _builder_version=&#8220;4.27.5&#8243; _module_preset=&#8220;default&#8220; hover_enabled=&#8220;0&#8243; sticky_enabled=&#8220;0&#8243;][\/et_pb_video][\/et_pb_column][\/et_pb_row][et_pb_row _builder_version=&#8220;4.24.2&#8243; _module_preset=&#8220;default&#8220; global_colors_info=&#8220;{}&#8220;][et_pb_column type=&#8220;4_4&#8243; _builder_version=&#8220;4.24.2&#8243; _module_preset=&#8220;default&#8220; pac_dcm_carousel_specific_module_num=&#8220;0&#8243; global_colors_info=&#8220;{}&#8220;][et_pb_cta title=&#8220;Testen Sie die Anwendung 1 Monat lang kostenlos&#8220; button_url=&#8220;https:\/\/www.swissworktime.pro\/de\/WebDemo\/WebAccountRequest&#8220; url_new_window=&#8220;on&#8220; button_text=&#8220;Erstellen Sie ein kostenloses Konto&#8220; disabled_on=&#8220;off|off|on&#8220; _builder_version=&#8220;4.24.2&#8243; _module_preset=&#8220;default&#8220; width=&#8220;46%&#8220; width_tablet=&#8220;79%&#8220; width_phone=&#8220;100%&#8220; width_last_edited=&#8220;on|phone&#8220; module_alignment=&#8220;center&#8220; global_colors_info=&#8220;{}&#8220;][\/et_pb_cta][\/et_pb_column][\/et_pb_row][et_pb_row _builder_version=&#8220;4.24.2&#8243; _module_preset=&#8220;default&#8220; custom_padding=&#8220;0px||0px||false|false&#8220; global_module=&#8220;5192&#8243; saved_tabs=&#8220;all&#8220; global_colors_info=&#8220;{}&#8220;][et_pb_column type=&#8220;4_4&#8243; _builder_version=&#8220;4.24.2&#8243; _module_preset=&#8220;default&#8220; pac_dcm_carousel_specific_module_num=&#8220;0&#8243; global_colors_info=&#8220;{}&#8220;][et_pb_image src=&#8220;https:\/\/swissworktime.ch\/wp-content\/uploads\/2024\/06\/GIF-ALL-FRANC.gif&#8220; alt=&#8220;SwissWorkTime CHF 5,- pro Mitarbeiter und Monat, kostenloser Testzeitraum von 1 Monat        &#8220; url=&#8220;https:\/\/swissworktime.ch\/de\/preise\/kostenloses-probeabo\/&#8220; disabled_on=&#8220;on|on|off&#8220; admin_label=&#8220;Image&#8220; _builder_version=&#8220;4.24.2&#8243; _module_preset=&#8220;default&#8220; positioning=&#8220;fixed&#8220; position_origin_f=&#8220;center_right&#8220; horizontal_offset=&#8220;10px&#8220; width=&#8220;10%&#8220; global_colors_info=&#8220;{}&#8220;][\/et_pb_image][\/et_pb_column][\/et_pb_row][et_pb_row _builder_version=&#8220;4.24.2&#8243; _module_preset=&#8220;default&#8220; global_colors_info=&#8220;{}&#8220;][et_pb_column type=&#8220;4_4&#8243; _builder_version=&#8220;4.24.2&#8243; _module_preset=&#8220;default&#8220; pac_dcm_carousel_specific_module_num=&#8220;0&#8243; global_colors_info=&#8220;{}&#8220;][et_pb_text _builder_version=&#8220;4.24.2&#8243; _module_preset=&#8220;default&#8220; global_colors_info=&#8220;{}&#8220;]<button class=\"btnFonct\" onclick=\"history.go(-1)\"> &lt;  Zur\u00fcck<\/button>[\/et_pb_text][\/et_pb_column][\/et_pb_row][\/et_pb_section]<\/p>\n","protected":false},"excerpt":{"rendered":"<p>Planung von Arbeiten\/ProjektenModul \u201eAktivit\u00e4tenplanung\u201c: Vereinfachen Sie Ihre Organisation Das Modul \u201eAktivit\u00e4tenplanung\u201c von SwissWorkTime ist das ideale Tool, um die Arbeit Ihrer Teams pr\u00e4zise und einfach zu organisieren. Zentralisieren Sie die Verwaltung Ihrer Projekte und Eins\u00e4tze dank einer visuellen Benutzeroberfl\u00e4che und Funktionen, die auf Effizienz ausgelegt sind. Intuitive und flexible Planungsverwaltung \u00dcbernehmen Sie die vollst\u00e4ndige Kontrolle [&hellip;]<\/p>\n","protected":false},"author":2,"featured_media":0,"parent":252171,"menu_order":0,"comment_status":"closed","ping_status":"closed","template":"","meta":{"_et_pb_use_builder":"on","_et_pb_old_content":"","_et_gb_content_width":"","inline_featured_image":false,"footnotes":""},"class_list":["post-254742","page","type-page","status-publish","hentry"],"yoast_head":"<!-- This site is optimized with the Yoast SEO plugin v27.3 - https:\/\/yoast.com\/product\/yoast-seo-wordpress\/ -->\n<title>Planung von Arbeiten\/Projekten - SwissWorkTime<\/title>\n<meta name=\"description\" content=\"SwissWorkTime enth\u00e4lt auch eine erweiterte Funktionalit\u00e4t f\u00fcr die Planung von Arbeiten und Projekten.\" \/>\n<meta name=\"robots\" content=\"index, follow, max-snippet:-1, max-image-preview:large, max-video-preview:-1\" \/>\n<link rel=\"canonical\" href=\"https:\/\/swissworktime.ch\/de\/funktionen\/planung-von-arbeiten-projekten\/\" \/>\n<meta property=\"og:locale\" content=\"de_DE\" \/>\n<meta property=\"og:type\" content=\"article\" \/>\n<meta property=\"og:title\" content=\"Planung von Arbeiten\/Projekten - SwissWorkTime\" \/>\n<meta property=\"og:description\" content=\"SwissWorkTime enth\u00e4lt auch eine erweiterte Funktionalit\u00e4t f\u00fcr die Planung von Arbeiten und Projekten.\" \/>\n<meta property=\"og:url\" content=\"https:\/\/swissworktime.ch\/de\/funktionen\/planung-von-arbeiten-projekten\/\" \/>\n<meta property=\"og:site_name\" content=\"SwissWorkTime\" \/>\n<meta property=\"article:publisher\" content=\"https:\/\/www.facebook.com\/swissworktime\" \/>\n<meta property=\"article:modified_time\" content=\"2026-02-02T14:40:09+00:00\" \/>\n<meta property=\"og:image\" content=\"https:\/\/swissworktime.ch\/wp-content\/uploads\/2022\/11\/logo_swissworktime.png\" \/>\n\t<meta property=\"og:image:width\" content=\"430\" \/>\n\t<meta property=\"og:image:height\" content=\"430\" \/>\n\t<meta property=\"og:image:type\" content=\"image\/png\" \/>\n<meta name=\"twitter:card\" content=\"summary_large_image\" \/>\n<meta name=\"twitter:label1\" content=\"Gesch\u00e4tzte Lesezeit\" \/>\n\t<meta name=\"twitter:data1\" content=\"3\u00a0Minuten\" \/>\n<script type=\"application\/ld+json\" class=\"yoast-schema-graph\">{\"@context\":\"https:\\\/\\\/schema.org\",\"@graph\":[{\"@type\":\"WebPage\",\"@id\":\"https:\\\/\\\/swissworktime.ch\\\/de\\\/funktionen\\\/planung-von-arbeiten-projekten\\\/\",\"url\":\"https:\\\/\\\/swissworktime.ch\\\/de\\\/funktionen\\\/planung-von-arbeiten-projekten\\\/\",\"name\":\"Planung von Arbeiten\\\/Projekten - SwissWorkTime\",\"isPartOf\":{\"@id\":\"https:\\\/\\\/swissworktime.ch\\\/de\\\/#website\"},\"datePublished\":\"2025-03-28T05:37:54+00:00\",\"dateModified\":\"2026-02-02T14:40:09+00:00\",\"description\":\"SwissWorkTime enth\u00e4lt auch eine erweiterte Funktionalit\u00e4t f\u00fcr die Planung von Arbeiten und Projekten.\",\"breadcrumb\":{\"@id\":\"https:\\\/\\\/swissworktime.ch\\\/de\\\/funktionen\\\/planung-von-arbeiten-projekten\\\/#breadcrumb\"},\"inLanguage\":\"de\",\"potentialAction\":[{\"@type\":\"ReadAction\",\"target\":[\"https:\\\/\\\/swissworktime.ch\\\/de\\\/funktionen\\\/planung-von-arbeiten-projekten\\\/\"]}]},{\"@type\":\"BreadcrumbList\",\"@id\":\"https:\\\/\\\/swissworktime.ch\\\/de\\\/funktionen\\\/planung-von-arbeiten-projekten\\\/#breadcrumb\",\"itemListElement\":[{\"@type\":\"ListItem\",\"position\":1,\"name\":\"Accueil\",\"item\":\"https:\\\/\\\/swissworktime.ch\\\/de\\\/\"},{\"@type\":\"ListItem\",\"position\":2,\"name\":\"Funktionen\",\"item\":\"https:\\\/\\\/swissworktime.ch\\\/de\\\/funktionen\\\/\"},{\"@type\":\"ListItem\",\"position\":3,\"name\":\"Planung von Arbeiten\\\/Projekten\"}]},{\"@type\":\"WebSite\",\"@id\":\"https:\\\/\\\/swissworktime.ch\\\/de\\\/#website\",\"url\":\"https:\\\/\\\/swissworktime.ch\\\/de\\\/\",\"name\":\"SwissWorkTime\",\"description\":\"App pour la gestion et la saisie des heures de travail\",\"publisher\":{\"@id\":\"https:\\\/\\\/swissworktime.ch\\\/de\\\/#organization\"},\"potentialAction\":[{\"@type\":\"SearchAction\",\"target\":{\"@type\":\"EntryPoint\",\"urlTemplate\":\"https:\\\/\\\/swissworktime.ch\\\/de\\\/?s={search_term_string}\"},\"query-input\":{\"@type\":\"PropertyValueSpecification\",\"valueRequired\":true,\"valueName\":\"search_term_string\"}}],\"inLanguage\":\"de\"},{\"@type\":\"Organization\",\"@id\":\"https:\\\/\\\/swissworktime.ch\\\/de\\\/#organization\",\"name\":\"SwissWorkTime\",\"url\":\"https:\\\/\\\/swissworktime.ch\\\/de\\\/\",\"logo\":{\"@type\":\"ImageObject\",\"inLanguage\":\"de\",\"@id\":\"https:\\\/\\\/swissworktime.ch\\\/de\\\/#\\\/schema\\\/logo\\\/image\\\/\",\"url\":\"https:\\\/\\\/swissworktime.ch\\\/wp-content\\\/uploads\\\/2021\\\/02\\\/logoSWT_header.png\",\"contentUrl\":\"https:\\\/\\\/swissworktime.ch\\\/wp-content\\\/uploads\\\/2021\\\/02\\\/logoSWT_header.png\",\"width\":1024,\"height\":250,\"caption\":\"SwissWorkTime\"},\"image\":{\"@id\":\"https:\\\/\\\/swissworktime.ch\\\/de\\\/#\\\/schema\\\/logo\\\/image\\\/\"},\"sameAs\":[\"https:\\\/\\\/www.facebook.com\\\/swissworktime\"]}]}<\/script>\n<!-- \/ Yoast SEO plugin. -->","yoast_head_json":{"title":"Planung von Arbeiten\/Projekten - SwissWorkTime","description":"SwissWorkTime enth\u00e4lt auch eine erweiterte Funktionalit\u00e4t f\u00fcr die Planung von Arbeiten und Projekten.","robots":{"index":"index","follow":"follow","max-snippet":"max-snippet:-1","max-image-preview":"max-image-preview:large","max-video-preview":"max-video-preview:-1"},"canonical":"https:\/\/swissworktime.ch\/de\/funktionen\/planung-von-arbeiten-projekten\/","og_locale":"de_DE","og_type":"article","og_title":"Planung von Arbeiten\/Projekten - SwissWorkTime","og_description":"SwissWorkTime enth\u00e4lt auch eine erweiterte Funktionalit\u00e4t f\u00fcr die Planung von Arbeiten und Projekten.","og_url":"https:\/\/swissworktime.ch\/de\/funktionen\/planung-von-arbeiten-projekten\/","og_site_name":"SwissWorkTime","article_publisher":"https:\/\/www.facebook.com\/swissworktime","article_modified_time":"2026-02-02T14:40:09+00:00","og_image":[{"width":430,"height":430,"url":"https:\/\/swissworktime.ch\/wp-content\/uploads\/2022\/11\/logo_swissworktime.png","type":"image\/png"}],"twitter_card":"summary_large_image","twitter_misc":{"Gesch\u00e4tzte Lesezeit":"3\u00a0Minuten"},"schema":{"@context":"https:\/\/schema.org","@graph":[{"@type":"WebPage","@id":"https:\/\/swissworktime.ch\/de\/funktionen\/planung-von-arbeiten-projekten\/","url":"https:\/\/swissworktime.ch\/de\/funktionen\/planung-von-arbeiten-projekten\/","name":"Planung von Arbeiten\/Projekten - SwissWorkTime","isPartOf":{"@id":"https:\/\/swissworktime.ch\/de\/#website"},"datePublished":"2025-03-28T05:37:54+00:00","dateModified":"2026-02-02T14:40:09+00:00","description":"SwissWorkTime enth\u00e4lt auch eine erweiterte Funktionalit\u00e4t f\u00fcr die Planung von Arbeiten und Projekten.","breadcrumb":{"@id":"https:\/\/swissworktime.ch\/de\/funktionen\/planung-von-arbeiten-projekten\/#breadcrumb"},"inLanguage":"de","potentialAction":[{"@type":"ReadAction","target":["https:\/\/swissworktime.ch\/de\/funktionen\/planung-von-arbeiten-projekten\/"]}]},{"@type":"BreadcrumbList","@id":"https:\/\/swissworktime.ch\/de\/funktionen\/planung-von-arbeiten-projekten\/#breadcrumb","itemListElement":[{"@type":"ListItem","position":1,"name":"Accueil","item":"https:\/\/swissworktime.ch\/de\/"},{"@type":"ListItem","position":2,"name":"Funktionen","item":"https:\/\/swissworktime.ch\/de\/funktionen\/"},{"@type":"ListItem","position":3,"name":"Planung von Arbeiten\/Projekten"}]},{"@type":"WebSite","@id":"https:\/\/swissworktime.ch\/de\/#website","url":"https:\/\/swissworktime.ch\/de\/","name":"SwissWorkTime","description":"App pour la gestion et la saisie des heures de travail","publisher":{"@id":"https:\/\/swissworktime.ch\/de\/#organization"},"potentialAction":[{"@type":"SearchAction","target":{"@type":"EntryPoint","urlTemplate":"https:\/\/swissworktime.ch\/de\/?s={search_term_string}"},"query-input":{"@type":"PropertyValueSpecification","valueRequired":true,"valueName":"search_term_string"}}],"inLanguage":"de"},{"@type":"Organization","@id":"https:\/\/swissworktime.ch\/de\/#organization","name":"SwissWorkTime","url":"https:\/\/swissworktime.ch\/de\/","logo":{"@type":"ImageObject","inLanguage":"de","@id":"https:\/\/swissworktime.ch\/de\/#\/schema\/logo\/image\/","url":"https:\/\/swissworktime.ch\/wp-content\/uploads\/2021\/02\/logoSWT_header.png","contentUrl":"https:\/\/swissworktime.ch\/wp-content\/uploads\/2021\/02\/logoSWT_header.png","width":1024,"height":250,"caption":"SwissWorkTime"},"image":{"@id":"https:\/\/swissworktime.ch\/de\/#\/schema\/logo\/image\/"},"sameAs":["https:\/\/www.facebook.com\/swissworktime"]}]}},"_links":{"self":[{"href":"https:\/\/swissworktime.ch\/de\/wp-json\/wp\/v2\/pages\/254742","targetHints":{"allow":["GET"]}}],"collection":[{"href":"https:\/\/swissworktime.ch\/de\/wp-json\/wp\/v2\/pages"}],"about":[{"href":"https:\/\/swissworktime.ch\/de\/wp-json\/wp\/v2\/types\/page"}],"author":[{"embeddable":true,"href":"https:\/\/swissworktime.ch\/de\/wp-json\/wp\/v2\/users\/2"}],"replies":[{"embeddable":true,"href":"https:\/\/swissworktime.ch\/de\/wp-json\/wp\/v2\/comments?post=254742"}],"version-history":[{"count":9,"href":"https:\/\/swissworktime.ch\/de\/wp-json\/wp\/v2\/pages\/254742\/revisions"}],"predecessor-version":[{"id":257116,"href":"https:\/\/swissworktime.ch\/de\/wp-json\/wp\/v2\/pages\/254742\/revisions\/257116"}],"up":[{"embeddable":true,"href":"https:\/\/swissworktime.ch\/de\/wp-json\/wp\/v2\/pages\/252171"}],"wp:attachment":[{"href":"https:\/\/swissworktime.ch\/de\/wp-json\/wp\/v2\/media?parent=254742"}],"curies":[{"name":"wp","href":"https:\/\/api.w.org\/{rel}","templated":true}]}}