{"id":254836,"date":"2025-04-01T07:43:33","date_gmt":"2025-04-01T05:43:33","guid":{"rendered":"https:\/\/swissworktime.ch\/steigern-sie-ihr-geschaeft-mit-unserer-loesung-und-dem-bilanz-paket\/"},"modified":"2025-04-01T18:09:38","modified_gmt":"2025-04-01T16:09:38","slug":"pack-bilanz","status":"publish","type":"page","link":"https:\/\/swissworktime.ch\/de\/pack-bilanz\/","title":{"rendered":"Steigern Sie Ihr Gesch\u00e4ft mit unserer L\u00f6sung und dem PACK Bilanz"},"content":{"rendered":"<p>[et_pb_section fb_built=&#8220;1&#8243; _builder_version=&#8220;4.27.4&#8243; _module_preset=&#8220;default&#8220; background_image=&#8220;https:\/\/swissworktime.ch\/wp-content\/uploads\/2024\/05\/swissworktime_reporting_1920x673.png&#8220; custom_padding=&#8220;110px||110px||true|false&#8220; global_colors_info=&#8220;{}&#8220;][et_pb_row module_id=&#8220;NosTarifs&#8220; module_class=&#8220;NosTarifs&#8220; _builder_version=&#8220;4.16&#8243; _module_preset=&#8220;default&#8220; background_color=&#8220;rgba(255,255,255,0.85)&#8220; custom_padding=&#8220;||||false|false&#8220; border_radii=&#8220;on|5px|5px|5px|5px&#8220; box_shadow_style=&#8220;preset2&#8243; global_colors_info=&#8220;{}&#8220;][et_pb_column type=&#8220;4_4&#8243; _builder_version=&#8220;4.16&#8243; _module_preset=&#8220;default&#8220; pac_dcm_carousel_specific_module_num=&#8220;0&#8243; global_colors_info=&#8220;{}&#8220;][et_pb_text _builder_version=&#8220;4.27.4&#8243; _module_preset=&#8220;default&#8220; text_font=&#8220;Proza Libre||||||||&#8220; text_text_color=&#8220;#000000&#8243; text_font_size=&#8220;30px&#8220; header_font=&#8220;|700|||||||&#8220; header_text_align=&#8220;center&#8220; header_text_color=&#8220;#000000&#8243; header_font_size=&#8220;40px&#8220; header_2_font=&#8220;Proza Libre|700|||||||&#8220; header_2_text_align=&#8220;center&#8220; header_2_text_color=&#8220;#000000&#8243; header_2_font_size=&#8220;40px&#8220; text_orientation=&#8220;center&#8220; custom_padding=&#8220;15px|||||&#8220; hover_enabled=&#8220;0&#8243; text_line_height_tablet=&#8220;&#8220; text_line_height_phone=&#8220;1.5em&#8220; text_line_height_last_edited=&#8220;on|phone&#8220; header_font_size_tablet=&#8220;36px&#8220; header_font_size_phone=&#8220;32px&#8220; header_font_size_last_edited=&#8220;on|phone&#8220; header_2_font_size_tablet=&#8220;36px&#8220; header_2_font_size_phone=&#8220;32px&#8220; header_2_font_size_last_edited=&#8220;on|phone&#8220; global_colors_info=&#8220;{}&#8220; sticky_enabled=&#8220;0&#8243;]<\/p>\n<h2>Steigern Sie Ihr Gesch\u00e4ft mit unserer L\u00f6sung<br \/>und dem PACK Bilanz .<\/h2>\n<p>[\/et_pb_text][\/et_pb_column][\/et_pb_row][\/et_pb_section][et_pb_section fb_built=&#8220;1&#8243; _builder_version=&#8220;4.16&#8243; _module_preset=&#8220;default&#8220; global_colors_info=&#8220;{}&#8220;][et_pb_row use_custom_gutter=&#8220;on&#8220; gutter_width=&#8220;2&#8243; _builder_version=&#8220;4.16&#8243; _module_preset=&#8220;default&#8220; max_width=&#8220;1260px&#8220; custom_padding=&#8220;||||false|false&#8220; global_colors_info=&#8220;{}&#8220;][et_pb_column type=&#8220;4_4&#8243; _builder_version=&#8220;4.16&#8243; _module_preset=&#8220;default&#8220; pac_dcm_carousel_specific_module_num=&#8220;0&#8243; global_colors_info=&#8220;{}&#8220;][et_pb_text _builder_version=&#8220;4.27.4&#8243; _module_preset=&#8220;default&#8220; text_text_color=&#8220;#000000&#8243; text_orientation=&#8220;center&#8220; custom_padding_tablet=&#8220;|15px||15px|false|true&#8220; custom_padding_phone=&#8220;&#8220; custom_padding_last_edited=&#8220;on|desktop&#8220; hover_enabled=&#8220;0&#8243; global_colors_info=&#8220;{}&#8220; sticky_enabled=&#8220;0&#8243;]<\/p>\n<p style=\"text-align: left;\">Ein Unternehmen erfolgreich zu f\u00fchren bedeutet, sich st\u00e4ndig neuen Herausforderungen zu stellen. Projekte \u00fcberwachen, Fortschritte verfolgen, fundierte Entscheidungen treffen&#8230; All dies erfordert Zeit und Pr\u00e4zision. Aus diesem Grund haben wir <strong>unsere L\u00f6sung mit dem PACK Bilanz <\/strong>entwickelt, ein leistungsstarkes und vollst\u00e4ndiges Werkzeug, das auf die Bed\u00fcrfnisse anspruchsvoller Unternehmer wie Sie zugeschnitten ist. Durch die Kombination von <a href=\"https:\/\/swissworktime.ch\/de\/funktionen\/abrechnungen\/\"><strong>\u00dcberwachung von Baustellen\/Projekten<\/strong><\/a> und <a href=\"https:\/\/swissworktime.ch\/de\/funktionen\/monitoring-und-kennzahlen\/\"><strong>Schl\u00fcsselindikatoren <\/strong><\/a>Unsere L\u00f6sung erm\u00f6glicht es Ihnen, die Kontrolle zu behalten, Ihre Leistung zu verbessern und Ihre Ergebnisse zu maximieren.<\/p>\n<h2 style=\"text-align: left;\">Warum sollten Sie sich f\u00fcr das PACK Bilan entscheiden?<\/h2>\n<h3 style=\"text-align: left;\">1. Vereinfachte Projektverfolgung<\/h3>\n<p style=\"text-align: left;\">Mit unserer L\u00f6sung erhalten Sie einen klaren \u00dcberblick \u00fcber alle Ihre Projekte und Baustellen <a href=\"https:\/\/swissworktime.ch\/de\/funktionen\/berichte\/\">in Echtzeit<\/a>. Budgets, Fortschrittsberichte, Ressourcennutzung &#8211; alles ist auf einer einzigen Plattform zentralisiert. Schluss mit komplexen Tabellen oder verstreuten Informationen. Treffen Sie die richtigen Entscheidungen mit pr\u00e4zisen Daten, auf die Sie mit einem Klick zugreifen k\u00f6nnen.<\/p>\n<p>[\/et_pb_text][et_pb_image src=&#8220;https:\/\/swissworktime.ch\/wp-content\/uploads\/2025\/04\/suivi-et-indicateurs-DE.png&#8220; title_text=&#8220;suivi et indicateurs DE&#8220; align=&#8220;center&#8220; _builder_version=&#8220;4.27.4&#8243; _module_preset=&#8220;default&#8220; global_colors_info=&#8220;{}&#8220;][\/et_pb_image][et_pb_text _builder_version=&#8220;4.27.4&#8243; _module_preset=&#8220;default&#8220; text_text_color=&#8220;#000000&#8243; text_orientation=&#8220;center&#8220; custom_padding_tablet=&#8220;|15px||15px|false|true&#8220; custom_padding_phone=&#8220;&#8220; custom_padding_last_edited=&#8220;on|desktop&#8220; global_colors_info=&#8220;{}&#8220;]<\/p>\n<h3 style=\"text-align: left;\">2. Verwertbare Indikatoren<\/h3>\n<p style=\"text-align: left;\">Um die besten Entscheidungen zu treffen, ben\u00f6tigen Sie zuverl\u00e4ssige Informationen. Mit ma\u00dfgeschneiderten Indikatoren erhalten Sie einen detaillierten \u00dcberblick \u00fcber wichtige Parameter wie : <\/p>\n<ul style=\"text-align: left;\">\n<li>Selbstkostenpreis<\/li>\n<li>abrechenbar<\/li>\n<\/ul>\n<p style=\"text-align: left;\">Diese Indikatoren verwandeln komplexe Daten in klare Visualisierungen und geben Ihnen konkrete Werkzeuge an die Hand, um schnell und richtig zu handeln.<br \/>F\u00fcr autorisierte Personen auch \u00fcber die mobile Anwendung verf\u00fcgbar.<\/p>\n<p>[\/et_pb_text][\/et_pb_column][\/et_pb_row][et_pb_row use_custom_gutter=&#8220;on&#8220; gutter_width=&#8220;2&#8243; _builder_version=&#8220;4.16&#8243; _module_preset=&#8220;default&#8220; max_width=&#8220;1260px&#8220; custom_padding=&#8220;||||false|false&#8220; global_colors_info=&#8220;{}&#8220;][et_pb_column type=&#8220;4_4&#8243; _builder_version=&#8220;4.16&#8243; _module_preset=&#8220;default&#8220; pac_dcm_carousel_specific_module_num=&#8220;0&#8243; global_colors_info=&#8220;{}&#8220;][et_pb_image src=&#8220;https:\/\/swissworktime.ch\/wp-content\/uploads\/2025\/04\/indicateur-1-DE.png&#8220; title_text=&#8220;indicateur 1 DE&#8220; align=&#8220;center&#8220; _builder_version=&#8220;4.27.4&#8243; _module_preset=&#8220;default&#8220; global_colors_info=&#8220;{}&#8220;][\/et_pb_image][et_pb_text _builder_version=&#8220;4.27.4&#8243; _module_preset=&#8220;default&#8220; text_text_color=&#8220;#000000&#8243; text_orientation=&#8220;center&#8220; custom_padding_tablet=&#8220;|15px||15px|false|true&#8220; custom_padding_phone=&#8220;&#8220; custom_padding_last_edited=&#8220;on|desktop&#8220; hover_enabled=&#8220;0&#8243; global_colors_info=&#8220;{}&#8220; sticky_enabled=&#8220;0&#8243;]<\/p>\n<h3 style=\"text-align: left;\">3. H\u00f6here Effizienz<\/h3>\n<p style=\"text-align: left;\">Ein gut strukturiertes System zur <a href=\"https:\/\/swissworktime.ch\/de\/funktionen\/validierung\/\">\u00dcberwachung<\/a> und Bewertung Ihrer Projekte oder Baustellen spart Zeit und minimiert Fehler. Die Automatisierung von Schl\u00fcsselprozessen reduziert den Verwaltungsaufwand, so dass Sie und Ihre Teams sich auf das Wesentliche konzentrieren k\u00f6nnen.<\/p>\n<p style=\"text-align: left;\">Die <strong>Abrechnungsfunktion nach Abteil<\/strong> ungen bietet Ihnen einen umfassenden und genauen \u00dcberblick \u00fcber alle Ihre Abteilungen sowie \u00fcber Ihre spezifischen Projekte oder Baustellen. Mit nur wenigen Klicks erhalten Sie Zugang zu den wichtigsten Informationen f\u00fcr eine optimale Verwaltung.<\/p>\n<p style=\"text-align: left;\">Was Sie mit dieser Funktion tun k\u00f6nnen :<\/p>\n<ul style=\"text-align: left;\">\n<li><strong>Umfassende Analyse<\/strong>: Sehen Sie sich die Gesamtbilanz aller Baustellen in einer Abteilung oder aller Ihrer Baustellen in einem bestimmten Zeitraum an.<\/li>\n<li><strong>Detaillierte Indikatoren<\/strong>: Erhalten Sie eine \u00fcbersichtliche Tabelle, die alle Schl\u00fcsselindikatoren (Ergebnisse, Situation usw.) f\u00fcr einen bestimmten Zeitraum zusammenfasst.<\/li>\n<\/ul>\n<p style=\"text-align: left;\">Mit diesem Tool erleichtern Sie die Entscheidungsfindung, identifizieren schnell verbesserungsw\u00fcrdige Punkte und steuern Ihre Projekte mit erh\u00f6hter Effizienz. SwissWorkTime verwandelt das Management Ihrer Abteilungen in eine fl\u00fcssige und intuitive Erfahrung.<\/p>\n<p>[\/et_pb_text][et_pb_image src=&#8220;https:\/\/swissworktime.ch\/wp-content\/uploads\/2025\/04\/suivi_departement_de.png&#8220; title_text=&#8220;suivi_departement_de&#8220; _builder_version=&#8220;4.27.4&#8243; _module_preset=&#8220;default&#8220; global_colors_info=&#8220;{}&#8220;][\/et_pb_image][et_pb_image src=&#8220;https:\/\/swissworktime.ch\/wp-content\/uploads\/2025\/04\/suivi_departement2_de.png&#8220; title_text=&#8220;suivi_departement2_de&#8220; _builder_version=&#8220;4.27.4&#8243; _module_preset=&#8220;default&#8220; global_colors_info=&#8220;{}&#8220;][\/et_pb_image][et_pb_text _builder_version=&#8220;4.27.4&#8243; _module_preset=&#8220;default&#8220; text_text_color=&#8220;#000000&#8243; text_orientation=&#8220;center&#8220; custom_padding_tablet=&#8220;|15px||15px|false|true&#8220; custom_padding_phone=&#8220;&#8220; custom_padding_last_edited=&#8220;on|desktop&#8220; hover_enabled=&#8220;0&#8243; global_colors_info=&#8220;{}&#8220; sticky_enabled=&#8220;0&#8243;]<\/p>\n<h3 style=\"text-align: left;\">4. Eine L\u00f6sung, die sich an Sie anpasst<\/h3>\n<p style=\"text-align: left;\">Jedes Unternehmen ist einzigartig und unsere L\u00f6sung ist es auch! Ob Sie mehrere Baustellen, eine Reihe von Projekten oder ein kleines Team verwalten, das <strong>PACK Bilanz<\/strong> passt sich Ihren spezifischen Arbeitsabl\u00e4ufen an. Sie profitieren von Werkzeugen, die mit Ihrem Wachstum und Ihren Bed\u00fcrfnissen vor Ort wachsen.<\/p>\n<h2 style=\"text-align: left;\">Konkrete Auswirkungen auf Ihr Unternehmen<\/h2>\n<p style=\"text-align: left;\">Stellen Sie sich ein Unternehmen vor, in dem alles optimiert ist: Probleme werden vorhergesehen, bevor sie auftreten, und jede Entscheidung beruht auf soliden Daten. Mit dem <strong>PACK Bilanz<\/strong>\u00a0vereinfachen Sie Ihre t\u00e4gliche Verwaltung und erm\u00f6glichen es Ihrem Unternehmen, :<\/p>\n<ul style=\"text-align: left;\">\n<li>die Kommunikation zwischen Ihren Teams zu verbessern<\/li>\n<li>Kosten und unn\u00f6tige Verz\u00f6gerungen reduzieren<\/li>\n<li>eine strategische und 360\u00b0-Sicht auf Ihre Leistungen haben<\/li>\n<\/ul>\n<p style=\"text-align: left;\">Was ist das Ergebnis? H\u00f6here Produktivit\u00e4t, h\u00f6here Gewinne und bessere Entscheidungsfindung.<\/p>\n<h2 style=\"text-align: left;\">Handeln Sie<\/h2>\n<p style=\"text-align: left;\"><strong>Revolutionieren Sie die Verwaltung Ihres Unternehmens. Mit unserer L\u00f6sung und dem PACK Bilanz k\u00f6nnen Sie sich den <a href=\"https:\/\/swissworktime.ch\/de\/referenzen\/\">vielen Unternehmern<\/a> anschlie\u00dfen, die bereits die Kontrolle \u00fcber ihr Unternehmen \u00fcbernommen und beeindruckende Ergebnisse erzielt haben. <\/strong><\/p>\n<p style=\"text-align: left;\"><strong>Z\u00f6gern Sie nicht, Ihr Unternehmen umzugestalten.<\/strong><\/p>\n<p>[\/et_pb_text][et_pb_button button_url=&#8220;https:\/\/swissworktime.pro\/de\/WebDemo\/WebAccountRequest&#8220; url_new_window=&#8220;on&#8220; button_text=&#8220;Erstellen Sie ein kostenloses Konto&#8220; disabled_on=&#8220;on|on|off&#8220; admin_label=&#8220;Bouton&#8220; _builder_version=&#8220;4.27.4&#8243; _module_preset=&#8220;default&#8220; hover_enabled=&#8220;0&#8243; global_colors_info=&#8220;{}&#8220; sticky_enabled=&#8220;0&#8243;][\/et_pb_button][\/et_pb_column][\/et_pb_row][et_pb_row _builder_version=&#8220;4.24.2&#8243; _module_preset=&#8220;default&#8220; global_colors_info=&#8220;{}&#8220;][et_pb_column type=&#8220;4_4&#8243; _builder_version=&#8220;4.24.2&#8243; _module_preset=&#8220;default&#8220; pac_dcm_carousel_specific_module_num=&#8220;0&#8243; global_colors_info=&#8220;{}&#8220;][et_pb_cta title=&#8220;Testen Sie die Anwendung 1 Monat lang kostenlos&#8220; button_url=&#8220;https:\/\/www.swissworktime.pro\/de\/WebDemo\/WebAccountRequest&#8220; url_new_window=&#8220;on&#8220; button_text=&#8220;Erstellen Sie ein kostenloses Konto&#8220; disabled_on=&#8220;off|off|on&#8220; _builder_version=&#8220;4.24.2&#8243; _module_preset=&#8220;default&#8220; width=&#8220;46%&#8220; width_tablet=&#8220;79%&#8220; width_phone=&#8220;100%&#8220; width_last_edited=&#8220;on|phone&#8220; module_alignment=&#8220;center&#8220; global_colors_info=&#8220;{}&#8220;][\/et_pb_cta][\/et_pb_column][\/et_pb_row][et_pb_row _builder_version=&#8220;4.24.2&#8243; _module_preset=&#8220;default&#8220; custom_padding=&#8220;0px||0px||false|false&#8220; global_module=&#8220;5192&#8243; saved_tabs=&#8220;all&#8220; global_colors_info=&#8220;{}&#8220;][et_pb_column type=&#8220;4_4&#8243; _builder_version=&#8220;4.24.2&#8243; _module_preset=&#8220;default&#8220; pac_dcm_carousel_specific_module_num=&#8220;0&#8243; global_colors_info=&#8220;{}&#8220;][et_pb_image src=&#8220;https:\/\/swissworktime.ch\/wp-content\/uploads\/2024\/06\/GIF-ALL-FRANC.gif&#8220; alt=&#8220;SwissWorkTime CHF 5,- pro Mitarbeiter und Monat, kostenloser Testzeitraum von 1 Monat        &#8220; url=&#8220;https:\/\/swissworktime.ch\/de\/preise\/kostenloses-probeabo\/&#8220; disabled_on=&#8220;on|on|off&#8220; admin_label=&#8220;Image&#8220; _builder_version=&#8220;4.24.2&#8243; _module_preset=&#8220;default&#8220; positioning=&#8220;fixed&#8220; position_origin_f=&#8220;center_right&#8220; horizontal_offset=&#8220;10px&#8220; width=&#8220;10%&#8220; global_colors_info=&#8220;{}&#8220;][\/et_pb_image][\/et_pb_column][\/et_pb_row][\/et_pb_section]<\/p>\n","protected":false},"excerpt":{"rendered":"<p>Steigern Sie Ihr Gesch\u00e4ft mit unserer L\u00f6sungund dem PACK Bilanz .Ein Unternehmen erfolgreich zu f\u00fchren bedeutet, sich st\u00e4ndig neuen Herausforderungen zu stellen. Projekte \u00fcberwachen, Fortschritte verfolgen, fundierte Entscheidungen treffen&#8230; All dies erfordert Zeit und Pr\u00e4zision. Aus diesem Grund haben wir unsere L\u00f6sung mit dem PACK Bilanz entwickelt, ein leistungsstarkes und vollst\u00e4ndiges Werkzeug, das auf die [&hellip;]<\/p>\n","protected":false},"author":2,"featured_media":0,"parent":0,"menu_order":0,"comment_status":"closed","ping_status":"closed","template":"","meta":{"_et_pb_use_builder":"on","_et_pb_old_content":"","_et_gb_content_width":"","inline_featured_image":false,"footnotes":""},"class_list":["post-254836","page","type-page","status-publish","hentry"],"yoast_head":"<!-- This site is optimized with the Yoast SEO plugin v27.3 - https:\/\/yoast.com\/product\/yoast-seo-wordpress\/ -->\n<title>Steigern Sie Ihr Gesch\u00e4ft mit unserer L\u00f6sung und dem PACK Bilanz - SwissWorkTime<\/title>\n<meta name=\"description\" content=\"Steigern Sie Ihr Gesch\u00e4ft mit unserer L\u00f6sung und dem PACK Bilanz. \u00dcberwachen Sie Ihre Projekte, verfolgen Sie den Fortschritt und treffen Sie fundierte Entscheidungen.\" \/>\n<meta name=\"robots\" content=\"index, follow, max-snippet:-1, max-image-preview:large, max-video-preview:-1\" \/>\n<link rel=\"canonical\" href=\"https:\/\/swissworktime.ch\/de\/pack-bilanz\/\" \/>\n<meta property=\"og:locale\" content=\"de_DE\" \/>\n<meta property=\"og:type\" content=\"article\" \/>\n<meta property=\"og:title\" content=\"Steigern Sie Ihr Gesch\u00e4ft mit unserer L\u00f6sung und dem PACK Bilanz - SwissWorkTime\" \/>\n<meta property=\"og:description\" content=\"Steigern Sie Ihr Gesch\u00e4ft mit unserer L\u00f6sung und dem PACK Bilanz. \u00dcberwachen Sie Ihre Projekte, verfolgen Sie den Fortschritt und treffen Sie fundierte Entscheidungen.\" \/>\n<meta property=\"og:url\" content=\"https:\/\/swissworktime.ch\/de\/pack-bilanz\/\" \/>\n<meta property=\"og:site_name\" content=\"SwissWorkTime\" \/>\n<meta property=\"article:publisher\" content=\"https:\/\/www.facebook.com\/swissworktime\" \/>\n<meta property=\"article:modified_time\" content=\"2025-04-01T16:09:38+00:00\" \/>\n<meta property=\"og:image\" content=\"https:\/\/swissworktime.ch\/wp-content\/uploads\/2022\/11\/logo_swissworktime.png\" \/>\n\t<meta property=\"og:image:width\" content=\"430\" \/>\n\t<meta property=\"og:image:height\" content=\"430\" \/>\n\t<meta property=\"og:image:type\" content=\"image\/png\" \/>\n<meta name=\"twitter:card\" content=\"summary_large_image\" \/>\n<meta name=\"twitter:label1\" content=\"Gesch\u00e4tzte Lesezeit\" \/>\n\t<meta name=\"twitter:data1\" content=\"4\u00a0Minuten\" \/>\n<script type=\"application\/ld+json\" class=\"yoast-schema-graph\">{\"@context\":\"https:\\\/\\\/schema.org\",\"@graph\":[{\"@type\":\"WebPage\",\"@id\":\"https:\\\/\\\/swissworktime.ch\\\/de\\\/pack-bilanz\\\/\",\"url\":\"https:\\\/\\\/swissworktime.ch\\\/de\\\/pack-bilanz\\\/\",\"name\":\"Steigern Sie Ihr Gesch\u00e4ft mit unserer L\u00f6sung und dem PACK Bilanz - SwissWorkTime\",\"isPartOf\":{\"@id\":\"https:\\\/\\\/swissworktime.ch\\\/de\\\/#website\"},\"datePublished\":\"2025-04-01T05:43:33+00:00\",\"dateModified\":\"2025-04-01T16:09:38+00:00\",\"description\":\"Steigern Sie Ihr Gesch\u00e4ft mit unserer L\u00f6sung und dem PACK Bilanz. \u00dcberwachen Sie Ihre Projekte, verfolgen Sie den Fortschritt und treffen Sie fundierte Entscheidungen.\",\"breadcrumb\":{\"@id\":\"https:\\\/\\\/swissworktime.ch\\\/de\\\/pack-bilanz\\\/#breadcrumb\"},\"inLanguage\":\"de\",\"potentialAction\":[{\"@type\":\"ReadAction\",\"target\":[\"https:\\\/\\\/swissworktime.ch\\\/de\\\/pack-bilanz\\\/\"]}]},{\"@type\":\"BreadcrumbList\",\"@id\":\"https:\\\/\\\/swissworktime.ch\\\/de\\\/pack-bilanz\\\/#breadcrumb\",\"itemListElement\":[{\"@type\":\"ListItem\",\"position\":1,\"name\":\"Accueil\",\"item\":\"https:\\\/\\\/swissworktime.ch\\\/de\\\/\"},{\"@type\":\"ListItem\",\"position\":2,\"name\":\"Steigern Sie Ihr Gesch\u00e4ft mit unserer L\u00f6sung und dem PACK Bilanz\"}]},{\"@type\":\"WebSite\",\"@id\":\"https:\\\/\\\/swissworktime.ch\\\/de\\\/#website\",\"url\":\"https:\\\/\\\/swissworktime.ch\\\/de\\\/\",\"name\":\"SwissWorkTime\",\"description\":\"App pour la gestion et la saisie des heures de travail\",\"publisher\":{\"@id\":\"https:\\\/\\\/swissworktime.ch\\\/de\\\/#organization\"},\"potentialAction\":[{\"@type\":\"SearchAction\",\"target\":{\"@type\":\"EntryPoint\",\"urlTemplate\":\"https:\\\/\\\/swissworktime.ch\\\/de\\\/?s={search_term_string}\"},\"query-input\":{\"@type\":\"PropertyValueSpecification\",\"valueRequired\":true,\"valueName\":\"search_term_string\"}}],\"inLanguage\":\"de\"},{\"@type\":\"Organization\",\"@id\":\"https:\\\/\\\/swissworktime.ch\\\/de\\\/#organization\",\"name\":\"SwissWorkTime\",\"url\":\"https:\\\/\\\/swissworktime.ch\\\/de\\\/\",\"logo\":{\"@type\":\"ImageObject\",\"inLanguage\":\"de\",\"@id\":\"https:\\\/\\\/swissworktime.ch\\\/de\\\/#\\\/schema\\\/logo\\\/image\\\/\",\"url\":\"https:\\\/\\\/swissworktime.ch\\\/wp-content\\\/uploads\\\/2021\\\/02\\\/logoSWT_header.png\",\"contentUrl\":\"https:\\\/\\\/swissworktime.ch\\\/wp-content\\\/uploads\\\/2021\\\/02\\\/logoSWT_header.png\",\"width\":1024,\"height\":250,\"caption\":\"SwissWorkTime\"},\"image\":{\"@id\":\"https:\\\/\\\/swissworktime.ch\\\/de\\\/#\\\/schema\\\/logo\\\/image\\\/\"},\"sameAs\":[\"https:\\\/\\\/www.facebook.com\\\/swissworktime\"]}]}<\/script>\n<!-- \/ Yoast SEO plugin. -->","yoast_head_json":{"title":"Steigern Sie Ihr Gesch\u00e4ft mit unserer L\u00f6sung und dem PACK Bilanz - SwissWorkTime","description":"Steigern Sie Ihr Gesch\u00e4ft mit unserer L\u00f6sung und dem PACK Bilanz. \u00dcberwachen Sie Ihre Projekte, verfolgen Sie den Fortschritt und treffen Sie fundierte Entscheidungen.","robots":{"index":"index","follow":"follow","max-snippet":"max-snippet:-1","max-image-preview":"max-image-preview:large","max-video-preview":"max-video-preview:-1"},"canonical":"https:\/\/swissworktime.ch\/de\/pack-bilanz\/","og_locale":"de_DE","og_type":"article","og_title":"Steigern Sie Ihr Gesch\u00e4ft mit unserer L\u00f6sung und dem PACK Bilanz - SwissWorkTime","og_description":"Steigern Sie Ihr Gesch\u00e4ft mit unserer L\u00f6sung und dem PACK Bilanz. \u00dcberwachen Sie Ihre Projekte, verfolgen Sie den Fortschritt und treffen Sie fundierte Entscheidungen.","og_url":"https:\/\/swissworktime.ch\/de\/pack-bilanz\/","og_site_name":"SwissWorkTime","article_publisher":"https:\/\/www.facebook.com\/swissworktime","article_modified_time":"2025-04-01T16:09:38+00:00","og_image":[{"width":430,"height":430,"url":"https:\/\/swissworktime.ch\/wp-content\/uploads\/2022\/11\/logo_swissworktime.png","type":"image\/png"}],"twitter_card":"summary_large_image","twitter_misc":{"Gesch\u00e4tzte Lesezeit":"4\u00a0Minuten"},"schema":{"@context":"https:\/\/schema.org","@graph":[{"@type":"WebPage","@id":"https:\/\/swissworktime.ch\/de\/pack-bilanz\/","url":"https:\/\/swissworktime.ch\/de\/pack-bilanz\/","name":"Steigern Sie Ihr Gesch\u00e4ft mit unserer L\u00f6sung und dem PACK Bilanz - SwissWorkTime","isPartOf":{"@id":"https:\/\/swissworktime.ch\/de\/#website"},"datePublished":"2025-04-01T05:43:33+00:00","dateModified":"2025-04-01T16:09:38+00:00","description":"Steigern Sie Ihr Gesch\u00e4ft mit unserer L\u00f6sung und dem PACK Bilanz. \u00dcberwachen Sie Ihre Projekte, verfolgen Sie den Fortschritt und treffen Sie fundierte Entscheidungen.","breadcrumb":{"@id":"https:\/\/swissworktime.ch\/de\/pack-bilanz\/#breadcrumb"},"inLanguage":"de","potentialAction":[{"@type":"ReadAction","target":["https:\/\/swissworktime.ch\/de\/pack-bilanz\/"]}]},{"@type":"BreadcrumbList","@id":"https:\/\/swissworktime.ch\/de\/pack-bilanz\/#breadcrumb","itemListElement":[{"@type":"ListItem","position":1,"name":"Accueil","item":"https:\/\/swissworktime.ch\/de\/"},{"@type":"ListItem","position":2,"name":"Steigern Sie Ihr Gesch\u00e4ft mit unserer L\u00f6sung und dem PACK Bilanz"}]},{"@type":"WebSite","@id":"https:\/\/swissworktime.ch\/de\/#website","url":"https:\/\/swissworktime.ch\/de\/","name":"SwissWorkTime","description":"App pour la gestion et la saisie des heures de travail","publisher":{"@id":"https:\/\/swissworktime.ch\/de\/#organization"},"potentialAction":[{"@type":"SearchAction","target":{"@type":"EntryPoint","urlTemplate":"https:\/\/swissworktime.ch\/de\/?s={search_term_string}"},"query-input":{"@type":"PropertyValueSpecification","valueRequired":true,"valueName":"search_term_string"}}],"inLanguage":"de"},{"@type":"Organization","@id":"https:\/\/swissworktime.ch\/de\/#organization","name":"SwissWorkTime","url":"https:\/\/swissworktime.ch\/de\/","logo":{"@type":"ImageObject","inLanguage":"de","@id":"https:\/\/swissworktime.ch\/de\/#\/schema\/logo\/image\/","url":"https:\/\/swissworktime.ch\/wp-content\/uploads\/2021\/02\/logoSWT_header.png","contentUrl":"https:\/\/swissworktime.ch\/wp-content\/uploads\/2021\/02\/logoSWT_header.png","width":1024,"height":250,"caption":"SwissWorkTime"},"image":{"@id":"https:\/\/swissworktime.ch\/de\/#\/schema\/logo\/image\/"},"sameAs":["https:\/\/www.facebook.com\/swissworktime"]}]}},"_links":{"self":[{"href":"https:\/\/swissworktime.ch\/de\/wp-json\/wp\/v2\/pages\/254836","targetHints":{"allow":["GET"]}}],"collection":[{"href":"https:\/\/swissworktime.ch\/de\/wp-json\/wp\/v2\/pages"}],"about":[{"href":"https:\/\/swissworktime.ch\/de\/wp-json\/wp\/v2\/types\/page"}],"author":[{"embeddable":true,"href":"https:\/\/swissworktime.ch\/de\/wp-json\/wp\/v2\/users\/2"}],"replies":[{"embeddable":true,"href":"https:\/\/swissworktime.ch\/de\/wp-json\/wp\/v2\/comments?post=254836"}],"version-history":[{"count":2,"href":"https:\/\/swissworktime.ch\/de\/wp-json\/wp\/v2\/pages\/254836\/revisions"}],"predecessor-version":[{"id":254933,"href":"https:\/\/swissworktime.ch\/de\/wp-json\/wp\/v2\/pages\/254836\/revisions\/254933"}],"wp:attachment":[{"href":"https:\/\/swissworktime.ch\/de\/wp-json\/wp\/v2\/media?parent=254836"}],"curies":[{"name":"wp","href":"https:\/\/api.w.org\/{rel}","templated":true}]}}