{"id":255996,"date":"2025-05-25T10:15:17","date_gmt":"2025-05-25T08:15:17","guid":{"rendered":"https:\/\/swissworktime.ch\/preise-und-pakete\/"},"modified":"2026-01-28T13:33:13","modified_gmt":"2026-01-28T12:33:13","slug":"preise-und-pakete","status":"publish","type":"page","link":"https:\/\/swissworktime.ch\/de\/preise-und-pakete\/","title":{"rendered":"Preise und Pakete"},"content":{"rendered":"<p>[et_pb_section fb_built=&#8220;1&#8243; _builder_version=&#8220;4.27.4&#8243; _module_preset=&#8220;default&#8220; background_image=&#8220;https:\/\/swissworktime.ch\/wp-content\/uploads\/2024\/05\/swissworktime_horloge_1920x745.png&#8220; custom_padding=&#8220;10vw||10vw||true|false&#8220; global_colors_info=&#8220;{}&#8220;][et_pb_row _builder_version=&#8220;4.24.2&#8243; _module_preset=&#8220;default&#8220; width=&#8220;95%&#8220; max_width=&#8220;2560px&#8220; global_colors_info=&#8220;{}&#8220;][et_pb_column type=&#8220;4_4&#8243; _builder_version=&#8220;4.24.2&#8243; _module_preset=&#8220;default&#8220; pac_dcm_carousel_specific_module_num=&#8220;0&#8243; global_colors_info=&#8220;{}&#8220;][et_pb_text _builder_version=&#8220;4.27.4&#8243; _module_preset=&#8220;default&#8220; text_font=&#8220;Proza Libre||||||||&#8220; text_text_color=&#8220;#000000&#8243; text_font_size=&#8220;30px&#8220; header_font=&#8220;|700|||||||&#8220; header_text_align=&#8220;center&#8220; header_text_color=&#8220;#FFFFFF&#8220; header_font_size=&#8220;40px&#8220; header_2_font=&#8220;Proza Libre|700|||||||&#8220; header_2_text_align=&#8220;center&#8220; header_2_text_color=&#8220;#000000&#8243; header_2_font_size=&#8220;40px&#8220; text_orientation=&#8220;center&#8220; custom_padding=&#8220;15px|||||&#8220; text_line_height_tablet=&#8220;&#8220; text_line_height_phone=&#8220;1.5em&#8220; text_line_height_last_edited=&#8220;on|phone&#8220; header_font_size_tablet=&#8220;36px&#8220; header_font_size_phone=&#8220;32px&#8220; header_font_size_last_edited=&#8220;on|phone&#8220; header_2_font_size_tablet=&#8220;36px&#8220; header_2_font_size_phone=&#8220;32px&#8220; header_2_font_size_last_edited=&#8220;on|phone&#8220; global_colors_info=&#8220;{}&#8220;]<\/p>\n<h1>Preise<\/h1>\n<p>[\/et_pb_text][\/et_pb_column][\/et_pb_row][\/et_pb_section][et_pb_section fb_built=&#8220;1&#8243; _builder_version=&#8220;4.27.4&#8243; _module_preset=&#8220;default&#8220; background_color=&#8220;#644D52&#8243; custom_padding=&#8220;0px||0px||false|false&#8220; global_colors_info=&#8220;{}&#8220;][et_pb_row column_structure=&#8220;1_5,3_5,1_5&#8243; use_custom_gutter=&#8220;on&#8220; gutter_width=&#8220;1&#8243; make_equal=&#8220;on&#8220; _builder_version=&#8220;4.27.4&#8243; _module_preset=&#8220;default&#8220; width=&#8220;95%&#8220; max_width=&#8220;1920px&#8220; link_option_url=&#8220;https:\/\/swissworktime.ch\/de\/&#8220; global_colors_info=&#8220;{}&#8220;][et_pb_column type=&#8220;1_5&#8243; _builder_version=&#8220;4.27.4&#8243; _module_preset=&#8220;default&#8220; pac_dcm_carousel_specific_module_num=&#8220;0&#8243; global_colors_info=&#8220;{}&#8220;][\/et_pb_column][et_pb_column type=&#8220;3_5&#8243; _builder_version=&#8220;4.27.4&#8243; _module_preset=&#8220;default&#8220; custom_css_main_element=&#8220;margin:auto;&#8220; pac_dcm_carousel_specific_module_num=&#8220;0&#8243; global_colors_info=&#8220;{}&#8220;][et_pb_text _builder_version=&#8220;4.27.4&#8243; _module_preset=&#8220;default&#8220; text_font=&#8220;|600|||||||&#8220; text_text_color=&#8220;#FFFFFF&#8220; text_font_size=&#8220;20px&#8220; text_orientation=&#8220;center&#8220; global_colors_info=&#8220;{}&#8220;]<\/p>\n<p>30 Tage lang KOSTENLOS, ohne Verpflichtung oder Kreditkarte. Danach: CHF 5.00 pro Mitarbeiter pro Monat. <\/p>\n<p>[\/et_pb_text][\/et_pb_column][et_pb_column type=&#8220;1_5&#8243; _builder_version=&#8220;4.27.4&#8243; _module_preset=&#8220;default&#8220; pac_dcm_carousel_specific_module_num=&#8220;0&#8243; global_colors_info=&#8220;{}&#8220;][\/et_pb_column][\/et_pb_row][\/et_pb_section][et_pb_section fb_built=&#8220;1&#8243; _builder_version=&#8220;4.27.4&#8243; _module_preset=&#8220;default&#8220; custom_padding=&#8220;||0px||false|false&#8220; global_colors_info=&#8220;{}&#8220;][et_pb_row _builder_version=&#8220;4.27.4&#8243; _module_preset=&#8220;default&#8220; max_width=&#8220;1260px&#8220; global_colors_info=&#8220;{}&#8220;][et_pb_column type=&#8220;4_4&#8243; _builder_version=&#8220;4.27.4&#8243; _module_preset=&#8220;default&#8220; pac_dcm_carousel_specific_module_num=&#8220;0&#8243; global_colors_info=&#8220;{}&#8220;][et_pb_text _builder_version=&#8220;4.27.4&#8243; _module_preset=&#8220;default&#8220; text_orientation=&#8220;center&#8220; global_colors_info=&#8220;{}&#8220;]<\/p>\n<p>Unsere PACKS werden auf monatlicher Basis zu einem festen Preis angeboten, unabh\u00e4ngig von der Anzahl der Mitarbeiter in Ihrem Unternehmen.<\/p>\n<p>Sie k\u00f6nnen jedes PACK jederzeit einzeln aktivieren, nachdem Sie die Basisl\u00f6sung eingerichtet haben. Um ein PACK zu abonnieren, gehen Sie einfach in Ihrem Konto in das Men\u00fc &#8222;Unternehmen&#8220;, Abschnitt &#8222;Abonnements und Rechnungen&#8220; und aktivieren Sie es mit wenigen Klicks. <\/p>\n<p>[\/et_pb_text][\/et_pb_column][\/et_pb_row][et_pb_row column_structure=&#8220;1_2,1_2&#8243; make_equal=&#8220;on&#8220; module_class=&#8220;reverse-columns-mobile&#8220; _builder_version=&#8220;4.24.2&#8243; _module_preset=&#8220;default&#8220; width=&#8220;90%&#8220; max_width=&#8220;1260px&#8220; custom_margin=&#8220;||||false|false&#8220; custom_padding=&#8220;||||false|false&#8220; border_radii=&#8220;off||||&#8220; global_colors_info=&#8220;{}&#8220;][et_pb_column type=&#8220;1_2&#8243; _builder_version=&#8220;4.24.2&#8243; _module_preset=&#8220;default&#8220; pac_dcm_carousel_specific_module_num=&#8220;0&#8243; global_colors_info=&#8220;{}&#8220;][et_pb_image src=&#8220;https:\/\/swissworktime.ch\/wp-content\/uploads\/2024\/05\/12A-BRUN-CARRE-JEUNEldpi.svg&#8220; title_text=&#8220;12A BRUN CARRE JEUNEldpi&#8220; _builder_version=&#8220;4.27.4&#8243; _module_preset=&#8220;default&#8220; width=&#8220;25%&#8220; width_tablet=&#8220;25%&#8220; width_phone=&#8220;33%&#8220; width_last_edited=&#8220;on|phone&#8220; custom_margin_tablet=&#8220;40px||||false|false&#8220; custom_margin_phone=&#8220;40px||||false|false&#8220; custom_margin_last_edited=&#8220;on|tablet&#8220; global_colors_info=&#8220;{}&#8220;][\/et_pb_image][et_pb_text _builder_version=&#8220;4.27.4&#8243; _module_preset=&#8220;default&#8220; text_text_color=&#8220;#000000&#8243; header_2_font=&#8220;|600|||||||&#8220; global_colors_info=&#8220;{}&#8220;]<\/p>\n<h2><strong>PACK \u201eBilanz\u201c<\/strong> | CHF 50.-\/Monat<\/h2>\n<p>[\/et_pb_text][et_pb_text _builder_version=&#8220;4.27.4&#8243; _module_preset=&#8220;default&#8220; text_text_color=&#8220;#000000&#8243; link_text_color=&#8220;#F1BB10&#8243; global_colors_info=&#8220;{}&#8220;]<\/p>\n<p>Mit diesem Paket k\u00f6nnen Sie eine vollst\u00e4ndige <a href=\"https:\/\/swissworktime.ch\/de\/funktionen\/abrechnungen\/\">Kostenaufstellung<\/a> von Projekten mit Details zu Aufgaben, Material, Spesen und Rechnungen von Dienstleistern erstellen. Die <a href=\"https:\/\/swissworktime.ch\/de\/funktionen\/abrechnungen\/\">Bilanz<\/a> kann nach Angestellten oder nach Datum aufgeschl\u00fcsselt werden. Alle diese Daten k\u00f6nnen auch in eine Excel-Datei <a href=\"https:\/\/swissworktime.ch\/de\/funktionen\/schnittstellen\/\">exportiert<\/a> werden und die damit verbundenen Fotos k\u00f6nnen heruntergeladen werden. Eine Abteilungsabrechnung, die die Betr\u00e4ge der Projekte in der Abteilung zusammenfasst, kann ebenfalls erstellt werden.<\/p>\n<p>[\/et_pb_text][\/et_pb_column][et_pb_column type=&#8220;1_2&#8243; _builder_version=&#8220;4.16&#8243; _module_preset=&#8220;default&#8220; pac_dcm_carousel_specific_module_num=&#8220;0&#8243; global_colors_info=&#8220;{}&#8220;][et_pb_image src=&#8220;https:\/\/swissworktime.ch\/wp-content\/uploads\/2024\/05\/QR-BRUN-CARRE-JEUNEldpi.svg&#8220; title_text=&#8220;QR BRUN CARRE JEUNEldpi&#8220; align_tablet=&#8220;&#8220; align_phone=&#8220;left&#8220; align_last_edited=&#8220;on|phone&#8220; _builder_version=&#8220;4.24.2&#8243; _module_preset=&#8220;default&#8220; width=&#8220;20%&#8220; width_tablet=&#8220;20%&#8220; width_phone=&#8220;33%&#8220; width_last_edited=&#8220;on|phone&#8220; global_colors_info=&#8220;{}&#8220;][\/et_pb_image][et_pb_text _builder_version=&#8220;4.27.4&#8243; _module_preset=&#8220;default&#8220; text_text_color=&#8220;#000000&#8243; header_2_font=&#8220;|600|||||||&#8220; global_colors_info=&#8220;{}&#8220;]<\/p>\n<h2><strong>PACK \u201eZeiterfassung\u201c<\/strong> | CHF 25.-\/Monat<\/h2>\n<p>[\/et_pb_text][et_pb_text _builder_version=&#8220;4.27.4&#8243; _module_preset=&#8220;default&#8220; text_text_color=&#8220;#000000&#8243; link_text_color=&#8220;#F1BB10&#8243; global_colors_info=&#8220;{}&#8220;]<\/p>\n<p>Mit diesem PACK k\u00f6nnen Sie die<a href=\"https:\/\/swissworktime.ch\/de\/methoden-der-zeiterfassung\/\"> Arbeitszeiterfassung<\/a> durch Stempelung aktivieren. Die Angestellten benutzen ihr Telefon, um ihre Ankunft und Abreise anzuzeigen. Durch Scannen eines <a href=\"https:\/\/swissworktime.ch\/de\/methoden-der-zeiterfassung\/#ancre_qrcode\">QR-Codes<\/a>: Dieser kann von einem mobilen Ger\u00e4t angezeigt werden, z.B. von einem Tablet, das am Eingang eines Geb\u00e4udes liegt, oder ausgedruckt werden. Durch Stempeln auf einer <a href=\"https:\/\/swissworktime.ch\/de\/methoden-der-zeiterfassung\/#ancre_nfc\">NFC-Karte<\/a> (sie halten ihr Telefon an die Karte). NFC-Karten k\u00f6nnen Sie in <a href=\"https:\/\/swissworktime.ch\/de\/shop\/\">unserem Shop<\/a> kaufen.<\/p>\n<p>[\/et_pb_text][\/et_pb_column][\/et_pb_row][et_pb_row column_structure=&#8220;1_2,1_2&#8243; make_equal=&#8220;on&#8220; custom_padding_last_edited=&#8220;on|tablet&#8220; module_class=&#8220;reverse-columns-mobile&#8220; _builder_version=&#8220;4.27.4&#8243; _module_preset=&#8220;default&#8220; width=&#8220;90%&#8220; max_width=&#8220;1260px&#8220; custom_margin=&#8220;||||false|false&#8220; custom_padding=&#8220;||||false|false&#8220; custom_padding_tablet=&#8220;0px||||false|false&#8220; custom_padding_phone=&#8220;0px||||false|false&#8220; border_radii=&#8220;off||||&#8220; global_colors_info=&#8220;{}&#8220;][et_pb_column type=&#8220;1_2&#8243; _builder_version=&#8220;4.24.2&#8243; _module_preset=&#8220;default&#8220; pac_dcm_carousel_specific_module_num=&#8220;0&#8243; global_colors_info=&#8220;{}&#8220;][et_pb_image src=&#8220;https:\/\/swissworktime.ch\/wp-content\/uploads\/\/2025\/05\/BRUN-CARRE-JEUNE_3.svg&#8220; title_text=&#8220;12A BRUN CARRE JEUNEldpi&#8220; _builder_version=&#8220;4.27.4&#8243; _module_preset=&#8220;default&#8220; width=&#8220;16%&#8220; width_tablet=&#8220;15%&#8220; width_phone=&#8220;25%&#8220; width_last_edited=&#8220;on|phone&#8220; custom_margin_tablet=&#8220;40px||||false|false&#8220; custom_margin_phone=&#8220;40px||||false|false&#8220; custom_margin_last_edited=&#8220;on|tablet&#8220; global_colors_info=&#8220;{}&#8220;][\/et_pb_image][et_pb_text _builder_version=&#8220;4.27.4&#8243; _module_preset=&#8220;default&#8220; text_text_color=&#8220;#000000&#8243; header_2_font=&#8220;|600|||||||&#8220; global_colors_info=&#8220;{}&#8220;]<\/p>\n<h2><strong>PACK &#8222;Planung&#8220;<\/strong> | CHF 50.-\/Monat<\/h2>\n<p>[\/et_pb_text][et_pb_text _builder_version=&#8220;4.27.5&#8243; _module_preset=&#8220;default&#8220; text_text_color=&#8220;#000000&#8243; link_text_color=&#8220;#F1BB10&#8243; global_colors_info=&#8220;{}&#8220;]<\/p>\n<p>Mit diesem PACK k\u00f6nnen Sie die <a href=\"https:\/\/swissworktime.ch\/de\/funktionen\/planung-von-arbeiten-projekten\/\">Planung von Arbeitszeiten<\/a> aktivieren. Manager k\u00f6nnen detaillierte Zeitpl\u00e4ne erstellen, die auf den Bed\u00fcrfnissen des Unternehmens und der Verf\u00fcgbarkeit der Mitarbeiter basieren. Die Mitarbeiter sehen ihre Planung in Echtzeit von ihrem Telefon oder Computer aus. \u00c4nderungen werden sofort synchronisiert und Benachrichtigungen k\u00f6nnen gesendet werden, um \u00fcber \u00c4nderungen oder Erinnerungen zu informieren.<\/p>\n<p>[\/et_pb_text][\/et_pb_column][et_pb_column type=&#8220;1_2&#8243; _builder_version=&#8220;4.16&#8243; _module_preset=&#8220;default&#8220; pac_dcm_carousel_specific_module_num=&#8220;0&#8243; global_colors_info=&#8220;{}&#8220;][et_pb_image src=&#8220;https:\/\/swissworktime.ch\/wp-content\/uploads\/2025\/12\/bilan-planning.png&#8220; title_text=&#8220;QR BRUN CARRE JEUNEldpi&#8220; align_tablet=&#8220;&#8220; align_phone=&#8220;left&#8220; align_last_edited=&#8220;on|phone&#8220; _builder_version=&#8220;4.27.4&#8243; _module_preset=&#8220;default&#8220; width=&#8220;51%&#8220; width_tablet=&#8220;42%&#8220; width_phone=&#8220;57%&#8220; width_last_edited=&#8220;on|phone&#8220; global_colors_info=&#8220;{}&#8220;][\/et_pb_image][et_pb_text _builder_version=&#8220;4.27.4&#8243; _module_preset=&#8220;default&#8220; text_text_color=&#8220;#000000&#8243; header_2_font=&#8220;|600|||||||&#8220; global_colors_info=&#8220;{}&#8220;]<\/p>\n<h2><strong>PACK &#8222;Bilanz &amp; Planung&#8220;<\/strong> | CHF 80.-\/Monat<\/h2>\n<p>[\/et_pb_text][et_pb_text _builder_version=&#8220;4.27.5&#8243; _module_preset=&#8220;default&#8220; text_text_color=&#8220;#000000&#8243; link_text_color=&#8220;#F1BB10&#8243; hover_enabled=&#8220;0&#8243; global_colors_info=&#8220;{}&#8220; sticky_enabled=&#8220;0&#8243;]<\/p>\n<p>Dieses Paket kombiniert die Funktionen der Pakete \u201c <a href=\"https:\/\/swissworktime.ch\/de\/pack-bilanz\/\">Bilanz<\/a> \u201c und \u201ePlanung\u201c f\u00fcr eine vollst\u00e4ndige Verwaltung Ihrer Projekte und <a href=\"https:\/\/swissworktime.ch\/de\/funktionen\/planung-von-arbeiten-projekten\/\">Planungen<\/a>. Erstellen Sie detaillierte Bilanzen, exportieren Sie Ihre Daten in Excel und planen Sie die Arbeitszeiten in Echtzeit mit sofortiger Synchronisation und automatischen Benachrichtigungen.<\/p>\n<p>[\/et_pb_text][\/et_pb_column][\/et_pb_row][et_pb_row _builder_version=&#8220;4.27.4&#8243; _module_preset=&#8220;default&#8220; global_colors_info=&#8220;{}&#8220;][et_pb_column type=&#8220;4_4&#8243; _builder_version=&#8220;4.27.4&#8243; _module_preset=&#8220;default&#8220; pac_dcm_carousel_specific_module_num=&#8220;0&#8243; global_colors_info=&#8220;{}&#8220;][et_pb_button button_url=&#8220;@ET-DC@eyJkeW5hbWljIjp0cnVlLCJjb250ZW50IjoicG9zdF9saW5rX3VybF9wYWdlIiwic2V0dGluZ3MiOnsicG9zdF9pZCI6IjI1NDc2OSJ9fQ==@&#8220; button_text=&#8220;Steigern Sie Ihr Gesch\u00e4ft mit unserer L\u00f6sung und dem Bilanz-Paket.&#8220; _builder_version=&#8220;4.27.4&#8243; _dynamic_attributes=&#8220;button_url&#8220; _module_preset=&#8220;default&#8220; global_colors_info=&#8220;{}&#8220;][\/et_pb_button][\/et_pb_column][\/et_pb_row][et_pb_row _builder_version=&#8220;4.27.4&#8243; _module_preset=&#8220;default&#8220; global_colors_info=&#8220;{}&#8220;][et_pb_column type=&#8220;4_4&#8243; _builder_version=&#8220;4.27.4&#8243; _module_preset=&#8220;default&#8220; pac_dcm_carousel_specific_module_num=&#8220;0&#8243; global_colors_info=&#8220;{}&#8220;][et_pb_text _builder_version=&#8220;4.27.4&#8243; _module_preset=&#8220;default&#8220; header_2_font=&#8220;|700|||||||&#8220; header_2_text_align=&#8220;center&#8220; header_2_font_size=&#8220;40px&#8220; header_2_font_size_tablet=&#8220;34px&#8220; header_2_font_size_phone=&#8220;28px&#8220; header_2_font_size_last_edited=&#8220;on|phone&#8220; global_colors_info=&#8220;{}&#8220;]<\/p>\n<h2>Steuern Sie Ihre Teams und Projekte mit einer klaren und zentralisierten \u00dcberwachung.<\/h2>\n<p>[\/et_pb_text][et_pb_button button_url=&#8220;https:\/\/www.swissworktime.pro\/deflang\/WebDemo\/WebAccountRequest?origin=tarifs_05-2025_1&#8243; url_new_window=&#8220;on&#8220; button_text=&#8220;Das Werkzeug ausprobieren&#8220; _builder_version=&#8220;4.27.4&#8243; _module_preset=&#8220;default&#8220; button_text_size=&#8220;25px&#8220; button_text_color=&#8220;#644D52&#8243; button_bg_color=&#8220;#F1BB10&#8243; button_font=&#8220;|600|||||||&#8220; custom_margin=&#8220;||5px||false|false&#8220; global_colors_info=&#8220;{}&#8220;][\/et_pb_button][et_pb_text _builder_version=&#8220;4.27.4&#8243; _module_preset=&#8220;default&#8220; text_orientation=&#8220;center&#8220; custom_margin=&#8220;||||false|false&#8220; global_colors_info=&#8220;{}&#8220;]<\/p>\n<p>(Aufstellungszeit: 15 Minuten)<\/p>\n<p>[\/et_pb_text][\/et_pb_column][\/et_pb_row][\/et_pb_section]<\/p>\n","protected":false},"excerpt":{"rendered":"<p>Preise30 Tage lang KOSTENLOS, ohne Verpflichtung oder Kreditkarte. Danach: CHF 5.00 pro Mitarbeiter pro Monat. Unsere PACKS werden auf monatlicher Basis zu einem festen Preis angeboten, unabh\u00e4ngig von der Anzahl der Mitarbeiter in Ihrem Unternehmen. Sie k\u00f6nnen jedes PACK jederzeit einzeln aktivieren, nachdem Sie die Basisl\u00f6sung eingerichtet haben. Um ein PACK zu abonnieren, gehen Sie [&hellip;]<\/p>\n","protected":false},"author":2,"featured_media":0,"parent":0,"menu_order":0,"comment_status":"closed","ping_status":"closed","template":"","meta":{"_et_pb_use_builder":"on","_et_pb_old_content":"","_et_gb_content_width":"","inline_featured_image":false,"footnotes":""},"class_list":["post-255996","page","type-page","status-publish","hentry"],"yoast_head":"<!-- This site is optimized with the Yoast SEO plugin v27.3 - https:\/\/yoast.com\/product\/yoast-seo-wordpress\/ -->\n<title>Preise und Pakete - SwissWorkTime<\/title>\n<meta name=\"description\" content=\"SwissWorkTime: ohne finanzielle Verpflichtung, dank eines kostenlosen Probemonats. Nach der Probezeit: CHF 5.-\/Mitarbeiter\/Monat.\" \/>\n<meta name=\"robots\" content=\"index, follow, max-snippet:-1, max-image-preview:large, max-video-preview:-1\" \/>\n<link rel=\"canonical\" href=\"https:\/\/swissworktime.ch\/de\/preise-und-pakete\/\" \/>\n<meta property=\"og:locale\" content=\"de_DE\" \/>\n<meta property=\"og:type\" content=\"article\" \/>\n<meta property=\"og:title\" content=\"Preise und Pakete - SwissWorkTime\" \/>\n<meta property=\"og:description\" content=\"SwissWorkTime: ohne finanzielle Verpflichtung, dank eines kostenlosen Probemonats. Nach der Probezeit: CHF 5.-\/Mitarbeiter\/Monat.\" \/>\n<meta property=\"og:url\" content=\"https:\/\/swissworktime.ch\/de\/preise-und-pakete\/\" \/>\n<meta property=\"og:site_name\" content=\"SwissWorkTime\" \/>\n<meta property=\"article:publisher\" content=\"https:\/\/www.facebook.com\/swissworktime\" \/>\n<meta property=\"article:modified_time\" content=\"2026-01-28T12:33:13+00:00\" \/>\n<meta property=\"og:image\" content=\"https:\/\/swissworktime.ch\/wp-content\/uploads\/2022\/11\/logo_swissworktime.png\" \/>\n\t<meta property=\"og:image:width\" content=\"430\" \/>\n\t<meta property=\"og:image:height\" content=\"430\" \/>\n\t<meta property=\"og:image:type\" content=\"image\/png\" \/>\n<meta name=\"twitter:card\" content=\"summary_large_image\" \/>\n<meta name=\"twitter:label1\" content=\"Gesch\u00e4tzte Lesezeit\" \/>\n\t<meta name=\"twitter:data1\" content=\"2\u00a0Minuten\" \/>\n<script type=\"application\/ld+json\" class=\"yoast-schema-graph\">{\"@context\":\"https:\\\/\\\/schema.org\",\"@graph\":[{\"@type\":\"WebPage\",\"@id\":\"https:\\\/\\\/swissworktime.ch\\\/de\\\/preise-und-pakete\\\/\",\"url\":\"https:\\\/\\\/swissworktime.ch\\\/de\\\/preise-und-pakete\\\/\",\"name\":\"Preise und Pakete - SwissWorkTime\",\"isPartOf\":{\"@id\":\"https:\\\/\\\/swissworktime.ch\\\/de\\\/#website\"},\"datePublished\":\"2025-05-25T08:15:17+00:00\",\"dateModified\":\"2026-01-28T12:33:13+00:00\",\"description\":\"SwissWorkTime: ohne finanzielle Verpflichtung, dank eines kostenlosen Probemonats. Nach der Probezeit: CHF 5.-\\\/Mitarbeiter\\\/Monat.\",\"breadcrumb\":{\"@id\":\"https:\\\/\\\/swissworktime.ch\\\/de\\\/preise-und-pakete\\\/#breadcrumb\"},\"inLanguage\":\"de\",\"potentialAction\":[{\"@type\":\"ReadAction\",\"target\":[\"https:\\\/\\\/swissworktime.ch\\\/de\\\/preise-und-pakete\\\/\"]}]},{\"@type\":\"BreadcrumbList\",\"@id\":\"https:\\\/\\\/swissworktime.ch\\\/de\\\/preise-und-pakete\\\/#breadcrumb\",\"itemListElement\":[{\"@type\":\"ListItem\",\"position\":1,\"name\":\"Accueil\",\"item\":\"https:\\\/\\\/swissworktime.ch\\\/de\\\/\"},{\"@type\":\"ListItem\",\"position\":2,\"name\":\"Preise und Pakete\"}]},{\"@type\":\"WebSite\",\"@id\":\"https:\\\/\\\/swissworktime.ch\\\/de\\\/#website\",\"url\":\"https:\\\/\\\/swissworktime.ch\\\/de\\\/\",\"name\":\"SwissWorkTime\",\"description\":\"App pour la gestion et la saisie des heures de travail\",\"publisher\":{\"@id\":\"https:\\\/\\\/swissworktime.ch\\\/de\\\/#organization\"},\"potentialAction\":[{\"@type\":\"SearchAction\",\"target\":{\"@type\":\"EntryPoint\",\"urlTemplate\":\"https:\\\/\\\/swissworktime.ch\\\/de\\\/?s={search_term_string}\"},\"query-input\":{\"@type\":\"PropertyValueSpecification\",\"valueRequired\":true,\"valueName\":\"search_term_string\"}}],\"inLanguage\":\"de\"},{\"@type\":\"Organization\",\"@id\":\"https:\\\/\\\/swissworktime.ch\\\/de\\\/#organization\",\"name\":\"SwissWorkTime\",\"url\":\"https:\\\/\\\/swissworktime.ch\\\/de\\\/\",\"logo\":{\"@type\":\"ImageObject\",\"inLanguage\":\"de\",\"@id\":\"https:\\\/\\\/swissworktime.ch\\\/de\\\/#\\\/schema\\\/logo\\\/image\\\/\",\"url\":\"https:\\\/\\\/swissworktime.ch\\\/wp-content\\\/uploads\\\/2021\\\/02\\\/logoSWT_header.png\",\"contentUrl\":\"https:\\\/\\\/swissworktime.ch\\\/wp-content\\\/uploads\\\/2021\\\/02\\\/logoSWT_header.png\",\"width\":1024,\"height\":250,\"caption\":\"SwissWorkTime\"},\"image\":{\"@id\":\"https:\\\/\\\/swissworktime.ch\\\/de\\\/#\\\/schema\\\/logo\\\/image\\\/\"},\"sameAs\":[\"https:\\\/\\\/www.facebook.com\\\/swissworktime\"]}]}<\/script>\n<!-- \/ Yoast SEO plugin. -->","yoast_head_json":{"title":"Preise und Pakete - SwissWorkTime","description":"SwissWorkTime: ohne finanzielle Verpflichtung, dank eines kostenlosen Probemonats. Nach der Probezeit: CHF 5.-\/Mitarbeiter\/Monat.","robots":{"index":"index","follow":"follow","max-snippet":"max-snippet:-1","max-image-preview":"max-image-preview:large","max-video-preview":"max-video-preview:-1"},"canonical":"https:\/\/swissworktime.ch\/de\/preise-und-pakete\/","og_locale":"de_DE","og_type":"article","og_title":"Preise und Pakete - SwissWorkTime","og_description":"SwissWorkTime: ohne finanzielle Verpflichtung, dank eines kostenlosen Probemonats. Nach der Probezeit: CHF 5.-\/Mitarbeiter\/Monat.","og_url":"https:\/\/swissworktime.ch\/de\/preise-und-pakete\/","og_site_name":"SwissWorkTime","article_publisher":"https:\/\/www.facebook.com\/swissworktime","article_modified_time":"2026-01-28T12:33:13+00:00","og_image":[{"width":430,"height":430,"url":"https:\/\/swissworktime.ch\/wp-content\/uploads\/2022\/11\/logo_swissworktime.png","type":"image\/png"}],"twitter_card":"summary_large_image","twitter_misc":{"Gesch\u00e4tzte Lesezeit":"2\u00a0Minuten"},"schema":{"@context":"https:\/\/schema.org","@graph":[{"@type":"WebPage","@id":"https:\/\/swissworktime.ch\/de\/preise-und-pakete\/","url":"https:\/\/swissworktime.ch\/de\/preise-und-pakete\/","name":"Preise und Pakete - SwissWorkTime","isPartOf":{"@id":"https:\/\/swissworktime.ch\/de\/#website"},"datePublished":"2025-05-25T08:15:17+00:00","dateModified":"2026-01-28T12:33:13+00:00","description":"SwissWorkTime: ohne finanzielle Verpflichtung, dank eines kostenlosen Probemonats. Nach der Probezeit: CHF 5.-\/Mitarbeiter\/Monat.","breadcrumb":{"@id":"https:\/\/swissworktime.ch\/de\/preise-und-pakete\/#breadcrumb"},"inLanguage":"de","potentialAction":[{"@type":"ReadAction","target":["https:\/\/swissworktime.ch\/de\/preise-und-pakete\/"]}]},{"@type":"BreadcrumbList","@id":"https:\/\/swissworktime.ch\/de\/preise-und-pakete\/#breadcrumb","itemListElement":[{"@type":"ListItem","position":1,"name":"Accueil","item":"https:\/\/swissworktime.ch\/de\/"},{"@type":"ListItem","position":2,"name":"Preise und Pakete"}]},{"@type":"WebSite","@id":"https:\/\/swissworktime.ch\/de\/#website","url":"https:\/\/swissworktime.ch\/de\/","name":"SwissWorkTime","description":"App pour la gestion et la saisie des heures de travail","publisher":{"@id":"https:\/\/swissworktime.ch\/de\/#organization"},"potentialAction":[{"@type":"SearchAction","target":{"@type":"EntryPoint","urlTemplate":"https:\/\/swissworktime.ch\/de\/?s={search_term_string}"},"query-input":{"@type":"PropertyValueSpecification","valueRequired":true,"valueName":"search_term_string"}}],"inLanguage":"de"},{"@type":"Organization","@id":"https:\/\/swissworktime.ch\/de\/#organization","name":"SwissWorkTime","url":"https:\/\/swissworktime.ch\/de\/","logo":{"@type":"ImageObject","inLanguage":"de","@id":"https:\/\/swissworktime.ch\/de\/#\/schema\/logo\/image\/","url":"https:\/\/swissworktime.ch\/wp-content\/uploads\/2021\/02\/logoSWT_header.png","contentUrl":"https:\/\/swissworktime.ch\/wp-content\/uploads\/2021\/02\/logoSWT_header.png","width":1024,"height":250,"caption":"SwissWorkTime"},"image":{"@id":"https:\/\/swissworktime.ch\/de\/#\/schema\/logo\/image\/"},"sameAs":["https:\/\/www.facebook.com\/swissworktime"]}]}},"_links":{"self":[{"href":"https:\/\/swissworktime.ch\/de\/wp-json\/wp\/v2\/pages\/255996","targetHints":{"allow":["GET"]}}],"collection":[{"href":"https:\/\/swissworktime.ch\/de\/wp-json\/wp\/v2\/pages"}],"about":[{"href":"https:\/\/swissworktime.ch\/de\/wp-json\/wp\/v2\/types\/page"}],"author":[{"embeddable":true,"href":"https:\/\/swissworktime.ch\/de\/wp-json\/wp\/v2\/users\/2"}],"replies":[{"embeddable":true,"href":"https:\/\/swissworktime.ch\/de\/wp-json\/wp\/v2\/comments?post=255996"}],"version-history":[{"count":11,"href":"https:\/\/swissworktime.ch\/de\/wp-json\/wp\/v2\/pages\/255996\/revisions"}],"predecessor-version":[{"id":257107,"href":"https:\/\/swissworktime.ch\/de\/wp-json\/wp\/v2\/pages\/255996\/revisions\/257107"}],"wp:attachment":[{"href":"https:\/\/swissworktime.ch\/de\/wp-json\/wp\/v2\/media?parent=255996"}],"curies":[{"name":"wp","href":"https:\/\/api.w.org\/{rel}","templated":true}]}}