{"id":4047,"date":"2024-04-15T10:23:35","date_gmt":"2024-04-15T08:23:35","guid":{"rendered":"https:\/\/swissworktime.ch\/references\/trade-and-sales\/"},"modified":"2026-02-18T21:56:26","modified_gmt":"2026-02-18T20:56:26","slug":"trade-and-sales","status":"publish","type":"page","link":"https:\/\/swissworktime.ch\/en\/references\/trade-and-sales\/","title":{"rendered":"Trade and sales"},"content":{"rendered":"<p>[et_pb_section fb_built=&#8221;1&#8243; _builder_version=&#8221;4.24.2&#8243; _module_preset=&#8221;default&#8221; background_image=&#8221;https:\/\/swissworktime.ch\/wp-content\/uploads\/2024\/05\/swissworktime_horloge_1920x745.png&#8221; custom_padding=&#8221;110px||110px||true|false&#8221; global_colors_info=&#8221;{}&#8221;][et_pb_row column_structure=&#8221;2_5,3_5&#8243; _builder_version=&#8221;4.24.2&#8243; _module_preset=&#8221;default&#8221; width=&#8221;95%&#8221; max_width=&#8221;2560px&#8221; global_colors_info=&#8221;{}&#8221;][et_pb_column type=&#8221;2_5&#8243; _builder_version=&#8221;4.24.2&#8243; _module_preset=&#8221;default&#8221; pac_dcm_carousel_specific_module_num=&#8221;0&#8243; global_colors_info=&#8221;{}&#8221;][et_pb_image src=&#8221;https:\/\/swissworktime.ch\/wp-content\/uploads\/2024\/05\/9-BRUNCARRE-BLANCldpi.svg&#8221; alt=&#8221;count icon&#8221; title_text=&#8221;9 BRUNCARRE BLANCldpi&#8221; align=&#8221;right&#8221; _builder_version=&#8221;4.24.2&#8243; _module_preset=&#8221;default&#8221; height=&#8221;216px&#8221; global_colors_info=&#8221;{}&#8221;][\/et_pb_image][\/et_pb_column][et_pb_column type=&#8221;3_5&#8243; _builder_version=&#8221;4.24.2&#8243; _module_preset=&#8221;default&#8221; pac_dcm_carousel_specific_module_num=&#8221;0&#8243; global_colors_info=&#8221;{}&#8221;][et_pb_text _builder_version=&#8221;4.24.2&#8243; _module_preset=&#8221;default&#8221; text_font=&#8221;Proza Libre||||||||&#8221; text_text_color=&#8221;#000000&#8243; text_font_size=&#8221;30px&#8221; header_font=&#8221;|700|||||||&#8221; header_text_align=&#8221;left&#8221; header_text_color=&#8221;#FFFFFF&#8221; header_font_size=&#8221;40px&#8221; header_2_font=&#8221;Proza Libre|700|||||||&#8221; header_2_text_align=&#8221;center&#8221; header_2_text_color=&#8221;#000000&#8243; header_2_font_size=&#8221;40px&#8221; text_orientation=&#8221;center&#8221; custom_padding=&#8221;15px|||||&#8221; text_line_height_tablet=&#8221;&#8221; text_line_height_phone=&#8221;1.5em&#8221; text_line_height_last_edited=&#8221;on|phone&#8221; header_font_size_tablet=&#8221;36px&#8221; header_font_size_phone=&#8221;32px&#8221; header_font_size_last_edited=&#8221;on|phone&#8221; header_2_font_size_tablet=&#8221;36px&#8221; header_2_font_size_phone=&#8221;32px&#8221; header_2_font_size_last_edited=&#8221;on|phone&#8221; global_colors_info=&#8221;{}&#8221;]<\/p>\n<h1>Trade and sales<\/h1>\n<p>[\/et_pb_text][\/et_pb_column][\/et_pb_row][\/et_pb_section][et_pb_section fb_built=&#8221;1&#8243; _builder_version=&#8221;4.16&#8243; _module_preset=&#8221;default&#8221; global_colors_info=&#8221;{}&#8221;][et_pb_row admin_label=&#8221;Trade and sales&#8221; _builder_version=&#8221;4.24.2&#8243; _module_preset=&#8221;default&#8221; global_colors_info=&#8221;{}&#8221;][et_pb_column type=&#8221;4_4&#8243; _builder_version=&#8221;4.16&#8243; _module_preset=&#8221;default&#8221; pac_dcm_carousel_specific_module_num=&#8221;0&#8243; global_colors_info=&#8221;{}&#8221;][et_pb_code _builder_version=&#8221;4.27.5&#8243; _module_preset=&#8221;default&#8221; global_colors_info=&#8221;{}&#8221;]<button class=\"btnRef\" onclick=\"history.go(-1)\">&lt; RETURN<\/button>[\/et_pb_code][et_pb_text _builder_version=&#8221;4.24.2&#8243; _module_preset=&#8221;default&#8221; global_colors_info=&#8221;{}&#8221;]<\/p>\n<div class= \"bloc\" style=\"margin-top:20px;\"><hr><div class = \"divBloc\"><a href=\"https:\/\/www.lietti.ch\" target=\"_blank\" title=\"Ferd. Lietti SA\"><img class = \"imgBloc\"src=\"https:\/\/swissworktime.ch\/company-references\/images\/ferdlietti1.jpg\" alt =\"Ferd. Lietti SA\"><\/a><\/div><div class = \"divBloc\"><a href=\"https:\/\/www.interoffice-vs.ch\" target=\"_blank\" title=\"interoffice\"><img class = \"imgBloc\"src=\"https:\/\/swissworktime.ch\/company-references\/images\/interoffice.png\" alt =\"interoffice\"><\/a><\/div><div class = \"divBloc\"><a href=\"http:\/\/www.lapetiteepicerie.ch\" target=\"_blank\" title=\"La Petite \u00c9picerie\"><img class = \"imgBloc\"src=\"https:\/\/swissworktime.ch\/company-references\/images\/lapetiteepicerie.png\" alt =\"La Petite \u00c9picerie\"><\/a><\/div><div class = \"divBloc\"><a href=\"https:\/\/boucheriesanetsch.ch\/\" target=\"_blank\" title=\"Boucherie Epicerie du Sanetsch\"><img class = \"imgBloc\"src=\"https:\/\/swissworktime.ch\/company-references\/images\/BoucherieSanetsch.png\" alt =\"Boucherie Epicerie du Sanetsch\"><\/a><\/div><div class = \"divBloc\"><a href=\"https:\/\/www.lacave-vevey-montreux.ch\/\" target=\"_blank\" title=\"La Cave Vevey-Montreux\"><img class = \"imgBloc\"src=\"https:\/\/swissworktime.ch\/company-references\/images\/CaveVeveyMontreux.png\" alt =\"La Cave Vevey-Montreux\"><\/a><\/div><div class = \"divBloc\"><img class = \"imgBloc\"src=\"https:\/\/swissworktime.ch\/company-references\/images\/MarcheLaTzoumaz.png\" alt =\"March\u00e9 La Tzoumaz S\u00e0rl\"><\/div><div class = \"divBloc\"><a href=\"https:\/\/www.fer-vs.ch\/\" target=\"_blank\" title=\"FER-Vs\"><img class = \"imgBloc\"src=\"https:\/\/swissworktime.ch\/company-references\/images\/FER-VS.png\" alt =\"FER-Vs\"><\/a><\/div><div class = \"divBloc\"><a href=\"https:\/\/www.hedonistica.ch\/\" target=\"_blank\" title=\"Hedonistica S\u00e0rl\"><img class = \"imgBloc\"src=\"https:\/\/swissworktime.ch\/company-references\/images\/hedonistica.png\" alt =\"Hedonistica S\u00e0rl\"><\/a><\/div><div class = \"divBloc\"><a href=\"https:\/\/confiland.com\/\" target=\"_blank\" title=\"Confiland Swiss Selection SA\"><img class = \"imgBloc\"src=\"https:\/\/swissworktime.ch\/company-references\/images\/confiland-swiss-selection-sa2.png\" alt =\"Confiland Swiss Selection SA\"><\/a><\/div><div class = \"divBloc\"><a href=\"https:\/\/new-rancio.ch\/\" target=\"_blank\" title=\"New Rancio S\u00e0rl\"><img class = \"imgBloc\"src=\"https:\/\/swissworktime.ch\/company-references\/images\/new-rancio-sarl.png\" alt =\"New Rancio S\u00e0rl\"><\/a><\/div><div class = \"divBloc\"><a href=\"https:\/\/www.fleursion.ch\/\" target=\"_blank\" title=\"Des Lys & D\u00e9lices S\u00e0rl\"><img class = \"imgBloc\"src=\"https:\/\/swissworktime.ch\/company-references\/images\/des-lys-et-delices-sarl.png\" alt =\"Des Lys & D\u00e9lices S\u00e0rl\"><\/a><\/div><div class = \"divBloc\"><a href=\"https:\/\/chaeslaube-zuerich.ch\/\" target=\"_blank\" title=\"Herbula GmbH \/ Ch\u00e4sLaube\"><img class = \"imgBloc\"src=\"https:\/\/swissworktime.ch\/company-references\/images\/herbula-gmbh-chaeslaube.png\" alt =\"Herbula GmbH \/ Ch\u00e4sLaube\"><\/a><\/div><div class = \"divBloc\"><a href=\"https:\/\/virage.ch\/\" target=\"_blank\" title=\"Virage Sport\"><img class = \"imgBloc\"src=\"https:\/\/swissworktime.ch\/company-references\/images\/virage-sport.png\" alt =\"Virage Sport\"><\/a><\/div><div class = \"divBloc\"><a href=\"https:\/\/drahtex.com\/de\/index.php\" target=\"_blank\" title=\"Drahtex AG\"><img class = \"imgBloc\"src=\"https:\/\/swissworktime.ch\/company-references\/images\/drahtex-ag.png\" alt =\"Drahtex AG\"><\/a><\/div><div class = \"divBloc\"><a href=\"https:\/\/sts-store.ch\/\" target=\"_blank\" title=\"SWISS TOP SERVICES S.A.\"><img class = \"imgBloc\"src=\"https:\/\/swissworktime.ch\/company-references\/images\/swiss-top-services-sa.png\" alt =\"SWISS TOP SERVICES S.A.\"><\/a><\/div><div class = \"divBloc\"><a href=\"https:\/\/www.restorex.ch\/\" target=\"_blank\" title=\"Restorex cuisines professionnelles SA\"><img class = \"imgBloc\"src=\"https:\/\/swissworktime.ch\/company-references\/images\/restorex-cuisines-professionnelles-sa.png\" alt =\"Restorex cuisines professionnelles SA\"><\/a><\/div><div class = \"divBloc\"><a href=\"https:\/\/kaempf.swiss\/\" target=\"_blank\" title=\"K\u00e4mpf Fournitures Laiti\u00e8res S\u00e0rl\"><img class = \"imgBloc\"src=\"https:\/\/swissworktime.ch\/company-references\/images\/kaempf-fournitures-laitieres-sarl.png\" alt =\"K\u00e4mpf Fournitures Laiti\u00e8res S\u00e0rl\"><\/a><\/div><div class = \"divBloc\"><a href=\"https:\/\/fromagerie-hauderes.ch\/\" target=\"_blank\" title=\"Laiterie Centrale de la Commune d'Evol\u00e8ne\"><img class = \"imgBloc\"src=\"https:\/\/swissworktime.ch\/company-references\/images\/laiterie-centrale-de-la-commune-devolene.png\" alt =\"Laiterie Centrale de la Commune d'Evol\u00e8ne\"><\/a><\/div><div class = \"divBloc\"><img class = \"imgBloc\"src=\"https:\/\/swissworktime.ch\/company-references\/images\/faessler-sarl.png\" alt =\"F\u00e4ssler S\u00e0rl\"><\/div><div class = \"divBloc\"><a href=\"https:\/\/ottoklein.ch\/index.html#\" target=\"_blank\" title=\"OTTO KLEIN SA\"><img class = \"imgBloc\"src=\"https:\/\/swissworktime.ch\/company-references\/images\/otto-klein-sa.png\" alt =\"OTTO KLEIN SA\"><\/a><\/div><\/div>\n<p>[\/et_pb_text][\/et_pb_column][\/et_pb_row][\/et_pb_section]<\/p>\n","protected":false},"excerpt":{"rendered":"<p>Trade and sales<div class= \"bloc\" style=\"margin-top:20px;\"><hr><div class = \"divBloc\"><a href=\"https:\/\/www.lietti.ch\" target=\"_blank\" title=\"Ferd. Lietti SA\"><img class = \"imgBloc\"src=\"https:\/\/swissworktime.ch\/company-references\/images\/ferdlietti1.jpg\" alt =\"Ferd. Lietti SA\"><\/a><\/div><div class = \"divBloc\"><a href=\"https:\/\/www.interoffice-vs.ch\" target=\"_blank\" title=\"interoffice\"><img class = \"imgBloc\"src=\"https:\/\/swissworktime.ch\/company-references\/images\/interoffice.png\" alt =\"interoffice\"><\/a><\/div><div class = \"divBloc\"><a href=\"http:\/\/www.lapetiteepicerie.ch\" target=\"_blank\" title=\"La Petite \u00c9picerie\"><img class = \"imgBloc\"src=\"https:\/\/swissworktime.ch\/company-references\/images\/lapetiteepicerie.png\" alt =\"La Petite \u00c9picerie\"><\/a><\/div><div class = \"divBloc\"><a href=\"https:\/\/boucheriesanetsch.ch\/\" target=\"_blank\" title=\"Boucherie Epicerie du Sanetsch\"><img class = \"imgBloc\"src=\"https:\/\/swissworktime.ch\/company-references\/images\/BoucherieSanetsch.png\" alt =\"Boucherie Epicerie du Sanetsch\"><\/a><\/div><div class = \"divBloc\"><a href=\"https:\/\/www.lacave-vevey-montreux.ch\/\" target=\"_blank\" title=\"La Cave Vevey-Montreux\"><img class = \"imgBloc\"src=\"https:\/\/swissworktime.ch\/company-references\/images\/CaveVeveyMontreux.png\" alt =\"La Cave Vevey-Montreux\"><\/a><\/div><div class = \"divBloc\"><img class = \"imgBloc\"src=\"https:\/\/swissworktime.ch\/company-references\/images\/MarcheLaTzoumaz.png\" alt =\"March\u00e9 La Tzoumaz S\u00e0rl\"><\/div><div class = \"divBloc\"><a href=\"https:\/\/www.fer-vs.ch\/\" target=\"_blank\" title=\"FER-Vs\"><img class = \"imgBloc\"src=\"https:\/\/swissworktime.ch\/company-references\/images\/FER-VS.png\" alt =\"FER-Vs\"><\/a><\/div><div class = \"divBloc\"><a href=\"https:\/\/www.hedonistica.ch\/\" target=\"_blank\" title=\"Hedonistica S\u00e0rl\"><img class = \"imgBloc\"src=\"https:\/\/swissworktime.ch\/company-references\/images\/hedonistica.png\" alt =\"Hedonistica S\u00e0rl\"><\/a><\/div><div class = \"divBloc\"><a href=\"https:\/\/confiland.com\/\" target=\"_blank\" title=\"Confiland Swiss Selection SA\"><img class = \"imgBloc\"src=\"https:\/\/swissworktime.ch\/company-references\/images\/confiland-swiss-selection-sa2.png\" alt =\"Confiland Swiss Selection SA\"><\/a><\/div><div class = \"divBloc\"><a href=\"https:\/\/new-rancio.ch\/\" target=\"_blank\" title=\"New Rancio S\u00e0rl\"><img class = \"imgBloc\"src=\"https:\/\/swissworktime.ch\/company-references\/images\/new-rancio-sarl.png\" alt =\"New Rancio S\u00e0rl\"><\/a><\/div><div class = \"divBloc\"><a href=\"https:\/\/www.fleursion.ch\/\" target=\"_blank\" title=\"Des Lys & D\u00e9lices S\u00e0rl\"><img class = \"imgBloc\"src=\"https:\/\/swissworktime.ch\/company-references\/images\/des-lys-et-delices-sarl.png\" alt =\"Des Lys & D\u00e9lices S\u00e0rl\"><\/a><\/div><div class = \"divBloc\"><a href=\"https:\/\/chaeslaube-zuerich.ch\/\" target=\"_blank\" title=\"Herbula GmbH \/ Ch\u00e4sLaube\"><img class = \"imgBloc\"src=\"https:\/\/swissworktime.ch\/company-references\/images\/herbula-gmbh-chaeslaube.png\" alt =\"Herbula GmbH \/ Ch\u00e4sLaube\"><\/a><\/div><div class = \"divBloc\"><a href=\"https:\/\/virage.ch\/\" target=\"_blank\" title=\"Virage Sport\"><img class = \"imgBloc\"src=\"https:\/\/swissworktime.ch\/company-references\/images\/virage-sport.png\" alt =\"Virage Sport\"><\/a><\/div><div class = \"divBloc\"><a href=\"https:\/\/drahtex.com\/de\/index.php\" target=\"_blank\" title=\"Drahtex AG\"><img class = \"imgBloc\"src=\"https:\/\/swissworktime.ch\/company-references\/images\/drahtex-ag.png\" alt =\"Drahtex AG\"><\/a><\/div><div class = \"divBloc\"><a href=\"https:\/\/sts-store.ch\/\" target=\"_blank\" title=\"SWISS TOP SERVICES S.A.\"><img class = \"imgBloc\"src=\"https:\/\/swissworktime.ch\/company-references\/images\/swiss-top-services-sa.png\" alt =\"SWISS TOP SERVICES S.A.\"><\/a><\/div><div class = \"divBloc\"><a href=\"https:\/\/www.restorex.ch\/\" target=\"_blank\" title=\"Restorex cuisines professionnelles SA\"><img class = \"imgBloc\"src=\"https:\/\/swissworktime.ch\/company-references\/images\/restorex-cuisines-professionnelles-sa.png\" alt =\"Restorex cuisines professionnelles SA\"><\/a><\/div><div class = \"divBloc\"><a href=\"https:\/\/kaempf.swiss\/\" target=\"_blank\" title=\"K\u00e4mpf Fournitures Laiti\u00e8res S\u00e0rl\"><img class = \"imgBloc\"src=\"https:\/\/swissworktime.ch\/company-references\/images\/kaempf-fournitures-laitieres-sarl.png\" alt =\"K\u00e4mpf Fournitures Laiti\u00e8res S\u00e0rl\"><\/a><\/div><div class = \"divBloc\"><a href=\"https:\/\/fromagerie-hauderes.ch\/\" target=\"_blank\" title=\"Laiterie Centrale de la Commune d'Evol\u00e8ne\"><img class = \"imgBloc\"src=\"https:\/\/swissworktime.ch\/company-references\/images\/laiterie-centrale-de-la-commune-devolene.png\" alt =\"Laiterie Centrale de la Commune d'Evol\u00e8ne\"><\/a><\/div><div class = \"divBloc\"><img class = \"imgBloc\"src=\"https:\/\/swissworktime.ch\/company-references\/images\/faessler-sarl.png\" alt =\"F\u00e4ssler S\u00e0rl\"><\/div><div class = \"divBloc\"><a href=\"https:\/\/ottoklein.ch\/index.html#\" target=\"_blank\" title=\"OTTO KLEIN SA\"><img class = \"imgBloc\"src=\"https:\/\/swissworktime.ch\/company-references\/images\/otto-klein-sa.png\" alt =\"OTTO KLEIN SA\"><\/a><\/div><\/div><\/p>\n","protected":false},"author":2,"featured_media":0,"parent":2408,"menu_order":0,"comment_status":"closed","ping_status":"closed","template":"","meta":{"_et_pb_use_builder":"on","_et_pb_old_content":"","_et_gb_content_width":"","inline_featured_image":false,"footnotes":""},"class_list":["post-4047","page","type-page","status-publish","hentry"],"yoast_head":"<!-- This site is optimized with the Yoast SEO plugin v27.3 - https:\/\/yoast.com\/product\/yoast-seo-wordpress\/ -->\n<title>Trade and sales - SwissWorkTime<\/title>\n<meta name=\"description\" content=\"Companies in the retail sector rely on SwissWorkTime to track their hours and activities.\" \/>\n<meta name=\"robots\" content=\"noindex, nofollow\" \/>\n<meta property=\"og:locale\" content=\"en_US\" \/>\n<meta property=\"og:type\" content=\"article\" \/>\n<meta property=\"og:title\" content=\"Trade and sales - SwissWorkTime\" \/>\n<meta property=\"og:description\" content=\"Companies in the retail sector rely on SwissWorkTime to track their hours and activities.\" \/>\n<meta property=\"og:url\" content=\"https:\/\/swissworktime.ch\/en\/references\/trade-and-sales\/\" \/>\n<meta property=\"og:site_name\" content=\"SwissWorkTime\" \/>\n<meta property=\"article:publisher\" content=\"https:\/\/www.facebook.com\/swissworktime\" \/>\n<meta property=\"article:modified_time\" content=\"2026-02-18T20:56:26+00:00\" \/>\n<meta property=\"og:image\" content=\"https:\/\/swissworktime.ch\/wp-content\/uploads\/2022\/11\/logo_swissworktime.png\" \/>\n\t<meta property=\"og:image:width\" content=\"430\" \/>\n\t<meta property=\"og:image:height\" content=\"430\" \/>\n\t<meta property=\"og:image:type\" content=\"image\/png\" \/>\n<meta name=\"twitter:card\" content=\"summary_large_image\" \/>\n<meta name=\"twitter:label1\" content=\"Est. reading time\" \/>\n\t<meta name=\"twitter:data1\" content=\"2 minutes\" \/>\n<script type=\"application\/ld+json\" class=\"yoast-schema-graph\">{\"@context\":\"https:\\\/\\\/schema.org\",\"@graph\":[{\"@type\":\"WebPage\",\"@id\":\"https:\\\/\\\/swissworktime.ch\\\/en\\\/references\\\/trade-and-sales\\\/\",\"url\":\"https:\\\/\\\/swissworktime.ch\\\/en\\\/references\\\/trade-and-sales\\\/\",\"name\":\"Trade and sales - SwissWorkTime\",\"isPartOf\":{\"@id\":\"https:\\\/\\\/swissworktime.ch\\\/en\\\/#website\"},\"datePublished\":\"2024-04-15T08:23:35+00:00\",\"dateModified\":\"2026-02-18T20:56:26+00:00\",\"description\":\"Companies in the retail sector rely on SwissWorkTime to track their hours and activities.\",\"breadcrumb\":{\"@id\":\"https:\\\/\\\/swissworktime.ch\\\/en\\\/references\\\/trade-and-sales\\\/#breadcrumb\"},\"inLanguage\":\"en-US\",\"potentialAction\":[{\"@type\":\"ReadAction\",\"target\":[\"https:\\\/\\\/swissworktime.ch\\\/en\\\/references\\\/trade-and-sales\\\/\"]}]},{\"@type\":\"BreadcrumbList\",\"@id\":\"https:\\\/\\\/swissworktime.ch\\\/en\\\/references\\\/trade-and-sales\\\/#breadcrumb\",\"itemListElement\":[{\"@type\":\"ListItem\",\"position\":1,\"name\":\"Accueil\",\"item\":\"https:\\\/\\\/swissworktime.ch\\\/en\\\/\"},{\"@type\":\"ListItem\",\"position\":2,\"name\":\"References\",\"item\":\"https:\\\/\\\/swissworktime.ch\\\/en\\\/references\\\/\"},{\"@type\":\"ListItem\",\"position\":3,\"name\":\"Trade and sales\"}]},{\"@type\":\"WebSite\",\"@id\":\"https:\\\/\\\/swissworktime.ch\\\/en\\\/#website\",\"url\":\"https:\\\/\\\/swissworktime.ch\\\/en\\\/\",\"name\":\"SwissWorkTime\",\"description\":\"App pour la gestion et la saisie des heures de travail\",\"publisher\":{\"@id\":\"https:\\\/\\\/swissworktime.ch\\\/en\\\/#organization\"},\"potentialAction\":[{\"@type\":\"SearchAction\",\"target\":{\"@type\":\"EntryPoint\",\"urlTemplate\":\"https:\\\/\\\/swissworktime.ch\\\/en\\\/?s={search_term_string}\"},\"query-input\":{\"@type\":\"PropertyValueSpecification\",\"valueRequired\":true,\"valueName\":\"search_term_string\"}}],\"inLanguage\":\"en-US\"},{\"@type\":\"Organization\",\"@id\":\"https:\\\/\\\/swissworktime.ch\\\/en\\\/#organization\",\"name\":\"SwissWorkTime\",\"url\":\"https:\\\/\\\/swissworktime.ch\\\/en\\\/\",\"logo\":{\"@type\":\"ImageObject\",\"inLanguage\":\"en-US\",\"@id\":\"https:\\\/\\\/swissworktime.ch\\\/en\\\/#\\\/schema\\\/logo\\\/image\\\/\",\"url\":\"https:\\\/\\\/swissworktime.ch\\\/wp-content\\\/uploads\\\/2021\\\/02\\\/logoSWT_header.png\",\"contentUrl\":\"https:\\\/\\\/swissworktime.ch\\\/wp-content\\\/uploads\\\/2021\\\/02\\\/logoSWT_header.png\",\"width\":1024,\"height\":250,\"caption\":\"SwissWorkTime\"},\"image\":{\"@id\":\"https:\\\/\\\/swissworktime.ch\\\/en\\\/#\\\/schema\\\/logo\\\/image\\\/\"},\"sameAs\":[\"https:\\\/\\\/www.facebook.com\\\/swissworktime\"]}]}<\/script>\n<!-- \/ Yoast SEO plugin. -->","yoast_head_json":{"title":"Trade and sales - SwissWorkTime","description":"Companies in the retail sector rely on SwissWorkTime to track their hours and activities.","robots":{"index":"noindex","follow":"nofollow"},"og_locale":"en_US","og_type":"article","og_title":"Trade and sales - SwissWorkTime","og_description":"Companies in the retail sector rely on SwissWorkTime to track their hours and activities.","og_url":"https:\/\/swissworktime.ch\/en\/references\/trade-and-sales\/","og_site_name":"SwissWorkTime","article_publisher":"https:\/\/www.facebook.com\/swissworktime","article_modified_time":"2026-02-18T20:56:26+00:00","og_image":[{"width":430,"height":430,"url":"https:\/\/swissworktime.ch\/wp-content\/uploads\/2022\/11\/logo_swissworktime.png","type":"image\/png"}],"twitter_card":"summary_large_image","twitter_misc":{"Est. reading time":"2 minutes"},"schema":{"@context":"https:\/\/schema.org","@graph":[{"@type":"WebPage","@id":"https:\/\/swissworktime.ch\/en\/references\/trade-and-sales\/","url":"https:\/\/swissworktime.ch\/en\/references\/trade-and-sales\/","name":"Trade and sales - SwissWorkTime","isPartOf":{"@id":"https:\/\/swissworktime.ch\/en\/#website"},"datePublished":"2024-04-15T08:23:35+00:00","dateModified":"2026-02-18T20:56:26+00:00","description":"Companies in the retail sector rely on SwissWorkTime to track their hours and activities.","breadcrumb":{"@id":"https:\/\/swissworktime.ch\/en\/references\/trade-and-sales\/#breadcrumb"},"inLanguage":"en-US","potentialAction":[{"@type":"ReadAction","target":["https:\/\/swissworktime.ch\/en\/references\/trade-and-sales\/"]}]},{"@type":"BreadcrumbList","@id":"https:\/\/swissworktime.ch\/en\/references\/trade-and-sales\/#breadcrumb","itemListElement":[{"@type":"ListItem","position":1,"name":"Accueil","item":"https:\/\/swissworktime.ch\/en\/"},{"@type":"ListItem","position":2,"name":"References","item":"https:\/\/swissworktime.ch\/en\/references\/"},{"@type":"ListItem","position":3,"name":"Trade and sales"}]},{"@type":"WebSite","@id":"https:\/\/swissworktime.ch\/en\/#website","url":"https:\/\/swissworktime.ch\/en\/","name":"SwissWorkTime","description":"App pour la gestion et la saisie des heures de travail","publisher":{"@id":"https:\/\/swissworktime.ch\/en\/#organization"},"potentialAction":[{"@type":"SearchAction","target":{"@type":"EntryPoint","urlTemplate":"https:\/\/swissworktime.ch\/en\/?s={search_term_string}"},"query-input":{"@type":"PropertyValueSpecification","valueRequired":true,"valueName":"search_term_string"}}],"inLanguage":"en-US"},{"@type":"Organization","@id":"https:\/\/swissworktime.ch\/en\/#organization","name":"SwissWorkTime","url":"https:\/\/swissworktime.ch\/en\/","logo":{"@type":"ImageObject","inLanguage":"en-US","@id":"https:\/\/swissworktime.ch\/en\/#\/schema\/logo\/image\/","url":"https:\/\/swissworktime.ch\/wp-content\/uploads\/2021\/02\/logoSWT_header.png","contentUrl":"https:\/\/swissworktime.ch\/wp-content\/uploads\/2021\/02\/logoSWT_header.png","width":1024,"height":250,"caption":"SwissWorkTime"},"image":{"@id":"https:\/\/swissworktime.ch\/en\/#\/schema\/logo\/image\/"},"sameAs":["https:\/\/www.facebook.com\/swissworktime"]}]}},"_links":{"self":[{"href":"https:\/\/swissworktime.ch\/en\/wp-json\/wp\/v2\/pages\/4047","targetHints":{"allow":["GET"]}}],"collection":[{"href":"https:\/\/swissworktime.ch\/en\/wp-json\/wp\/v2\/pages"}],"about":[{"href":"https:\/\/swissworktime.ch\/en\/wp-json\/wp\/v2\/types\/page"}],"author":[{"embeddable":true,"href":"https:\/\/swissworktime.ch\/en\/wp-json\/wp\/v2\/users\/2"}],"replies":[{"embeddable":true,"href":"https:\/\/swissworktime.ch\/en\/wp-json\/wp\/v2\/comments?post=4047"}],"version-history":[{"count":4,"href":"https:\/\/swissworktime.ch\/en\/wp-json\/wp\/v2\/pages\/4047\/revisions"}],"predecessor-version":[{"id":257453,"href":"https:\/\/swissworktime.ch\/en\/wp-json\/wp\/v2\/pages\/4047\/revisions\/257453"}],"up":[{"embeddable":true,"href":"https:\/\/swissworktime.ch\/en\/wp-json\/wp\/v2\/pages\/2408"}],"wp:attachment":[{"href":"https:\/\/swissworktime.ch\/en\/wp-json\/wp\/v2\/media?parent=4047"}],"curies":[{"name":"wp","href":"https:\/\/api.w.org\/{rel}","templated":true}]}}