{"id":251881,"date":"2024-06-05T10:09:25","date_gmt":"2024-06-05T08:09:25","guid":{"rendered":"https:\/\/swissworktime.ch\/ferie-e-straordinari\/"},"modified":"2024-10-16T09:00:05","modified_gmt":"2024-10-16T07:00:05","slug":"ferie-e-straordinari","status":"publish","type":"page","link":"https:\/\/swissworktime.ch\/it\/funzionalita\/ferie-e-straordinari\/","title":{"rendered":"Ferie e straordinari"},"content":{"rendered":"<p>[et_pb_section fb_built=&#8221;1&#8243; _builder_version=&#8221;4.24.2&#8243; _module_preset=&#8221;default&#8221; background_image=&#8221;https:\/\/swissworktime.ch\/wp-content\/uploads\/2024\/05\/14.png&#8221; custom_padding=&#8221;110px||110px||true|false&#8221; global_colors_info=&#8221;{}&#8221;][et_pb_row column_structure=&#8221;2_5,3_5&#8243; _builder_version=&#8221;4.24.2&#8243; _module_preset=&#8221;default&#8221; width=&#8221;95%&#8221; max_width=&#8221;2560px&#8221; global_colors_info=&#8221;{}&#8221;][et_pb_column type=&#8221;2_5&#8243; _builder_version=&#8221;4.24.2&#8243; _module_preset=&#8221;default&#8221; pac_dcm_carousel_specific_module_num=&#8221;0&#8243; global_colors_info=&#8221;{}&#8221;][et_pb_image src=&#8221;https:\/\/swissworktime.ch\/wp-content\/uploads\/2024\/05\/8-BRUN-CARRE-BLANCldpi.svg&#8221; alt=&#8221;ic\u00f4ne d\u00e9compte        &#8221; title_text=&#8221;8 BRUN CARRE BLANCldpi        &#8221; align=&#8221;right&#8221; _builder_version=&#8221;4.24.2&#8243; _module_preset=&#8221;default&#8221; height=&#8221;216px&#8221; global_colors_info=&#8221;{}&#8221;][\/et_pb_image][\/et_pb_column][et_pb_column type=&#8221;3_5&#8243; _builder_version=&#8221;4.24.2&#8243; _module_preset=&#8221;default&#8221; pac_dcm_carousel_specific_module_num=&#8221;0&#8243; global_colors_info=&#8221;{}&#8221;][et_pb_text _builder_version=&#8221;4.27.0&#8243; _module_preset=&#8221;default&#8221; text_font=&#8221;Proza Libre||||||||&#8221; text_text_color=&#8221;#000000&#8243; text_font_size=&#8221;30px&#8221; header_font=&#8221;|700|||||||&#8221; header_text_align=&#8221;center&#8221; header_text_color=&#8221;#000000&#8243; header_font_size=&#8221;40px&#8221; header_line_height=&#8221;1.3em&#8221; header_2_font=&#8221;Proza Libre|700|||||||&#8221; header_2_text_align=&#8221;center&#8221; header_2_text_color=&#8221;#000000&#8243; header_2_font_size=&#8221;40px&#8221; header_2_line_height=&#8221;1.3em&#8221; text_orientation=&#8221;center&#8221; custom_padding=&#8221;15px|||||&#8221; hover_enabled=&#8221;0&#8243; text_line_height_tablet=&#8221;&#8221; text_line_height_phone=&#8221;1.5em&#8221; text_line_height_last_edited=&#8221;on|phone&#8221; header_font_size_tablet=&#8221;36px&#8221; header_font_size_phone=&#8221;32px&#8221; header_font_size_last_edited=&#8221;on|phone&#8221; header_2_font_size_tablet=&#8221;36px&#8221; header_2_font_size_phone=&#8221;32px&#8221; header_2_font_size_last_edited=&#8221;on|phone&#8221; global_colors_info=&#8221;{}&#8221; sticky_enabled=&#8221;0&#8243;]<\/p>\n<h1 style=\"text-align: left;\"><span style=\"color: #ffffff;\">Ferie e straordinari<br \/>\n        <\/span><\/h1>\n<p>[\/et_pb_text][\/et_pb_column][\/et_pb_row][\/et_pb_section][et_pb_section fb_built=&#8221;1&#8243; _builder_version=&#8221;4.16&#8243; _module_preset=&#8221;default&#8221; global_colors_info=&#8221;{}&#8221;][et_pb_row column_structure=&#8221;2_3,1_3&#8243; use_custom_gutter=&#8221;on&#8221; gutter_width=&#8221;2&#8243; _builder_version=&#8221;4.24.2&#8243; _module_preset=&#8221;default&#8221; max_width=&#8221;1260px&#8221; custom_padding=&#8221;||||false|false&#8221; global_colors_info=&#8221;{}&#8221;][et_pb_column type=&#8221;2_3&#8243; _builder_version=&#8221;4.24.2&#8243; _module_preset=&#8221;default&#8221; pac_dcm_carousel_specific_module_num=&#8221;0&#8243; global_colors_info=&#8221;{}&#8221;][et_pb_text _builder_version=&#8221;4.27.0&#8243; _module_preset=&#8221;default&#8221; hover_enabled=&#8221;0&#8243; global_colors_info=&#8221;{}&#8221; sticky_enabled=&#8221;0&#8243;]<\/p>\n<h2>Gestione delle ferie<\/h2>\n<p>&nbsp;<\/p>\n<p>SwissWorkTime, il software per la gestione delle ferie, calcola in tempo reale il saldo delle ferie dei vostri dipendenti e lo visualizza nell&#8217;applicazione mobile. Il software tiene conto della durata della settimana lavorativa e della natura del contratto del dipendente (contratto a tempo indeterminato o a tempo determinato, ecc.) per una gestione precisa dei diritti al riposo e alle ferie. Il calcolo del saldo delle ferie viene regolato in base al tasso di attivit\u00e0 dell&#8217;azienda e all&#8217;organico totale, rispettando le ore di riposo e di lavoro previste dalla legge per ciascun datore di lavoro. Ci\u00f2 facilita la pianificazione delle ferie settimanali, mensili e annuali per ciascun dipendente e garantisce il rispetto del limite dei giorni di riposo.<\/p>\n<p>Grazie alla funzionalit\u00e0 di monitoraggio delle ferie del nostro software, \u00e8 possibile calcolare con precisione i giorni di ferie e i saldi, indipendentemente dalla lunghezza del periodo di riferimento. I dipendenti possono visualizzare le loro ferie residue attraverso l&#8217;applicazione, dando loro una chiara visibilit\u00e0 del loro diritto annuale, compresi i giorni festivi inclusi nel loro contratto. Inoltre, il monitoraggio delle ferie consente ai datori di lavoro di garantire il rispetto dei periodi di riposo obbligatori, in conformit\u00e0 con il quadro normativo.<\/p>\n<p>[\/et_pb_text][et_pb_image src=&#8221;https:\/\/swissworktime.ch\/wp-content\/uploads\/2024\/07\/VacationsBO-FR.png&#8221; title_text=&#8221;vacances_1        &#8221; _builder_version=&#8221;4.25.2&#8243; _module_preset=&#8221;default&#8221; global_colors_info=&#8221;{}&#8221;][\/et_pb_image][\/et_pb_column][et_pb_column type=&#8221;1_3&#8243; _builder_version=&#8221;4.24.2&#8243; _module_preset=&#8221;default&#8221; pac_dcm_carousel_specific_module_num=&#8221;0&#8243; global_colors_info=&#8221;{}&#8221;][et_pb_image src=&#8221;https:\/\/swissworktime.ch\/wp-content\/uploads\/2024\/07\/VacationsApp-FR.png&#8221; title_text=&#8221;vacances_2        &#8221; align=&#8221;center&#8221; _builder_version=&#8221;4.25.2&#8243; _module_preset=&#8221;default&#8221; width=&#8221;73%&#8221; width_tablet=&#8221;50%&#8221; width_phone=&#8221;71%&#8221; width_last_edited=&#8221;on|desktop&#8221; global_colors_info=&#8221;{}&#8221;][\/et_pb_image][\/et_pb_column][\/et_pb_row][et_pb_row use_custom_gutter=&#8221;on&#8221; gutter_width=&#8221;2&#8243; _builder_version=&#8221;4.24.2&#8243; _module_preset=&#8221;default&#8221; max_width=&#8221;1260px&#8221; custom_padding=&#8221;||||false|false&#8221; global_colors_info=&#8221;{}&#8221;][et_pb_column type=&#8221;4_4&#8243; _builder_version=&#8221;4.24.2&#8243; _module_preset=&#8221;default&#8221; pac_dcm_carousel_specific_module_num=&#8221;0&#8243; global_colors_info=&#8221;{}&#8221;][et_pb_divider color=&#8221;#F1BB10&#8243; divider_weight=&#8221;4px&#8221; _builder_version=&#8221;4.24.2&#8243; _module_preset=&#8221;default&#8221; global_colors_info=&#8221;{}&#8221;][\/et_pb_divider][et_pb_text _builder_version=&#8221;4.27.0&#8243; _module_preset=&#8221;default&#8221; hover_enabled=&#8221;0&#8243; global_colors_info=&#8221;{}&#8221; sticky_enabled=&#8221;0&#8243;]<\/p>\n<h2>Gestione degli straordinari<\/h2>\n<p>&nbsp;<\/p>\n<p>SwissWorkTime consente di gestire gli straordinari dei dipendenti in tempo reale e di visualizzarne i dettagli nell&#8217;applicazione mobile.<br \/>\nQuesto modulo si combina perfettamente con il monitoraggio delle ferie pagate, offrendo una soluzione completa per la gestione delle ferie, del riposo e dell&#8217;orario di lavoro. Include anche i calcoli per il pagamento degli straordinari alla tariffa oraria applicabile, garantendo il rispetto dei diritti di ciascun dipendente e la presa in considerazione delle ore lavorate in eccesso rispetto al limite settimanale o annuale stabilito dal datore di lavoro o dalle norme di legge. La tracciabilit\u00e0 degli straordinari \u00e8 essenziale per garantire la conformit\u00e0 alla legge sul lavoro e per evitare il superamento dei limiti.<\/p>\n<p>[\/et_pb_text][et_pb_image src=&#8221;https:\/\/swissworktime.ch\/wp-content\/uploads\/2024\/06\/FR-4.png&#8221; _builder_version=&#8221;4.25.2&#8243; _module_preset=&#8221;default&#8221; global_colors_info=&#8221;{}&#8221;][\/et_pb_image][\/et_pb_column][\/et_pb_row][et_pb_row use_custom_gutter=&#8221;on&#8221; gutter_width=&#8221;2&#8243; _builder_version=&#8221;4.24.2&#8243; _module_preset=&#8221;default&#8221; max_width=&#8221;1260px&#8221; custom_padding=&#8221;||||false|false&#8221; global_colors_info=&#8221;{}&#8221;][et_pb_column type=&#8221;4_4&#8243; _builder_version=&#8221;4.24.2&#8243; _module_preset=&#8221;default&#8221; pac_dcm_carousel_specific_module_num=&#8221;0&#8243; global_colors_info=&#8221;{}&#8221;][et_pb_divider color=&#8221;#F1BB10&#8243; divider_weight=&#8221;4px&#8221; _builder_version=&#8221;4.24.2&#8243; _module_preset=&#8221;default&#8221; global_colors_info=&#8221;{}&#8221;][\/et_pb_divider][et_pb_text _builder_version=&#8221;4.27.0&#8243; _module_preset=&#8221;default&#8221; hover_enabled=&#8221;0&#8243; global_colors_info=&#8221;{}&#8221; sticky_enabled=&#8221;0&#8243;]<\/p>\n<h2>Base mensile costante<\/h2>\n<p>&nbsp;<\/p>\n<p>Quando nelle impostazioni si seleziona l&#8217;opzione \u201c<strong>Ore +\/- su base mensile costante<\/strong>\u201d, viene aggiunta una sezione per le ore mensili.<\/p>\n<p>Il calcolo delle ore tiene conto dell&#8217;orario di lavoro definito nel contratto di ciascun dipendente e regola automaticamente il bilancio di lavoro in base alle ore lavorate o alle eventuali ferie.<\/p>\n<p>[\/et_pb_text][et_pb_image src=&#8221;https:\/\/swissworktime.ch\/wp-content\/uploads\/2024\/06\/FR-5.png&#8221; _builder_version=&#8221;4.25.2&#8243; _module_preset=&#8221;default&#8221; global_colors_info=&#8221;{}&#8221;][\/et_pb_image][et_pb_text _builder_version=&#8221;4.27.0&#8243; _module_preset=&#8221;default&#8221; hover_enabled=&#8221;0&#8243; global_colors_info=&#8221;{}&#8221; sticky_enabled=&#8221;0&#8243;]<\/p>\n<p>Il saldo delle ore +\/- viene visualizzato alla fine del mese, consentendo una gestione trasparente e conforme al diritto del lavoro per tutti i dipendenti interessati.<\/p>\n<p>&nbsp;<\/p>\n<p>Combinando il monitoraggio di straordinari, permessi, giorni di riposo e festivit\u00e0, SwissWorkTime consente una gestione efficiente dell&#8217;orario di lavoro nel rispetto dei limiti legali e degli accordi contrattuali definiti dal datore di lavoro. Questo approccio globale assicura che ogni dipendente riceva la retribuzione corrispondente alle ore di lavoro, agli straordinari e ai periodi di riposo, garantendo al contempo una visibilit\u00e0 completa per il datore di lavoro e per tutta la sua forza lavoro.<\/p>\n<p>[\/et_pb_text][\/et_pb_column][\/et_pb_row][et_pb_row _builder_version=&#8221;4.24.2&#8243; _module_preset=&#8221;default&#8221; global_colors_info=&#8221;{}&#8221;][et_pb_column type=&#8221;4_4&#8243; _builder_version=&#8221;4.24.2&#8243; _module_preset=&#8221;default&#8221; pac_dcm_carousel_specific_module_num=&#8221;0&#8243; global_colors_info=&#8221;{}&#8221;][et_pb_cta title=&#8221;Prova l&apos;applicazione gratuitamente per 1 mese        &#8221; button_url=&#8221;https:\/\/www.swissworktime.pro\/fr\/WebDemo\/WebAccountRequest&#8221; url_new_window=&#8221;on&#8221; button_text=&#8221;Crea un account GRATIS        &#8221; disabled_on=&#8221;off|off|on&#8221; _builder_version=&#8221;4.24.2&#8243; _module_preset=&#8221;default&#8221; width=&#8221;46%&#8221; width_tablet=&#8221;79%&#8221; width_phone=&#8221;100%&#8221; width_last_edited=&#8221;on|phone&#8221; module_alignment=&#8221;center&#8221; global_colors_info=&#8221;{}&#8221;][\/et_pb_cta][\/et_pb_column][\/et_pb_row][et_pb_row _builder_version=&#8221;4.24.2&#8243; _module_preset=&#8221;default&#8221; global_module=&#8221;5192&#8243; saved_tabs=&#8221;all&#8221; global_colors_info=&#8221;{}&#8221;][et_pb_column type=&#8221;4_4&#8243; _builder_version=&#8221;4.24.2&#8243; _module_preset=&#8221;default&#8221; pac_dcm_carousel_specific_module_num=&#8221;0&#8243; global_colors_info=&#8221;{}&#8221;][et_pb_image src=&#8221;https:\/\/swissworktime.ch\/wp-content\/uploads\/2024\/06\/GIF-IT-FRANC.gif&#8221; alt=&#8221;SwissWorkTime 5 Fr. per dipendente al mese e 1 mese gratis per provare l&apos;app        &#8221; url=&#8221;https:\/\/swissworktime.ch\/it\/prezzi\/prova-gratuita\/&#8221; disabled_on=&#8221;on|on|off&#8221; admin_label=&#8221;Image&#8221; _builder_version=&#8221;4.24.2&#8243; _module_preset=&#8221;default&#8221; positioning=&#8221;fixed&#8221; position_origin_f=&#8221;center_right&#8221; horizontal_offset=&#8221;10px&#8221; width=&#8221;10%&#8221; global_colors_info=&#8221;{}&#8221;][\/et_pb_image][\/et_pb_column][\/et_pb_row][et_pb_row _builder_version=&#8221;4.24.2&#8243; _module_preset=&#8221;default&#8221; global_colors_info=&#8221;{}&#8221;][et_pb_column type=&#8221;4_4&#8243; _builder_version=&#8221;4.24.2&#8243; _module_preset=&#8221;default&#8221; pac_dcm_carousel_specific_module_num=&#8221;0&#8243; global_colors_info=&#8221;{}&#8221;][et_pb_text _builder_version=&#8221;4.24.2&#8243; _module_preset=&#8221;default&#8221; global_colors_info=&#8221;{}&#8221;]<button class=\"btnFonct\" onclick=\"history.go(-1)\"> &lt; Indietro<br \/>\n        <\/button>[\/et_pb_text][\/et_pb_column][\/et_pb_row][\/et_pb_section]<\/p>\n","protected":false},"excerpt":{"rendered":"<p>Ferie e straordinari Gestione delle ferie &nbsp; SwissWorkTime, il software per la gestione delle ferie, calcola in tempo reale il saldo delle ferie dei vostri dipendenti e lo visualizza nell&#8217;applicazione mobile. Il software tiene conto della durata della settimana lavorativa e della natura del contratto del dipendente (contratto a tempo indeterminato o a tempo determinato, [&hellip;]<\/p>\n","protected":false},"author":2,"featured_media":0,"parent":252176,"menu_order":0,"comment_status":"closed","ping_status":"closed","template":"","meta":{"_et_pb_use_builder":"on","_et_pb_old_content":"","_et_gb_content_width":"","inline_featured_image":false,"footnotes":""},"class_list":["post-251881","page","type-page","status-publish","hentry"],"yoast_head":"<!-- This site is optimized with the Yoast SEO plugin v27.3 - https:\/\/yoast.com\/product\/yoast-seo-wordpress\/ -->\n<title>Ferie e straordinari - SwissWorkTime<\/title>\n<meta name=\"description\" content=\"SwissWorkTime consente di gestire il saldo delle ferie dei tuoi dipendenti in tempo reale e di visualizzarlo nella loro app mobile.\" \/>\n<meta name=\"robots\" content=\"index, follow, max-snippet:-1, max-image-preview:large, max-video-preview:-1\" \/>\n<link rel=\"canonical\" href=\"https:\/\/swissworktime.ch\/it\/funzionalita\/ferie-e-straordinari\/\" \/>\n<meta property=\"og:locale\" content=\"it_IT\" \/>\n<meta property=\"og:type\" content=\"article\" \/>\n<meta property=\"og:title\" content=\"Ferie e straordinari - SwissWorkTime\" \/>\n<meta property=\"og:description\" content=\"SwissWorkTime consente di gestire il saldo delle ferie dei tuoi dipendenti in tempo reale e di visualizzarlo nella loro app mobile.\" \/>\n<meta property=\"og:url\" content=\"https:\/\/swissworktime.ch\/it\/funzionalita\/ferie-e-straordinari\/\" \/>\n<meta property=\"og:site_name\" content=\"SwissWorkTime\" \/>\n<meta property=\"article:publisher\" content=\"https:\/\/www.facebook.com\/swissworktime\" \/>\n<meta property=\"article:modified_time\" content=\"2024-10-16T07:00:05+00:00\" \/>\n<meta property=\"og:image\" content=\"https:\/\/swissworktime.ch\/wp-content\/uploads\/2022\/11\/logo_swissworktime.png\" \/>\n\t<meta property=\"og:image:width\" content=\"430\" \/>\n\t<meta property=\"og:image:height\" content=\"430\" \/>\n\t<meta property=\"og:image:type\" content=\"image\/png\" \/>\n<meta name=\"twitter:card\" content=\"summary_large_image\" \/>\n<meta name=\"twitter:label1\" content=\"Tempo di lettura stimato\" \/>\n\t<meta name=\"twitter:data1\" content=\"2 minuti\" \/>\n<script type=\"application\/ld+json\" class=\"yoast-schema-graph\">{\"@context\":\"https:\\\/\\\/schema.org\",\"@graph\":[{\"@type\":\"WebPage\",\"@id\":\"https:\\\/\\\/swissworktime.ch\\\/it\\\/funzionalita\\\/ferie-e-straordinari\\\/\",\"url\":\"https:\\\/\\\/swissworktime.ch\\\/it\\\/funzionalita\\\/ferie-e-straordinari\\\/\",\"name\":\"Ferie e straordinari - SwissWorkTime\",\"isPartOf\":{\"@id\":\"https:\\\/\\\/swissworktime.ch\\\/it\\\/#website\"},\"datePublished\":\"2024-06-05T08:09:25+00:00\",\"dateModified\":\"2024-10-16T07:00:05+00:00\",\"description\":\"SwissWorkTime consente di gestire il saldo delle ferie dei tuoi dipendenti in tempo reale e di visualizzarlo nella loro app mobile.\",\"breadcrumb\":{\"@id\":\"https:\\\/\\\/swissworktime.ch\\\/it\\\/funzionalita\\\/ferie-e-straordinari\\\/#breadcrumb\"},\"inLanguage\":\"it-IT\",\"potentialAction\":[{\"@type\":\"ReadAction\",\"target\":[\"https:\\\/\\\/swissworktime.ch\\\/it\\\/funzionalita\\\/ferie-e-straordinari\\\/\"]}]},{\"@type\":\"BreadcrumbList\",\"@id\":\"https:\\\/\\\/swissworktime.ch\\\/it\\\/funzionalita\\\/ferie-e-straordinari\\\/#breadcrumb\",\"itemListElement\":[{\"@type\":\"ListItem\",\"position\":1,\"name\":\"Accueil\",\"item\":\"https:\\\/\\\/swissworktime.ch\\\/it\\\/\"},{\"@type\":\"ListItem\",\"position\":2,\"name\":\"Caratteristiche\",\"item\":\"https:\\\/\\\/swissworktime.ch\\\/it\\\/funzionalita\\\/\"},{\"@type\":\"ListItem\",\"position\":3,\"name\":\"Ferie e straordinari\"}]},{\"@type\":\"WebSite\",\"@id\":\"https:\\\/\\\/swissworktime.ch\\\/it\\\/#website\",\"url\":\"https:\\\/\\\/swissworktime.ch\\\/it\\\/\",\"name\":\"SwissWorkTime\",\"description\":\"App pour la gestion et la saisie des heures de travail\",\"publisher\":{\"@id\":\"https:\\\/\\\/swissworktime.ch\\\/it\\\/#organization\"},\"potentialAction\":[{\"@type\":\"SearchAction\",\"target\":{\"@type\":\"EntryPoint\",\"urlTemplate\":\"https:\\\/\\\/swissworktime.ch\\\/it\\\/?s={search_term_string}\"},\"query-input\":{\"@type\":\"PropertyValueSpecification\",\"valueRequired\":true,\"valueName\":\"search_term_string\"}}],\"inLanguage\":\"it-IT\"},{\"@type\":\"Organization\",\"@id\":\"https:\\\/\\\/swissworktime.ch\\\/it\\\/#organization\",\"name\":\"SwissWorkTime\",\"url\":\"https:\\\/\\\/swissworktime.ch\\\/it\\\/\",\"logo\":{\"@type\":\"ImageObject\",\"inLanguage\":\"it-IT\",\"@id\":\"https:\\\/\\\/swissworktime.ch\\\/it\\\/#\\\/schema\\\/logo\\\/image\\\/\",\"url\":\"https:\\\/\\\/swissworktime.ch\\\/wp-content\\\/uploads\\\/2021\\\/02\\\/logoSWT_header.png\",\"contentUrl\":\"https:\\\/\\\/swissworktime.ch\\\/wp-content\\\/uploads\\\/2021\\\/02\\\/logoSWT_header.png\",\"width\":1024,\"height\":250,\"caption\":\"SwissWorkTime\"},\"image\":{\"@id\":\"https:\\\/\\\/swissworktime.ch\\\/it\\\/#\\\/schema\\\/logo\\\/image\\\/\"},\"sameAs\":[\"https:\\\/\\\/www.facebook.com\\\/swissworktime\"]}]}<\/script>\n<!-- \/ Yoast SEO plugin. -->","yoast_head_json":{"title":"Ferie e straordinari - SwissWorkTime","description":"SwissWorkTime consente di gestire il saldo delle ferie dei tuoi dipendenti in tempo reale e di visualizzarlo nella loro app mobile.","robots":{"index":"index","follow":"follow","max-snippet":"max-snippet:-1","max-image-preview":"max-image-preview:large","max-video-preview":"max-video-preview:-1"},"canonical":"https:\/\/swissworktime.ch\/it\/funzionalita\/ferie-e-straordinari\/","og_locale":"it_IT","og_type":"article","og_title":"Ferie e straordinari - SwissWorkTime","og_description":"SwissWorkTime consente di gestire il saldo delle ferie dei tuoi dipendenti in tempo reale e di visualizzarlo nella loro app mobile.","og_url":"https:\/\/swissworktime.ch\/it\/funzionalita\/ferie-e-straordinari\/","og_site_name":"SwissWorkTime","article_publisher":"https:\/\/www.facebook.com\/swissworktime","article_modified_time":"2024-10-16T07:00:05+00:00","og_image":[{"width":430,"height":430,"url":"https:\/\/swissworktime.ch\/wp-content\/uploads\/2022\/11\/logo_swissworktime.png","type":"image\/png"}],"twitter_card":"summary_large_image","twitter_misc":{"Tempo di lettura stimato":"2 minuti"},"schema":{"@context":"https:\/\/schema.org","@graph":[{"@type":"WebPage","@id":"https:\/\/swissworktime.ch\/it\/funzionalita\/ferie-e-straordinari\/","url":"https:\/\/swissworktime.ch\/it\/funzionalita\/ferie-e-straordinari\/","name":"Ferie e straordinari - SwissWorkTime","isPartOf":{"@id":"https:\/\/swissworktime.ch\/it\/#website"},"datePublished":"2024-06-05T08:09:25+00:00","dateModified":"2024-10-16T07:00:05+00:00","description":"SwissWorkTime consente di gestire il saldo delle ferie dei tuoi dipendenti in tempo reale e di visualizzarlo nella loro app mobile.","breadcrumb":{"@id":"https:\/\/swissworktime.ch\/it\/funzionalita\/ferie-e-straordinari\/#breadcrumb"},"inLanguage":"it-IT","potentialAction":[{"@type":"ReadAction","target":["https:\/\/swissworktime.ch\/it\/funzionalita\/ferie-e-straordinari\/"]}]},{"@type":"BreadcrumbList","@id":"https:\/\/swissworktime.ch\/it\/funzionalita\/ferie-e-straordinari\/#breadcrumb","itemListElement":[{"@type":"ListItem","position":1,"name":"Accueil","item":"https:\/\/swissworktime.ch\/it\/"},{"@type":"ListItem","position":2,"name":"Caratteristiche","item":"https:\/\/swissworktime.ch\/it\/funzionalita\/"},{"@type":"ListItem","position":3,"name":"Ferie e straordinari"}]},{"@type":"WebSite","@id":"https:\/\/swissworktime.ch\/it\/#website","url":"https:\/\/swissworktime.ch\/it\/","name":"SwissWorkTime","description":"App pour la gestion et la saisie des heures de travail","publisher":{"@id":"https:\/\/swissworktime.ch\/it\/#organization"},"potentialAction":[{"@type":"SearchAction","target":{"@type":"EntryPoint","urlTemplate":"https:\/\/swissworktime.ch\/it\/?s={search_term_string}"},"query-input":{"@type":"PropertyValueSpecification","valueRequired":true,"valueName":"search_term_string"}}],"inLanguage":"it-IT"},{"@type":"Organization","@id":"https:\/\/swissworktime.ch\/it\/#organization","name":"SwissWorkTime","url":"https:\/\/swissworktime.ch\/it\/","logo":{"@type":"ImageObject","inLanguage":"it-IT","@id":"https:\/\/swissworktime.ch\/it\/#\/schema\/logo\/image\/","url":"https:\/\/swissworktime.ch\/wp-content\/uploads\/2021\/02\/logoSWT_header.png","contentUrl":"https:\/\/swissworktime.ch\/wp-content\/uploads\/2021\/02\/logoSWT_header.png","width":1024,"height":250,"caption":"SwissWorkTime"},"image":{"@id":"https:\/\/swissworktime.ch\/it\/#\/schema\/logo\/image\/"},"sameAs":["https:\/\/www.facebook.com\/swissworktime"]}]}},"_links":{"self":[{"href":"https:\/\/swissworktime.ch\/it\/wp-json\/wp\/v2\/pages\/251881","targetHints":{"allow":["GET"]}}],"collection":[{"href":"https:\/\/swissworktime.ch\/it\/wp-json\/wp\/v2\/pages"}],"about":[{"href":"https:\/\/swissworktime.ch\/it\/wp-json\/wp\/v2\/types\/page"}],"author":[{"embeddable":true,"href":"https:\/\/swissworktime.ch\/it\/wp-json\/wp\/v2\/users\/2"}],"replies":[{"embeddable":true,"href":"https:\/\/swissworktime.ch\/it\/wp-json\/wp\/v2\/comments?post=251881"}],"version-history":[{"count":2,"href":"https:\/\/swissworktime.ch\/it\/wp-json\/wp\/v2\/pages\/251881\/revisions"}],"predecessor-version":[{"id":254066,"href":"https:\/\/swissworktime.ch\/it\/wp-json\/wp\/v2\/pages\/251881\/revisions\/254066"}],"up":[{"embeddable":true,"href":"https:\/\/swissworktime.ch\/it\/wp-json\/wp\/v2\/pages\/252176"}],"wp:attachment":[{"href":"https:\/\/swissworktime.ch\/it\/wp-json\/wp\/v2\/media?parent=251881"}],"curies":[{"name":"wp","href":"https:\/\/api.w.org\/{rel}","templated":true}]}}