{"id":252161,"date":"2024-06-05T10:17:42","date_gmt":"2024-06-05T08:17:42","guid":{"rendered":"https:\/\/swissworktime.ch\/pianificazione\/"},"modified":"2024-10-15T15:44:17","modified_gmt":"2024-10-15T13:44:17","slug":"pianificazione","status":"publish","type":"page","link":"https:\/\/swissworktime.ch\/it\/funzionalita\/pianificazione\/","title":{"rendered":"Pianificazione"},"content":{"rendered":"<p>[et_pb_section fb_built=&#8221;1&#8243; _builder_version=&#8221;4.24.2&#8243; _module_preset=&#8221;default&#8221; background_image=&#8221;https:\/\/swissworktime.ch\/wp-content\/uploads\/2024\/05\/swissworktime_horloge_1920x745.png&#8221; custom_padding=&#8221;110px||110px||true|false&#8221; global_colors_info=&#8221;{}&#8221;][et_pb_row column_structure=&#8221;2_5,3_5&#8243; _builder_version=&#8221;4.24.2&#8243; _module_preset=&#8221;default&#8221; width=&#8221;95%&#8221; max_width=&#8221;2560px&#8221; global_colors_info=&#8221;{}&#8221;][et_pb_column type=&#8221;2_5&#8243; _builder_version=&#8221;4.24.2&#8243; _module_preset=&#8221;default&#8221; pac_dcm_carousel_specific_module_num=&#8221;0&#8243; global_colors_info=&#8221;{}&#8221;][et_pb_image src=&#8221;https:\/\/swissworktime.ch\/wp-content\/uploads\/2024\/05\/7A-BRUN-CARRE-BLANCldpi.svg&#8221; alt=&#8221;ic\u00f4ne d\u00e9compte        &#8221; title_text=&#8221;7A BRUN CARRE BLANCldpi        &#8221; align=&#8221;right&#8221; _builder_version=&#8221;4.24.2&#8243; _module_preset=&#8221;default&#8221; height=&#8221;216px&#8221; global_colors_info=&#8221;{}&#8221;][\/et_pb_image][\/et_pb_column][et_pb_column type=&#8221;3_5&#8243; _builder_version=&#8221;4.24.2&#8243; _module_preset=&#8221;default&#8221; pac_dcm_carousel_specific_module_num=&#8221;0&#8243; global_colors_info=&#8221;{}&#8221;][et_pb_text _builder_version=&#8221;4.27.0&#8243; _module_preset=&#8221;default&#8221; text_font=&#8221;Proza Libre||||||||&#8221; text_text_color=&#8221;#000000&#8243; text_font_size=&#8221;30px&#8221; header_font=&#8221;|700|||||||&#8221; header_text_align=&#8221;center&#8221; header_text_color=&#8221;#000000&#8243; header_font_size=&#8221;40px&#8221; header_line_height=&#8221;1.3em&#8221; header_2_font=&#8221;Proza Libre|700|||||||&#8221; header_2_text_align=&#8221;center&#8221; header_2_text_color=&#8221;#000000&#8243; header_2_font_size=&#8221;40px&#8221; header_2_line_height=&#8221;1.3em&#8221; text_orientation=&#8221;center&#8221; custom_padding=&#8221;15px|||||&#8221; hover_enabled=&#8221;0&#8243; text_line_height_tablet=&#8221;&#8221; text_line_height_phone=&#8221;1.5em&#8221; text_line_height_last_edited=&#8221;on|phone&#8221; header_font_size_tablet=&#8221;36px&#8221; header_font_size_phone=&#8221;32px&#8221; header_font_size_last_edited=&#8221;on|phone&#8221; header_2_font_size_tablet=&#8221;36px&#8221; header_2_font_size_phone=&#8221;32px&#8221; header_2_font_size_last_edited=&#8221;on|phone&#8221; global_colors_info=&#8221;{}&#8221; sticky_enabled=&#8221;0&#8243;]<\/p>\n<h1 style=\"text-align: left;\"><span style=\"color: #ffffff;\">Pianificazione delle ore<br \/>\n        <\/span><\/h1>\n<p>[\/et_pb_text][\/et_pb_column][\/et_pb_row][\/et_pb_section][et_pb_section fb_built=&#8221;1&#8243; _builder_version=&#8221;4.16&#8243; _module_preset=&#8221;default&#8221; global_colors_info=&#8221;{}&#8221;][et_pb_row use_custom_gutter=&#8221;on&#8221; gutter_width=&#8221;2&#8243; _builder_version=&#8221;4.16&#8243; _module_preset=&#8221;default&#8221; max_width=&#8221;1260px&#8221; custom_padding=&#8221;||||false|false&#8221; global_colors_info=&#8221;{}&#8221;][et_pb_column type=&#8221;4_4&#8243; _builder_version=&#8221;4.16&#8243; _module_preset=&#8221;default&#8221; pac_dcm_carousel_specific_module_num=&#8221;0&#8243; global_colors_info=&#8221;{}&#8221;][et_pb_text _builder_version=&#8221;4.27.0&#8243; _module_preset=&#8221;default&#8221; text_text_color=&#8221;#000000&#8243; custom_padding_tablet=&#8221;|15px||15px|false|true&#8221; custom_padding_phone=&#8221;&#8221; custom_padding_last_edited=&#8221;on|desktop&#8221; hover_enabled=&#8221;0&#8243; global_colors_info=&#8221;{}&#8221; sticky_enabled=&#8221;0&#8243;]<\/p>\n<p>SwissWorkTime vi aiuta a gestire in modo efficiente l&#8217;orario di lavoro dei vostri dipendenti. Il nostro software consente di visualizzare il numero di ore di lavoro contrattuali per ciascun dipendente in un calendario o in un programma chiaro e intuitivo, sotto la voce \u201core pianificate\u201d. In questo modo \u00e8 possibile confrontare facilmente le ore pianificate con quelle effettivamente lavorate, rendendo pi\u00f9 facile per tutto il personale tenere traccia degli straordinari. Ogni dipendente pu\u00f2 monitorare le proprie ore in tempo reale e accedere a una visione dettagliata dei propri orari tramite la nostra applicazione, favorendo la trasparenza.<\/p>\n<p>Gestione degli orari per periodo e per team<\/p>\n<p>L&#8217;orario di SwissWorkTime pu\u00f2 essere adattato alle esigenze di ciascun team e tiene conto dei diversi periodi dell&#8217;anno.<\/p>\n<p><strong>Ecco alcuni esempi:<\/strong><\/p>\n<ul>\n<li>Per le aziende che seguono un calendario che varia a seconda della stagione: 8.00 dal luned\u00ec al venerd\u00ec in inverno; 8.30 in primavera e autunno; 9.00 in estate, garantendo cos\u00ec un adattamento ottimale degli orari di lavoro.<\/li>\n<li>Per i dipendenti part-time: 8.00 il luned\u00ec, 4.00 il marted\u00ec, nessun orario negli altri giorni.<\/li>\n<\/ul>\n<div class=\"flex max-w-full flex-col flex-grow\">\n<div class=\"min-h-8 text-message flex w-full flex-col items-end gap-2 whitespace-normal break-words [.text-message+&amp;]:mt-5\" dir=\"auto\" data-message-author-role=\"assistant\" data-message-id=\"7d0689c3-93ec-45c1-9970-725d58450c40\">\n<div class=\"flex w-full flex-col gap-1 empty:hidden first:pt-[3px]\">\n<div class=\"markdown prose w-full break-words dark:prose-invert light\">\n<p>&nbsp;<\/p>\n<p><strong>Pianificazione e monitoraggio del personale<\/strong><\/p>\n<p>Con SwissWorkTime potete pianificare le ferie e gli orari del vostro team in modo trasparente ed efficiente. Il software consente di gestire facilmente i periodi di riposo, le ferie e la distribuzione delle ore di lavoro per ciascun membro del team. Che si tratti di una settimana o di un periodo prolungato, la soluzione consente di visualizzare i periodi di lavoro di ciascun membro del personale e di pianificare gli orari in modo ottimale per l&#8217;intero team.<\/p>\n<p><strong>Gestione degli orari di lavoro basata su software<\/strong><\/p>\n<p>Utilizzando SwissWorkTime, i dirigenti aziendali possono facilmente organizzare gli orari di lavoro e adattare il programma in base alle esigenze operative. Il software consente di centralizzare i dati e di tenere traccia delle variazioni delle ore pianificate nell&#8217;arco di una o pi\u00f9 settimane. Ci\u00f2 consente di avere una visione d&#8217;insieme dei carichi di lavoro del personale, garantendo una distribuzione ottimale delle ore di lavoro e dei periodi di ferie per tutti i dipendenti.<\/p>\n<p>SwissWorkTime facilita anche la gestione delle assenze, dei periodi di ferie e degli orari di lavoro irregolari, consentendo di pianificare questi periodi nel calendario. Il software garantisce una gestione chiara e completa degli orari di lavoro per tutti i team, tenendo conto dei periodi di picco e non durante la settimana.<\/p>\n<p>Con SwissWorkTime \u00e8 possibile gestire gli orari di lavoro e gli orari del personale in modo fluido ed efficiente. Il software vi aiuta ad adattare i periodi di lavoro e le ferie dei vostri dipendenti, tenendo sotto controllo le loro ore durante la settimana e ogni periodo definito nel calendario annuale.<\/p>\n<\/div>\n<\/div>\n<\/div>\n<\/div>\n<p>[\/et_pb_text][\/et_pb_column][\/et_pb_row][et_pb_row use_custom_gutter=&#8221;on&#8221; gutter_width=&#8221;2&#8243; _builder_version=&#8221;4.24.2&#8243; _module_preset=&#8221;default&#8221; max_width=&#8221;1260px&#8221; custom_padding=&#8221;||||false|false&#8221; global_colors_info=&#8221;{}&#8221;][et_pb_column type=&#8221;4_4&#8243; _builder_version=&#8221;4.24.2&#8243; _module_preset=&#8221;default&#8221; pac_dcm_carousel_specific_module_num=&#8221;0&#8243; global_colors_info=&#8221;{}&#8221;][et_pb_image src=&#8221;https:\/\/swissworktime.ch\/wp-content\/uploads\/2024\/07\/Planification_heure-1024x590FR.png&#8221; alt=&#8221;Pianificazione delle ore di lavoro        &#8221; show_in_lightbox=&#8221;on&#8221; align=&#8221;center&#8221; _builder_version=&#8221;4.25.2&#8243; _module_preset=&#8221;default&#8221; global_colors_info=&#8221;{}&#8221;][\/et_pb_image][\/et_pb_column][\/et_pb_row][et_pb_row _builder_version=&#8221;4.24.2&#8243; _module_preset=&#8221;default&#8221; global_colors_info=&#8221;{}&#8221;][et_pb_column type=&#8221;4_4&#8243; _builder_version=&#8221;4.24.2&#8243; _module_preset=&#8221;default&#8221; pac_dcm_carousel_specific_module_num=&#8221;0&#8243; global_colors_info=&#8221;{}&#8221;][et_pb_cta title=&#8221;Prova l&apos;applicazione gratuitamente per 1 mese        &#8221; button_url=&#8221;https:\/\/www.swissworktime.pro\/fr\/WebDemo\/WebAccountRequest&#8221; url_new_window=&#8221;on&#8221; button_text=&#8221;Crea un account GRATIS        &#8221; disabled_on=&#8221;off|off|on&#8221; _builder_version=&#8221;4.24.2&#8243; _module_preset=&#8221;default&#8221; width=&#8221;46%&#8221; width_tablet=&#8221;79%&#8221; width_phone=&#8221;100%&#8221; width_last_edited=&#8221;on|phone&#8221; module_alignment=&#8221;center&#8221; global_colors_info=&#8221;{}&#8221;][\/et_pb_cta][\/et_pb_column][\/et_pb_row][et_pb_row _builder_version=&#8221;4.24.2&#8243; _module_preset=&#8221;default&#8221; global_module=&#8221;5192&#8243; saved_tabs=&#8221;all&#8221; global_colors_info=&#8221;{}&#8221;][et_pb_column type=&#8221;4_4&#8243; _builder_version=&#8221;4.24.2&#8243; _module_preset=&#8221;default&#8221; pac_dcm_carousel_specific_module_num=&#8221;0&#8243; global_colors_info=&#8221;{}&#8221;][et_pb_image src=&#8221;https:\/\/swissworktime.ch\/wp-content\/uploads\/2024\/06\/GIF-IT-FRANC.gif&#8221; alt=&#8221;SwissWorkTime 5 Fr. per dipendente al mese e 1 mese gratis per provare l&apos;app        &#8221; url=&#8221;https:\/\/swissworktime.ch\/it\/prezzi\/prova-gratuita\/&#8221; disabled_on=&#8221;on|on|off&#8221; admin_label=&#8221;Image&#8221; _builder_version=&#8221;4.24.2&#8243; _module_preset=&#8221;default&#8221; positioning=&#8221;fixed&#8221; position_origin_f=&#8221;center_right&#8221; horizontal_offset=&#8221;10px&#8221; width=&#8221;10%&#8221; global_colors_info=&#8221;{}&#8221;][\/et_pb_image][\/et_pb_column][\/et_pb_row][et_pb_row _builder_version=&#8221;4.24.2&#8243; _module_preset=&#8221;default&#8221; global_colors_info=&#8221;{}&#8221;][et_pb_column type=&#8221;4_4&#8243; _builder_version=&#8221;4.24.2&#8243; _module_preset=&#8221;default&#8221; pac_dcm_carousel_specific_module_num=&#8221;0&#8243; global_colors_info=&#8221;{}&#8221;][et_pb_text _builder_version=&#8221;4.24.2&#8243; _module_preset=&#8221;default&#8221; global_colors_info=&#8221;{}&#8221;]<button class=\"btnFonct\" onclick=\"history.go(-1)\"> &lt; Indietro<br \/>\n        <\/button>[\/et_pb_text][\/et_pb_column][\/et_pb_row][\/et_pb_section]<\/p>\n","protected":false},"excerpt":{"rendered":"<p>Pianificazione delle ore SwissWorkTime vi aiuta a gestire in modo efficiente l&#8217;orario di lavoro dei vostri dipendenti. Il nostro software consente di visualizzare il numero di ore di lavoro contrattuali per ciascun dipendente in un calendario o in un programma chiaro e intuitivo, sotto la voce \u201core pianificate\u201d. In questo modo \u00e8 possibile confrontare facilmente [&hellip;]<\/p>\n","protected":false},"author":2,"featured_media":0,"parent":252176,"menu_order":0,"comment_status":"closed","ping_status":"closed","template":"","meta":{"_et_pb_use_builder":"on","_et_pb_old_content":"","_et_gb_content_width":"","inline_featured_image":false,"footnotes":""},"class_list":["post-252161","page","type-page","status-publish","hentry"],"yoast_head":"<!-- This site is optimized with the Yoast SEO plugin v27.3 - https:\/\/yoast.com\/product\/yoast-seo-wordpress\/ -->\n<title>Pianificazione - SwissWorkTime<\/title>\n<meta name=\"description\" content=\"SwissWorkTime vi aiuta a gestire in modo efficiente le ore di lavoro dei vostri dipendenti, visualizzando e confrontando le ore pianificate con quelle effettive.\" \/>\n<meta name=\"robots\" content=\"index, follow, max-snippet:-1, max-image-preview:large, max-video-preview:-1\" \/>\n<link rel=\"canonical\" href=\"https:\/\/swissworktime.ch\/it\/funzionalita\/pianificazione\/\" \/>\n<meta property=\"og:locale\" content=\"it_IT\" \/>\n<meta property=\"og:type\" content=\"article\" \/>\n<meta property=\"og:title\" content=\"Pianificazione - SwissWorkTime\" \/>\n<meta property=\"og:description\" content=\"SwissWorkTime vi aiuta a gestire in modo efficiente le ore di lavoro dei vostri dipendenti, visualizzando e confrontando le ore pianificate con quelle effettive.\" \/>\n<meta property=\"og:url\" content=\"https:\/\/swissworktime.ch\/it\/funzionalita\/pianificazione\/\" \/>\n<meta property=\"og:site_name\" content=\"SwissWorkTime\" \/>\n<meta property=\"article:publisher\" content=\"https:\/\/www.facebook.com\/swissworktime\" \/>\n<meta property=\"article:modified_time\" content=\"2024-10-15T13:44:17+00:00\" \/>\n<meta property=\"og:image\" content=\"https:\/\/swissworktime.ch\/wp-content\/uploads\/2022\/11\/logo_swissworktime.png\" \/>\n\t<meta property=\"og:image:width\" content=\"430\" \/>\n\t<meta property=\"og:image:height\" content=\"430\" \/>\n\t<meta property=\"og:image:type\" content=\"image\/png\" \/>\n<meta name=\"twitter:card\" content=\"summary_large_image\" \/>\n<meta name=\"twitter:label1\" content=\"Tempo di lettura stimato\" \/>\n\t<meta name=\"twitter:data1\" content=\"2 minuti\" \/>\n<script type=\"application\/ld+json\" class=\"yoast-schema-graph\">{\"@context\":\"https:\\\/\\\/schema.org\",\"@graph\":[{\"@type\":\"WebPage\",\"@id\":\"https:\\\/\\\/swissworktime.ch\\\/it\\\/funzionalita\\\/pianificazione\\\/\",\"url\":\"https:\\\/\\\/swissworktime.ch\\\/it\\\/funzionalita\\\/pianificazione\\\/\",\"name\":\"Pianificazione - SwissWorkTime\",\"isPartOf\":{\"@id\":\"https:\\\/\\\/swissworktime.ch\\\/it\\\/#website\"},\"datePublished\":\"2024-06-05T08:17:42+00:00\",\"dateModified\":\"2024-10-15T13:44:17+00:00\",\"description\":\"SwissWorkTime vi aiuta a gestire in modo efficiente le ore di lavoro dei vostri dipendenti, visualizzando e confrontando le ore pianificate con quelle effettive.\",\"breadcrumb\":{\"@id\":\"https:\\\/\\\/swissworktime.ch\\\/it\\\/funzionalita\\\/pianificazione\\\/#breadcrumb\"},\"inLanguage\":\"it-IT\",\"potentialAction\":[{\"@type\":\"ReadAction\",\"target\":[\"https:\\\/\\\/swissworktime.ch\\\/it\\\/funzionalita\\\/pianificazione\\\/\"]}]},{\"@type\":\"BreadcrumbList\",\"@id\":\"https:\\\/\\\/swissworktime.ch\\\/it\\\/funzionalita\\\/pianificazione\\\/#breadcrumb\",\"itemListElement\":[{\"@type\":\"ListItem\",\"position\":1,\"name\":\"Accueil\",\"item\":\"https:\\\/\\\/swissworktime.ch\\\/it\\\/\"},{\"@type\":\"ListItem\",\"position\":2,\"name\":\"Caratteristiche\",\"item\":\"https:\\\/\\\/swissworktime.ch\\\/it\\\/funzionalita\\\/\"},{\"@type\":\"ListItem\",\"position\":3,\"name\":\"Pianificazione\"}]},{\"@type\":\"WebSite\",\"@id\":\"https:\\\/\\\/swissworktime.ch\\\/it\\\/#website\",\"url\":\"https:\\\/\\\/swissworktime.ch\\\/it\\\/\",\"name\":\"SwissWorkTime\",\"description\":\"App pour la gestion et la saisie des heures de travail\",\"publisher\":{\"@id\":\"https:\\\/\\\/swissworktime.ch\\\/it\\\/#organization\"},\"potentialAction\":[{\"@type\":\"SearchAction\",\"target\":{\"@type\":\"EntryPoint\",\"urlTemplate\":\"https:\\\/\\\/swissworktime.ch\\\/it\\\/?s={search_term_string}\"},\"query-input\":{\"@type\":\"PropertyValueSpecification\",\"valueRequired\":true,\"valueName\":\"search_term_string\"}}],\"inLanguage\":\"it-IT\"},{\"@type\":\"Organization\",\"@id\":\"https:\\\/\\\/swissworktime.ch\\\/it\\\/#organization\",\"name\":\"SwissWorkTime\",\"url\":\"https:\\\/\\\/swissworktime.ch\\\/it\\\/\",\"logo\":{\"@type\":\"ImageObject\",\"inLanguage\":\"it-IT\",\"@id\":\"https:\\\/\\\/swissworktime.ch\\\/it\\\/#\\\/schema\\\/logo\\\/image\\\/\",\"url\":\"https:\\\/\\\/swissworktime.ch\\\/wp-content\\\/uploads\\\/2021\\\/02\\\/logoSWT_header.png\",\"contentUrl\":\"https:\\\/\\\/swissworktime.ch\\\/wp-content\\\/uploads\\\/2021\\\/02\\\/logoSWT_header.png\",\"width\":1024,\"height\":250,\"caption\":\"SwissWorkTime\"},\"image\":{\"@id\":\"https:\\\/\\\/swissworktime.ch\\\/it\\\/#\\\/schema\\\/logo\\\/image\\\/\"},\"sameAs\":[\"https:\\\/\\\/www.facebook.com\\\/swissworktime\"]}]}<\/script>\n<!-- \/ Yoast SEO plugin. -->","yoast_head_json":{"title":"Pianificazione - SwissWorkTime","description":"SwissWorkTime vi aiuta a gestire in modo efficiente le ore di lavoro dei vostri dipendenti, visualizzando e confrontando le ore pianificate con quelle effettive.","robots":{"index":"index","follow":"follow","max-snippet":"max-snippet:-1","max-image-preview":"max-image-preview:large","max-video-preview":"max-video-preview:-1"},"canonical":"https:\/\/swissworktime.ch\/it\/funzionalita\/pianificazione\/","og_locale":"it_IT","og_type":"article","og_title":"Pianificazione - SwissWorkTime","og_description":"SwissWorkTime vi aiuta a gestire in modo efficiente le ore di lavoro dei vostri dipendenti, visualizzando e confrontando le ore pianificate con quelle effettive.","og_url":"https:\/\/swissworktime.ch\/it\/funzionalita\/pianificazione\/","og_site_name":"SwissWorkTime","article_publisher":"https:\/\/www.facebook.com\/swissworktime","article_modified_time":"2024-10-15T13:44:17+00:00","og_image":[{"width":430,"height":430,"url":"https:\/\/swissworktime.ch\/wp-content\/uploads\/2022\/11\/logo_swissworktime.png","type":"image\/png"}],"twitter_card":"summary_large_image","twitter_misc":{"Tempo di lettura stimato":"2 minuti"},"schema":{"@context":"https:\/\/schema.org","@graph":[{"@type":"WebPage","@id":"https:\/\/swissworktime.ch\/it\/funzionalita\/pianificazione\/","url":"https:\/\/swissworktime.ch\/it\/funzionalita\/pianificazione\/","name":"Pianificazione - SwissWorkTime","isPartOf":{"@id":"https:\/\/swissworktime.ch\/it\/#website"},"datePublished":"2024-06-05T08:17:42+00:00","dateModified":"2024-10-15T13:44:17+00:00","description":"SwissWorkTime vi aiuta a gestire in modo efficiente le ore di lavoro dei vostri dipendenti, visualizzando e confrontando le ore pianificate con quelle effettive.","breadcrumb":{"@id":"https:\/\/swissworktime.ch\/it\/funzionalita\/pianificazione\/#breadcrumb"},"inLanguage":"it-IT","potentialAction":[{"@type":"ReadAction","target":["https:\/\/swissworktime.ch\/it\/funzionalita\/pianificazione\/"]}]},{"@type":"BreadcrumbList","@id":"https:\/\/swissworktime.ch\/it\/funzionalita\/pianificazione\/#breadcrumb","itemListElement":[{"@type":"ListItem","position":1,"name":"Accueil","item":"https:\/\/swissworktime.ch\/it\/"},{"@type":"ListItem","position":2,"name":"Caratteristiche","item":"https:\/\/swissworktime.ch\/it\/funzionalita\/"},{"@type":"ListItem","position":3,"name":"Pianificazione"}]},{"@type":"WebSite","@id":"https:\/\/swissworktime.ch\/it\/#website","url":"https:\/\/swissworktime.ch\/it\/","name":"SwissWorkTime","description":"App pour la gestion et la saisie des heures de travail","publisher":{"@id":"https:\/\/swissworktime.ch\/it\/#organization"},"potentialAction":[{"@type":"SearchAction","target":{"@type":"EntryPoint","urlTemplate":"https:\/\/swissworktime.ch\/it\/?s={search_term_string}"},"query-input":{"@type":"PropertyValueSpecification","valueRequired":true,"valueName":"search_term_string"}}],"inLanguage":"it-IT"},{"@type":"Organization","@id":"https:\/\/swissworktime.ch\/it\/#organization","name":"SwissWorkTime","url":"https:\/\/swissworktime.ch\/it\/","logo":{"@type":"ImageObject","inLanguage":"it-IT","@id":"https:\/\/swissworktime.ch\/it\/#\/schema\/logo\/image\/","url":"https:\/\/swissworktime.ch\/wp-content\/uploads\/2021\/02\/logoSWT_header.png","contentUrl":"https:\/\/swissworktime.ch\/wp-content\/uploads\/2021\/02\/logoSWT_header.png","width":1024,"height":250,"caption":"SwissWorkTime"},"image":{"@id":"https:\/\/swissworktime.ch\/it\/#\/schema\/logo\/image\/"},"sameAs":["https:\/\/www.facebook.com\/swissworktime"]}]}},"_links":{"self":[{"href":"https:\/\/swissworktime.ch\/it\/wp-json\/wp\/v2\/pages\/252161","targetHints":{"allow":["GET"]}}],"collection":[{"href":"https:\/\/swissworktime.ch\/it\/wp-json\/wp\/v2\/pages"}],"about":[{"href":"https:\/\/swissworktime.ch\/it\/wp-json\/wp\/v2\/types\/page"}],"author":[{"embeddable":true,"href":"https:\/\/swissworktime.ch\/it\/wp-json\/wp\/v2\/users\/2"}],"replies":[{"embeddable":true,"href":"https:\/\/swissworktime.ch\/it\/wp-json\/wp\/v2\/comments?post=252161"}],"version-history":[{"count":2,"href":"https:\/\/swissworktime.ch\/it\/wp-json\/wp\/v2\/pages\/252161\/revisions"}],"predecessor-version":[{"id":254027,"href":"https:\/\/swissworktime.ch\/it\/wp-json\/wp\/v2\/pages\/252161\/revisions\/254027"}],"up":[{"embeddable":true,"href":"https:\/\/swissworktime.ch\/it\/wp-json\/wp\/v2\/pages\/252176"}],"wp:attachment":[{"href":"https:\/\/swissworktime.ch\/it\/wp-json\/wp\/v2\/media?parent=252161"}],"curies":[{"name":"wp","href":"https:\/\/api.w.org\/{rel}","templated":true}]}}