{"id":254739,"date":"2025-03-28T06:37:53","date_gmt":"2025-03-28T05:37:53","guid":{"rendered":"https:\/\/swissworktime.ch\/funzionalita\/pianificazione-del-lavoro-progetto\/"},"modified":"2026-02-02T15:41:56","modified_gmt":"2026-02-02T14:41:56","slug":"pianificazione-del-lavoro-progetto","status":"publish","type":"page","link":"https:\/\/swissworktime.ch\/it\/funzionalita\/pianificazione-del-lavoro-progetto\/","title":{"rendered":"Pianificazione del lavoro\/progetto"},"content":{"rendered":"<p>[et_pb_section fb_built=&#8221;1&#8243; _builder_version=&#8221;4.24.2&#8243; _module_preset=&#8221;default&#8221; background_image=&#8221;https:\/\/swissworktime.ch\/wp-content\/uploads\/2024\/05\/7.png&#8221; custom_padding=&#8221;110px||110px||true|false&#8221; global_colors_info=&#8221;{}&#8221;][et_pb_row column_structure=&#8221;2_5,3_5&#8243; _builder_version=&#8221;4.24.2&#8243; _module_preset=&#8221;default&#8221; width=&#8221;95%&#8221; max_width=&#8221;2560px&#8221; global_colors_info=&#8221;{}&#8221;][et_pb_column type=&#8221;2_5&#8243; _builder_version=&#8221;4.24.2&#8243; _module_preset=&#8221;default&#8221; pac_dcm_carousel_specific_module_num=&#8221;0&#8243; global_colors_info=&#8221;{}&#8221;][et_pb_image src=&#8221;https:\/\/swissworktime.ch\/wp-content\/uploads\/2025\/03\/BRUN-CARRE-BLANC_3ldpi-254&#215;300.png&#8221; alt=&#8221;icona del conteggio&#8221; title_text=&#8221;MARRONE QUADRATO BIANCO_3ldpi&#8221; align=&#8221;right&#8221; _builder_version=&#8221;4.27.4&#8243; _module_preset=&#8221;default&#8221; height=&#8221;216px&#8221; global_colors_info=&#8221;{}&#8221;][\/et_pb_image][\/et_pb_column][et_pb_column type=&#8221;3_5&#8243; _builder_version=&#8221;4.24.2&#8243; _module_preset=&#8221;default&#8221; pac_dcm_carousel_specific_module_num=&#8221;0&#8243; global_colors_info=&#8221;{}&#8221;][et_pb_text _builder_version=&#8221;4.27.4&#8243; _module_preset=&#8221;default&#8221; text_font=&#8221;Proza Libre||||||||&#8221; text_text_color=&#8221;#000000&#8243; text_font_size=&#8221;30px&#8221; header_font=&#8221;|700|||||||&#8221; header_text_align=&#8221;center&#8221; header_text_color=&#8221;#000000&#8243; header_font_size=&#8221;40px&#8221; header_2_font=&#8221;Proza Libre|700|||||||&#8221; header_2_text_align=&#8221;center&#8221; header_2_text_color=&#8221;#000000&#8243; header_2_font_size=&#8221;40px&#8221; text_orientation=&#8221;center&#8221; custom_padding=&#8221;15px|||||&#8221; text_line_height_tablet=&#8221;&#8221; text_line_height_phone=&#8221;1.5em&#8221; text_line_height_last_edited=&#8221;on|phone&#8221; header_font_size_tablet=&#8221;36px&#8221; header_font_size_phone=&#8221;32px&#8221; header_font_size_last_edited=&#8221;on|phone&#8221; header_2_font_size_tablet=&#8221;36px&#8221; header_2_font_size_phone=&#8221;32px&#8221; header_2_font_size_last_edited=&#8221;on|phone&#8221; global_colors_info=&#8221;{}&#8221;]<\/p>\n<h1 style=\"text-align: left;\"><span style=\"color: #ffffff;\">Pianificazione del lavoro\/progetto<\/span><\/h1>\n<p>[\/et_pb_text][\/et_pb_column][\/et_pb_row][\/et_pb_section][et_pb_section fb_built=&#8221;1&#8243; _builder_version=&#8221;4.16&#8243; _module_preset=&#8221;default&#8221; global_colors_info=&#8221;{}&#8221;][et_pb_row use_custom_gutter=&#8221;on&#8221; gutter_width=&#8221;2&#8243; _builder_version=&#8221;4.16&#8243; _module_preset=&#8221;default&#8221; max_width=&#8221;1260px&#8221; custom_padding=&#8221;||||false|false&#8221; global_colors_info=&#8221;{}&#8221;][et_pb_column type=&#8221;4_4&#8243; _builder_version=&#8221;4.16&#8243; _module_preset=&#8221;default&#8221; pac_dcm_carousel_specific_module_num=&#8221;0&#8243; global_colors_info=&#8221;{}&#8221;][et_pb_text _builder_version=&#8221;4.27.4&#8243; _module_preset=&#8221;default&#8221; text_text_color=&#8221;#000000&#8243; custom_padding_tablet=&#8221;|15px||15px|false|true&#8221; custom_padding_phone=&#8221;&#8221; custom_padding_last_edited=&#8221;on|desktop&#8221; global_colors_info=&#8221;{}&#8221;]<\/p>\n<p><b>Modulo Pianificazione delle attivit\u00e0: semplificate la vostra organizzazione<\/b><\/p>\n<p>Il modulo di pianificazione delle attivit\u00e0 di SwissWorkTime \u00e8 lo strumento ideale per organizzare il lavoro dei vostri team con precisione e semplicit\u00e0. Centralizzate la gestione dei vostri progetti e interventi grazie a un&#8217;interfaccia visiva e a funzionalit\u00e0 pensate per garantire la massima efficienza.<\/p>\n<p><b>Una gestione della pianificazione intuitiva e flessibile<\/b><\/p>\n<p>Assumete il controllo totale del vostro calendario. Il nostro sistema drag and drop vi consente di creare, modificare e assegnare compiti in pochi semplici passaggi. La pianificazione diventa pi\u00f9 rapida e reattiva.<\/p>\n<p>Personalizzate la visualizzazione per avere una visione chiara della vostra attivit\u00e0. Filtrate la vostra pianificazione in base alle vostre esigenze:<\/p>\n<ul>\n<li><b>Visualizzazione per periodo:<\/b> ottenete una panoramica giornaliera e settimanale.<\/li>\n<li><b>Visualizzazione per dipendente:<\/b> visualizzate il carico di lavoro di ciascun collaboratore.<\/li>\n<li><b>Visualizzazione per progetto:<\/b> seguite lo stato di avanzamento con la pianificazione del cantiere\/progetto.<\/li>\n<\/ul>\n<p>Per una migliore leggibilit\u00e0, assegna colori distinti a ogni cantiere\/progetto e dipendente. \u00c8 possibile scegliere icone per tipo di cantiere\/progetto per identificarli facilmente.<\/p>\n<p><b>Funzionalit\u00e0 per la massima efficienza<\/b><\/p>\n<p>Oltre alla semplice pianificazione, questo modulo integra strumenti pratici per facilitare il coordinamento quotidiano e garantire che i tuoi team dispongano di tutte le informazioni necessarie.<\/p>\n<p>\u00b7 <b>Descrizione<\/b>: integra una descrizione dell&#8217;attivit\u00e0 direttamente nella pianificazione per informare i tuoi dipendenti dei lavori da svolgere.<\/p>\n<p>\u00b7 <b>Allegati di documenti:<\/b> allega file importanti (piani, preventivi, schede tecniche) direttamente a un&#8217;attivit\u00e0. I tuoi collaboratori possono accedervi istantaneamente dal campo sul proprio smartphone.<\/p>\n<p>\u00b7 <b>Gestione delle assenze:<\/b> integrate ferie, malattie e altri permessi direttamente nell&#8217;agenda. In questo modo avrete una visione completa e affidabile della disponibilit\u00e0 del vostro personale.<\/p>\n<p>Con il modulo Pianificazione delle attivit\u00e0, trasformate un&#8217;attivit\u00e0 complessa in un processo fluido e controllato. Aumentate la reattivit\u00e0, migliorate la comunicazione e ottimizzate le risorse della vostra azienda.<\/p>\n<p>[\/et_pb_text][\/et_pb_column][\/et_pb_row][et_pb_row column_structure=&#8221;3_5,2_5&#8243; use_custom_gutter=&#8221;on&#8221; gutter_width=&#8221;2&#8243; _builder_version=&#8221;4.27.4&#8243; _module_preset=&#8221;default&#8221; max_width=&#8221;1260px&#8221; custom_padding=&#8221;||||false|false&#8221; global_colors_info=&#8221;{}&#8221;][et_pb_column type=&#8221;3_5&#8243; _builder_version=&#8221;4.24.2&#8243; _module_preset=&#8221;default&#8221; pac_dcm_carousel_specific_module_num=&#8221;0&#8243; global_colors_info=&#8221;{}&#8221;][et_pb_image src=&#8221;https:\/\/swissworktime.ch\/wp-content\/uploads\/2025\/11\/SWT-Planning-des-activite-15mb.gif&#8221; alt=&#8221;SWT Pianificazione delle attivit\u00e0&#8221; title_text=&#8221;SWT Planning des activit\u00e9 15mb&#8221; align=&#8221;center&#8221; _builder_version=&#8221;4.27.4&#8243; _module_preset=&#8221;default&#8221; global_colors_info=&#8221;{}&#8221;][\/et_pb_image][\/et_pb_column][et_pb_column type=&#8221;2_5&#8243; _builder_version=&#8221;4.24.2&#8243; _module_preset=&#8221;default&#8221; pac_dcm_carousel_specific_module_num=&#8221;0&#8243; global_colors_info=&#8221;{}&#8221;][et_pb_image src=&#8221;https:\/\/swissworktime.ch\/wp-content\/uploads\/2025\/10\/Screenshot_20251015-163521.jpg&#8221; align=&#8221;center&#8221; _builder_version=&#8221;4.27.4&#8243; _module_preset=&#8221;default&#8221; width=&#8221;50%&#8221; width_tablet=&#8221;50%&#8221; width_phone=&#8221;72%&#8221; width_last_edited=&#8221;on|phone&#8221; border_width_all=&#8221;1px&#8221; global_colors_info=&#8221;{}&#8221;][\/et_pb_image][\/et_pb_column][\/et_pb_row][et_pb_row _builder_version=&#8221;4.27.5&#8243; _module_preset=&#8221;default&#8221;][et_pb_column _builder_version=&#8221;4.27.5&#8243; _module_preset=&#8221;default&#8221; type=&#8221;4_4&#8243;][et_pb_video src=&#8221;https:\/\/youtu.be\/TmKWbzE0Ozk&#8221; _builder_version=&#8221;4.27.5&#8243; _module_preset=&#8221;default&#8221; hover_enabled=&#8221;0&#8243; sticky_enabled=&#8221;0&#8243;][\/et_pb_video][\/et_pb_column][\/et_pb_row][et_pb_row _builder_version=&#8221;4.24.2&#8243; _module_preset=&#8221;default&#8221; global_colors_info=&#8221;{}&#8221;][et_pb_column type=&#8221;4_4&#8243; _builder_version=&#8221;4.24.2&#8243; _module_preset=&#8221;default&#8221; pac_dcm_carousel_specific_module_num=&#8221;0&#8243; global_colors_info=&#8221;{}&#8221;][et_pb_cta title=&#8221;Prova l&apos;applicazione gratuitamente per 1 mese&#8221; button_url=&#8221;https:\/\/www.swissworktime.pro\/it\/WebDemo\/WebAccountRequest&#8221; url_new_window=&#8221;on&#8221; button_text=&#8221;Crea un account GRATUITO&#8221; disabled_on=&#8221;off|off|on&#8221; _builder_version=&#8221;4.24.2&#8243; _module_preset=&#8221;default&#8221; width=&#8221;46%&#8221; width_tablet=&#8221;79%&#8221; width_phone=&#8221;100%&#8221; width_last_edited=&#8221;on|phone&#8221; module_alignment=&#8221;center&#8221; global_colors_info=&#8221;{}&#8221;][\/et_pb_cta][\/et_pb_column][\/et_pb_row][et_pb_row _builder_version=&#8221;4.24.2&#8243; _module_preset=&#8221;default&#8221; custom_padding=&#8221;0px||0px||false|false&#8221; global_module=&#8221;5192&#8243; saved_tabs=&#8221;all&#8221; global_colors_info=&#8221;{}&#8221;][et_pb_column type=&#8221;4_4&#8243; _builder_version=&#8221;4.24.2&#8243; _module_preset=&#8221;default&#8221; pac_dcm_carousel_specific_module_num=&#8221;0&#8243; global_colors_info=&#8221;{}&#8221;][et_pb_image src=&#8221;https:\/\/swissworktime.ch\/wp-content\/uploads\/2024\/06\/GIF-IT-FRANC.gif&#8221; alt=&#8221;SwissWorkTime 5 Fr. per dipendente al mese e 1 mese gratis per provare l&apos;app        &#8221; url=&#8221;https:\/\/swissworktime.ch\/it\/prezzi\/prova-gratuita\/&#8221; disabled_on=&#8221;on|on|off&#8221; admin_label=&#8221;Image&#8221; _builder_version=&#8221;4.24.2&#8243; _module_preset=&#8221;default&#8221; positioning=&#8221;fixed&#8221; position_origin_f=&#8221;center_right&#8221; horizontal_offset=&#8221;10px&#8221; width=&#8221;10%&#8221; global_colors_info=&#8221;{}&#8221;][\/et_pb_image][\/et_pb_column][\/et_pb_row][et_pb_row _builder_version=&#8221;4.24.2&#8243; _module_preset=&#8221;default&#8221; global_colors_info=&#8221;{}&#8221;][et_pb_column type=&#8221;4_4&#8243; _builder_version=&#8221;4.24.2&#8243; _module_preset=&#8221;default&#8221; pac_dcm_carousel_specific_module_num=&#8221;0&#8243; global_colors_info=&#8221;{}&#8221;][et_pb_code _builder_version=&#8221;4.27.4&#8243; _module_preset=&#8221;default&#8221; global_colors_info=&#8221;{}&#8221;]<button class=\"btnFonct\" onclick=\"history.go(-1)\"> < Indietro<\/button>[\/et_pb_code][\/et_pb_column][\/et_pb_row][\/et_pb_section]<\/p>\n","protected":false},"excerpt":{"rendered":"<p>Pianificazione del lavoro\/progettoModulo Pianificazione delle attivit\u00e0: semplificate la vostra organizzazione Il modulo di pianificazione delle attivit\u00e0 di SwissWorkTime \u00e8 lo strumento ideale per organizzare il lavoro dei vostri team con precisione e semplicit\u00e0. Centralizzate la gestione dei vostri progetti e interventi grazie a un&#8217;interfaccia visiva e a funzionalit\u00e0 pensate per garantire la massima efficienza. Una [&hellip;]<\/p>\n","protected":false},"author":2,"featured_media":0,"parent":252176,"menu_order":0,"comment_status":"closed","ping_status":"closed","template":"","meta":{"_et_pb_use_builder":"on","_et_pb_old_content":"","_et_gb_content_width":"","inline_featured_image":false,"footnotes":""},"class_list":["post-254739","page","type-page","status-publish","hentry"],"yoast_head":"<!-- This site is optimized with the Yoast SEO plugin v27.3 - https:\/\/yoast.com\/product\/yoast-seo-wordpress\/ -->\n<title>Pianificazione del lavoro\/progetto - SwissWorkTime<\/title>\n<meta name=\"description\" content=\"SwissWorkTime incorpora anche funzionalit\u00e0 avanzate per la pianificazione di lavori e progetti.\" \/>\n<meta name=\"robots\" content=\"index, follow, max-snippet:-1, max-image-preview:large, max-video-preview:-1\" \/>\n<link rel=\"canonical\" href=\"https:\/\/swissworktime.ch\/it\/funzionalita\/pianificazione-del-lavoro-progetto\/\" \/>\n<meta property=\"og:locale\" content=\"it_IT\" \/>\n<meta property=\"og:type\" content=\"article\" \/>\n<meta property=\"og:title\" content=\"Pianificazione del lavoro\/progetto - SwissWorkTime\" \/>\n<meta property=\"og:description\" content=\"SwissWorkTime incorpora anche funzionalit\u00e0 avanzate per la pianificazione di lavori e progetti.\" \/>\n<meta property=\"og:url\" content=\"https:\/\/swissworktime.ch\/it\/funzionalita\/pianificazione-del-lavoro-progetto\/\" \/>\n<meta property=\"og:site_name\" content=\"SwissWorkTime\" \/>\n<meta property=\"article:publisher\" content=\"https:\/\/www.facebook.com\/swissworktime\" \/>\n<meta property=\"article:modified_time\" content=\"2026-02-02T14:41:56+00:00\" \/>\n<meta property=\"og:image\" content=\"https:\/\/swissworktime.ch\/wp-content\/uploads\/2022\/11\/logo_swissworktime.png\" \/>\n\t<meta property=\"og:image:width\" content=\"430\" \/>\n\t<meta property=\"og:image:height\" content=\"430\" \/>\n\t<meta property=\"og:image:type\" content=\"image\/png\" \/>\n<meta name=\"twitter:card\" content=\"summary_large_image\" \/>\n<meta name=\"twitter:label1\" content=\"Tempo di lettura stimato\" \/>\n\t<meta name=\"twitter:data1\" content=\"3 minuti\" \/>\n<script type=\"application\/ld+json\" class=\"yoast-schema-graph\">{\"@context\":\"https:\\\/\\\/schema.org\",\"@graph\":[{\"@type\":\"WebPage\",\"@id\":\"https:\\\/\\\/swissworktime.ch\\\/it\\\/funzionalita\\\/pianificazione-del-lavoro-progetto\\\/\",\"url\":\"https:\\\/\\\/swissworktime.ch\\\/it\\\/funzionalita\\\/pianificazione-del-lavoro-progetto\\\/\",\"name\":\"Pianificazione del lavoro\\\/progetto - SwissWorkTime\",\"isPartOf\":{\"@id\":\"https:\\\/\\\/swissworktime.ch\\\/it\\\/#website\"},\"datePublished\":\"2025-03-28T05:37:53+00:00\",\"dateModified\":\"2026-02-02T14:41:56+00:00\",\"description\":\"SwissWorkTime incorpora anche funzionalit\u00e0 avanzate per la pianificazione di lavori e progetti.\",\"breadcrumb\":{\"@id\":\"https:\\\/\\\/swissworktime.ch\\\/it\\\/funzionalita\\\/pianificazione-del-lavoro-progetto\\\/#breadcrumb\"},\"inLanguage\":\"it-IT\",\"potentialAction\":[{\"@type\":\"ReadAction\",\"target\":[\"https:\\\/\\\/swissworktime.ch\\\/it\\\/funzionalita\\\/pianificazione-del-lavoro-progetto\\\/\"]}]},{\"@type\":\"BreadcrumbList\",\"@id\":\"https:\\\/\\\/swissworktime.ch\\\/it\\\/funzionalita\\\/pianificazione-del-lavoro-progetto\\\/#breadcrumb\",\"itemListElement\":[{\"@type\":\"ListItem\",\"position\":1,\"name\":\"Accueil\",\"item\":\"https:\\\/\\\/swissworktime.ch\\\/it\\\/\"},{\"@type\":\"ListItem\",\"position\":2,\"name\":\"Caratteristiche\",\"item\":\"https:\\\/\\\/swissworktime.ch\\\/it\\\/funzionalita\\\/\"},{\"@type\":\"ListItem\",\"position\":3,\"name\":\"Pianificazione del lavoro\\\/progetto\"}]},{\"@type\":\"WebSite\",\"@id\":\"https:\\\/\\\/swissworktime.ch\\\/it\\\/#website\",\"url\":\"https:\\\/\\\/swissworktime.ch\\\/it\\\/\",\"name\":\"SwissWorkTime\",\"description\":\"App pour la gestion et la saisie des heures de travail\",\"publisher\":{\"@id\":\"https:\\\/\\\/swissworktime.ch\\\/it\\\/#organization\"},\"potentialAction\":[{\"@type\":\"SearchAction\",\"target\":{\"@type\":\"EntryPoint\",\"urlTemplate\":\"https:\\\/\\\/swissworktime.ch\\\/it\\\/?s={search_term_string}\"},\"query-input\":{\"@type\":\"PropertyValueSpecification\",\"valueRequired\":true,\"valueName\":\"search_term_string\"}}],\"inLanguage\":\"it-IT\"},{\"@type\":\"Organization\",\"@id\":\"https:\\\/\\\/swissworktime.ch\\\/it\\\/#organization\",\"name\":\"SwissWorkTime\",\"url\":\"https:\\\/\\\/swissworktime.ch\\\/it\\\/\",\"logo\":{\"@type\":\"ImageObject\",\"inLanguage\":\"it-IT\",\"@id\":\"https:\\\/\\\/swissworktime.ch\\\/it\\\/#\\\/schema\\\/logo\\\/image\\\/\",\"url\":\"https:\\\/\\\/swissworktime.ch\\\/wp-content\\\/uploads\\\/2021\\\/02\\\/logoSWT_header.png\",\"contentUrl\":\"https:\\\/\\\/swissworktime.ch\\\/wp-content\\\/uploads\\\/2021\\\/02\\\/logoSWT_header.png\",\"width\":1024,\"height\":250,\"caption\":\"SwissWorkTime\"},\"image\":{\"@id\":\"https:\\\/\\\/swissworktime.ch\\\/it\\\/#\\\/schema\\\/logo\\\/image\\\/\"},\"sameAs\":[\"https:\\\/\\\/www.facebook.com\\\/swissworktime\"]}]}<\/script>\n<!-- \/ Yoast SEO plugin. -->","yoast_head_json":{"title":"Pianificazione del lavoro\/progetto - SwissWorkTime","description":"SwissWorkTime incorpora anche funzionalit\u00e0 avanzate per la pianificazione di lavori e progetti.","robots":{"index":"index","follow":"follow","max-snippet":"max-snippet:-1","max-image-preview":"max-image-preview:large","max-video-preview":"max-video-preview:-1"},"canonical":"https:\/\/swissworktime.ch\/it\/funzionalita\/pianificazione-del-lavoro-progetto\/","og_locale":"it_IT","og_type":"article","og_title":"Pianificazione del lavoro\/progetto - SwissWorkTime","og_description":"SwissWorkTime incorpora anche funzionalit\u00e0 avanzate per la pianificazione di lavori e progetti.","og_url":"https:\/\/swissworktime.ch\/it\/funzionalita\/pianificazione-del-lavoro-progetto\/","og_site_name":"SwissWorkTime","article_publisher":"https:\/\/www.facebook.com\/swissworktime","article_modified_time":"2026-02-02T14:41:56+00:00","og_image":[{"width":430,"height":430,"url":"https:\/\/swissworktime.ch\/wp-content\/uploads\/2022\/11\/logo_swissworktime.png","type":"image\/png"}],"twitter_card":"summary_large_image","twitter_misc":{"Tempo di lettura stimato":"3 minuti"},"schema":{"@context":"https:\/\/schema.org","@graph":[{"@type":"WebPage","@id":"https:\/\/swissworktime.ch\/it\/funzionalita\/pianificazione-del-lavoro-progetto\/","url":"https:\/\/swissworktime.ch\/it\/funzionalita\/pianificazione-del-lavoro-progetto\/","name":"Pianificazione del lavoro\/progetto - SwissWorkTime","isPartOf":{"@id":"https:\/\/swissworktime.ch\/it\/#website"},"datePublished":"2025-03-28T05:37:53+00:00","dateModified":"2026-02-02T14:41:56+00:00","description":"SwissWorkTime incorpora anche funzionalit\u00e0 avanzate per la pianificazione di lavori e progetti.","breadcrumb":{"@id":"https:\/\/swissworktime.ch\/it\/funzionalita\/pianificazione-del-lavoro-progetto\/#breadcrumb"},"inLanguage":"it-IT","potentialAction":[{"@type":"ReadAction","target":["https:\/\/swissworktime.ch\/it\/funzionalita\/pianificazione-del-lavoro-progetto\/"]}]},{"@type":"BreadcrumbList","@id":"https:\/\/swissworktime.ch\/it\/funzionalita\/pianificazione-del-lavoro-progetto\/#breadcrumb","itemListElement":[{"@type":"ListItem","position":1,"name":"Accueil","item":"https:\/\/swissworktime.ch\/it\/"},{"@type":"ListItem","position":2,"name":"Caratteristiche","item":"https:\/\/swissworktime.ch\/it\/funzionalita\/"},{"@type":"ListItem","position":3,"name":"Pianificazione del lavoro\/progetto"}]},{"@type":"WebSite","@id":"https:\/\/swissworktime.ch\/it\/#website","url":"https:\/\/swissworktime.ch\/it\/","name":"SwissWorkTime","description":"App pour la gestion et la saisie des heures de travail","publisher":{"@id":"https:\/\/swissworktime.ch\/it\/#organization"},"potentialAction":[{"@type":"SearchAction","target":{"@type":"EntryPoint","urlTemplate":"https:\/\/swissworktime.ch\/it\/?s={search_term_string}"},"query-input":{"@type":"PropertyValueSpecification","valueRequired":true,"valueName":"search_term_string"}}],"inLanguage":"it-IT"},{"@type":"Organization","@id":"https:\/\/swissworktime.ch\/it\/#organization","name":"SwissWorkTime","url":"https:\/\/swissworktime.ch\/it\/","logo":{"@type":"ImageObject","inLanguage":"it-IT","@id":"https:\/\/swissworktime.ch\/it\/#\/schema\/logo\/image\/","url":"https:\/\/swissworktime.ch\/wp-content\/uploads\/2021\/02\/logoSWT_header.png","contentUrl":"https:\/\/swissworktime.ch\/wp-content\/uploads\/2021\/02\/logoSWT_header.png","width":1024,"height":250,"caption":"SwissWorkTime"},"image":{"@id":"https:\/\/swissworktime.ch\/it\/#\/schema\/logo\/image\/"},"sameAs":["https:\/\/www.facebook.com\/swissworktime"]}]}},"_links":{"self":[{"href":"https:\/\/swissworktime.ch\/it\/wp-json\/wp\/v2\/pages\/254739","targetHints":{"allow":["GET"]}}],"collection":[{"href":"https:\/\/swissworktime.ch\/it\/wp-json\/wp\/v2\/pages"}],"about":[{"href":"https:\/\/swissworktime.ch\/it\/wp-json\/wp\/v2\/types\/page"}],"author":[{"embeddable":true,"href":"https:\/\/swissworktime.ch\/it\/wp-json\/wp\/v2\/users\/2"}],"replies":[{"embeddable":true,"href":"https:\/\/swissworktime.ch\/it\/wp-json\/wp\/v2\/comments?post=254739"}],"version-history":[{"count":9,"href":"https:\/\/swissworktime.ch\/it\/wp-json\/wp\/v2\/pages\/254739\/revisions"}],"predecessor-version":[{"id":257117,"href":"https:\/\/swissworktime.ch\/it\/wp-json\/wp\/v2\/pages\/254739\/revisions\/257117"}],"up":[{"embeddable":true,"href":"https:\/\/swissworktime.ch\/it\/wp-json\/wp\/v2\/pages\/252176"}],"wp:attachment":[{"href":"https:\/\/swissworktime.ch\/it\/wp-json\/wp\/v2\/media?parent=254739"}],"curies":[{"name":"wp","href":"https:\/\/api.w.org\/{rel}","templated":true}]}}